{"id":106121,"date":"2024-02-14T15:50:04","date_gmt":"2024-02-14T14:50:04","guid":{"rendered":"https:\/\/www.koper.si\/comune\/piano-territoriale-comunale-del-comune-citta-di-capodistria\/stalisca-do-pripomb\/"},"modified":"2024-06-05T15:24:36","modified_gmt":"2024-06-05T13:24:36","slug":"posizioni-in-merito-alle-osservazioni","status":"publish","type":"page","link":"https:\/\/www.koper.si\/it\/comune\/piano-territoriale-comunale-del-comune-citta-di-capodistria\/posizioni-in-merito-alle-osservazioni\/","title":{"rendered":"Posizioni in merito alle osservazioni"},"content":{"rendered":"<p>Posizioni in merito alle osservazioni e proposte pervenute durante il primo deposito della bozza integrata del PRC tra il 14 febbraio 2022 e il 30 aprile 2022, e altri materiali:<\/p>\n<ul>\n<li><a href=\"https:\/\/www.koper.si\/wp-content\/uploads\/2024\/02\/00_Sklep-o-sprejetju-stalisc-do-pripomb-OPN-MOK-1.pdf\" target=\"_blank\" rel=\"noopener\">Sklep o sprejetju stali\u0161\u010d do pripomb OPN MOK<\/a><\/li>\n<li><a href=\"https:\/\/www.koper.si\/wp-content\/uploads\/2024\/02\/01_Uvodna-pojasnila.pdf\" target=\"_blank\" rel=\"noopener\">Uvodna pojasnila<\/a><\/li>\n<li><a href=\"https:\/\/www.koper.si\/wp-content\/uploads\/2024\/02\/02_Skupni-odgovori-na-vsebinske-sklope-pripomb.pdf\" target=\"_blank\" rel=\"noopener\">Skupni odgovori na vsebinske sklope pripomb<\/a><\/li>\n<li><a href=\"https:\/\/www.koper.si\/wp-content\/uploads\/2024\/02\/03_Stalisca-do-pripomb-na-dop-osnutek-OPN-MOK.pdf\" target=\"_blank\" rel=\"noopener\">Stali\u0161\u010da do pripomb na dop osnutek OPN MOK<\/a><\/li>\n<\/ul>\n","protected":false},"excerpt":{"rendered":"<p>Posizioni in merito alle osservazioni e proposte pervenute durante il primo deposito della bozza integrata del PRC tra il 14 febbraio 2022 e il 30 aprile 2022, e altri materiali: Sklep o sprejetju stali\u0161\u010d do pripomb OPN MOK Uvodna pojasnila Skupni odgovori na vsebinske sklope pripomb Stali\u0161\u010da do pripomb na dop osnutek OPN MOK<\/p>\n","protected":false},"author":22,"featured_media":0,"parent":80710,"menu_order":196,"comment_status":"closed","ping_status":"closed","template":"","meta":{"_acf_changed":false,"inline_featured_image":false,"footnotes":""},"class_list":["post-106121","page","type-page","status-publish","hentry"],"acf":[],"_links":{"self":[{"href":"https:\/\/www.koper.si\/it\/wp-json\/wp\/v2\/pages\/106121","targetHints":{"allow":["GET"]}}],"collection":[{"href":"https:\/\/www.koper.si\/it\/wp-json\/wp\/v2\/pages"}],"about":[{"href":"https:\/\/www.koper.si\/it\/wp-json\/wp\/v2\/types\/page"}],"author":[{"embeddable":true,"href":"https:\/\/www.koper.si\/it\/wp-json\/wp\/v2\/users\/22"}],"replies":[{"embeddable":true,"href":"https:\/\/www.koper.si\/it\/wp-json\/wp\/v2\/comments?post=106121"}],"version-history":[{"count":3,"href":"https:\/\/www.koper.si\/it\/wp-json\/wp\/v2\/pages\/106121\/revisions"}],"predecessor-version":[{"id":106125,"href":"https:\/\/www.koper.si\/it\/wp-json\/wp\/v2\/pages\/106121\/revisions\/106125"}],"up":[{"embeddable":true,"href":"https:\/\/www.koper.si\/it\/wp-json\/wp\/v2\/pages\/80710"}],"wp:attachment":[{"href":"https:\/\/www.koper.si\/it\/wp-json\/wp\/v2\/media?parent=106121"}],"curies":[{"name":"wp","href":"https:\/\/api.w.org\/{rel}","templated":true}]}}