{"id":20285,"date":"2019-07-25T15:08:46","date_gmt":"2019-07-25T13:08:46","guid":{"rendered":"https:\/\/www.koper.si\/?page_id=20285"},"modified":"2026-04-08T07:44:47","modified_gmt":"2026-04-08T05:44:47","slug":"consiglio-comunale","status":"publish","type":"page","link":"https:\/\/www.koper.si\/it\/comune\/consiglio-comunale\/","title":{"rendered":"Consiglio comunale"},"content":{"rendered":"<p>Il Consiglio comunale \u00e8 il massimo organo decisionale in tutti gli affari relativi ai diritti e agli obblighi del comune.<\/p>\n<p>Sono competenze del Consiglio comunale:<\/p>\n<ul>\n<li>approvare lo statuto del comune;<\/li>\n<li>approvare decreti ed altri atti comunali;<\/li>\n<li>approvare piani territoriali e altri piani di sviluppo del comune;<\/li>\n<li>approvare il bilancio comunale e il conto consuntivo;<\/li>\n<li>approvare i programmi di sviluppo e attivit\u00e0 in singoli settori in conformit\u00e0 alla legge e ai decreti;<\/li>\n<li>motivare i decreti e gli altri atti generali, approvati dal Consiglio comunale;<\/li>\n<li>approvare il regolamento di procedura per la propria attivit\u00e0;<\/li>\n<li>approvare il piano annuale di gestione del patrimonio reale e il programma di gestione degli investimenti capitali;<\/li>\n<li>deliberare in merito all&#8217;acquisizione del credito comunale e in merito alla concessione di fideiussioni;<\/li>\n<li>istituire aziende pubbliche ed altre, enti pubblici di rilevanza economica e altri, altri servizi e fondi;<\/li>\n<li>determinare contributi locali e altre imposte in conformit\u00e0 alla legge;<\/li>\n<li>deliberare il merito a questioni, per legge demandate al comune dalla competenza statale, se la legge non determina che deliberi in merito a dette questioni un altro organo;<\/li>\n<li>indire referendum;<\/li>\n<li>propone la convoca di assemblee di cittadini;<\/li>\n<li>approva l&#8217;atto relativo agli stipendi e alle remunerazioni per carica ovv. i gettoni di presenza e gli indennizzi dei funzionari, membri di organi di lavoro del Consiglio comunale e del sindaco, nonch\u00e9 di altri organi del comune, determina i criteri per i gettoni di presenza dei membri dei Consigli delle Comunit\u00e0 locali e, se non prescritto in altro modo dalle legge o da altra disposizione, determina anche i criteri per la determinazione degli stipendi dei rappresentanti del fondatore dell&#8217;azienda pubblica;<\/li>\n<li>in casi determinati dalla legge, determina il membro del Consiglio comunale che svolger\u00e0 provvisoriamente la funzione del sindaco, sin caso di cessazione anticipata del mandato del sindaco;<\/li>\n<li>nomina e destituisce i membri del Comitato di controllo;<\/li>\n<li>nomina e destituisce il presidente, il sostituto del presidente e i membri delle commissioni elettorali comunali e i loro sostituti;<\/li>\n<li>nomina e destituisce il presidente, il suo sostituto e i membri degli organi di lavoro del Consiglio comunale permanenti e temporanei;<\/li>\n<li>nomina e destituisce i membri del consiglio per la tutela degli utenti dei beni pubblici;<\/li>\n<li>convalida i provvedimenti temporanei obbligatori del sindaco;<\/li>\n<li>determina l&#8217;organizzazione e gli ambiti di lavoro dell&#8217;amministrazione comunale;<\/li>\n<li>controlla l&#8217;operato del sindaco, dei vicesindaci e dell&#8217;amministrazione comunale in merito all&#8217;attuazione delle decisioni del Consiglio comunale;<\/li>\n<li>delibera in merito ad altre questioni stabilite dalla legge e dal presente statuto.<\/li>\n<\/ul>\n<p>L&#8217;attivit\u00e0 e lo status del Consiglio comunale sono determinati dalla \u00a0<a href=\"http:\/\/pisrs.si\/Pis.web\/pregledPredpisa?id=ZAKO307\" target=\"_blank\" rel=\"noopener noreferrer\">Legge sulle autonomie locali<\/a> e dallo <a href=\"https:\/\/www.koper.si\/wp-content\/uploads\/2019\/08\/STATUT-MOK-NPB-2018.pdf\" target=\"_blank\" rel=\"noopener noreferrer\">Statuto del Comune citt\u00e0 di Capodistria<\/a>.<\/p>\n<header class=\"entry-header \">\n<h2><\/h2>\n<h2 class=\"entry-title\">Composizione del consiglio comunale<\/h2>\n<\/header>\n<h5>Koper je na\u0161<\/h5>\n<ul>\n<li>Boris Popovi\u010d<\/li>\n<li>Anja Pe\u010di\u010d<\/li>\n<li>Ermin Huremovi\u0107<\/li>\n<li>Nevenka Stani\u0107 Ristovi\u0107<\/li>\n<li>Sani Kamen\u010di\u0107<\/li>\n<li>Anna Poropat<\/li>\n<li>Dra\u017een Vidakovi\u0107<\/li>\n<li>Stefanija Raj\u010di\u0107 Sedlarevi\u0107<\/li>\n<li>Nik Kramar<\/li>\n<li>Lana Udoni<\/li>\n<li>Zoran Pavi\u0107<\/li>\n<\/ul>\n<h5>LAB \u2013 Lista Ale\u0161a Br\u017eana<\/h5>\n<ul>\n<li>Mirjam Lemut<\/li>\n<li>Janez Starman<\/li>\n<li>Du\u0161ko Mad\u017earovi\u0107<\/li>\n<li>Gabrijela Kukovec Pribac<\/li>\n<li>Romeo Pal\u010di\u010d<\/li>\n<li>Astrid Del Ben<\/li>\n<li>Vlado Krivec<\/li>\n<li>Lise Okoren<\/li>\n<\/ul>\n<h5>Gibanje Svoboda<\/h5>\n<ul>\n<li>Matja\u017e \u010cok<\/li>\n<li>Mateja Hrvatin Kozlovi\u010d<\/li>\n<li>Matej Kralj<\/li>\n<li>Vesna Rebec<\/li>\n<li>Jan Mu\u017eeni\u010d<\/li>\n<li>Mojca Ka\u010dinari<\/li>\n<\/ul>\n<h5>Levica<\/h5>\n<ul>\n<li>Alan Medve\u0161<\/li>\n<\/ul>\n<h5>Oljka<\/h5>\n<ul>\n<li>Patrik Pero\u0161a<\/li>\n<\/ul>\n<h5>SDS \u2013 Slovenska demokratska stranka<\/h5>\n<ul>\n<li>Jure Colja<\/li>\n<\/ul>\n<h5>SD \u2013 Socialni demokrati<\/h5>\n<ul>\n<li>Jasna Softi\u0107<\/li>\n<li>Jadranka \u0160turm Kocjan<\/li>\n<\/ul>\n<h5>Membri del Consiglio comunale del CCC \u2013 rappresentanti della Comunit\u00e0 Nazionale Italiana<\/h5>\n<ul>\n<li>Alberto Scheriani<\/li>\n<li>Roberta Vincoletto<\/li>\n<li>Mario Steff\u00e9<\/li>\n<\/ul>\n","protected":false},"excerpt":{"rendered":"<p>Il Consiglio comunale \u00e8 il massimo organo decisionale in tutti gli affari relativi ai diritti e agli obblighi del comune. Sono competenze del Consiglio comunale: approvare lo statuto del comune; approvare decreti ed altri atti comunali; approvare piani territoriali e altri piani di sviluppo del comune; approvare il bilancio comunale e il conto consuntivo; approvare<\/p>\n","protected":false},"author":2,"featured_media":0,"parent":72108,"menu_order":99,"comment_status":"closed","ping_status":"closed","template":"","meta":{"_acf_changed":false,"inline_featured_image":false,"footnotes":""},"class_list":["post-20285","page","type-page","status-publish","hentry"],"acf":[],"_links":{"self":[{"href":"https:\/\/www.koper.si\/it\/wp-json\/wp\/v2\/pages\/20285","targetHints":{"allow":["GET"]}}],"collection":[{"href":"https:\/\/www.koper.si\/it\/wp-json\/wp\/v2\/pages"}],"about":[{"href":"https:\/\/www.koper.si\/it\/wp-json\/wp\/v2\/types\/page"}],"author":[{"embeddable":true,"href":"https:\/\/www.koper.si\/it\/wp-json\/wp\/v2\/users\/2"}],"replies":[{"embeddable":true,"href":"https:\/\/www.koper.si\/it\/wp-json\/wp\/v2\/comments?post=20285"}],"version-history":[{"count":11,"href":"https:\/\/www.koper.si\/it\/wp-json\/wp\/v2\/pages\/20285\/revisions"}],"predecessor-version":[{"id":114948,"href":"https:\/\/www.koper.si\/it\/wp-json\/wp\/v2\/pages\/20285\/revisions\/114948"}],"up":[{"embeddable":true,"href":"https:\/\/www.koper.si\/it\/wp-json\/wp\/v2\/pages\/72108"}],"wp:attachment":[{"href":"https:\/\/www.koper.si\/it\/wp-json\/wp\/v2\/media?parent=20285"}],"curies":[{"name":"wp","href":"https:\/\/api.w.org\/{rel}","templated":true}]}}