{"id":72126,"date":"2019-07-25T11:43:53","date_gmt":"2019-07-25T09:43:53","guid":{"rendered":"https:\/\/www.koper.si\/comune\/amministrazione-comunale\/urad-za-druzbene-dejavnosti\/"},"modified":"2021-08-31T15:24:38","modified_gmt":"2021-08-31T13:24:38","slug":"ufficio-affari-sociali","status":"publish","type":"page","link":"https:\/\/www.koper.si\/it\/comune\/amministrazione-comunale\/ufficio-affari-sociali\/","title":{"rendered":"Ufficio affari sociali"},"content":{"rendered":"<p>Prepara e attua i mandati e i programmi nel settore dell\u2019istruzione prescolare, dell\u2019educazione primaria e musicale, dell\u2019educazione di bambini e adolescenti con bisogni speciali, dell\u2019istruzione degli adulti e della prevenzione delle dipendenze; favorisce, assicura e organizza attivit\u00e0 e programmi di assistenza sociale e sanitaria, pianifica e si occupa dei programmi di politica occupazionale attiva, cura lo sviluppo della cultura, della promozione del patrimonio culturale, del funzionamento degli enti pubblici impegnati in attivit\u00e0 culturali e cura gli immobili di importanza culturale di propriet\u00e0 del comune nonch\u00e9 degli spazi in cui si svolgono attivit\u00e0 culturali; prepara e attua la politica giovanile del comune, attua i programmi per i giovani e fornisce gli spazi in cui i giovani possono perseguire i propri interessi, attua programmi sportivi, assicura il funzionamento della rete pubblica di impianti sportivi e gestisce le infrastrutture sportive pubbliche di propriet\u00e0 del comune, crea le condizioni e le basi per il finanziamento e il funzionamento delle associazioni, dei gruppi e dei singoli che attuano programmi nel campo delle attivit\u00e0 sociali nonch\u00e9 svolge ulteriori compiti relativi al proprio ambito lavorativo.<\/p>\n","protected":false},"excerpt":{"rendered":"<p>L\u2019Ufficio per gli affari sociali svolge mansioni professionali, amministrative, organizzative e affini in materia di educazione e istruzione, assistenza all\u2019infanzia, assistenza sanitaria e sociale, cultura, politiche giovanili, sport, attivit\u00e0 di ricerca e altre attivit\u00e0 sociali.<\/p>\n","protected":false},"author":2,"featured_media":0,"parent":20289,"menu_order":47,"comment_status":"closed","ping_status":"closed","template":"page-templates\/office.php","meta":{"_acf_changed":false,"inline_featured_image":false,"footnotes":""},"class_list":["post-72126","page","type-page","status-publish","hentry"],"acf":[],"_links":{"self":[{"href":"https:\/\/www.koper.si\/it\/wp-json\/wp\/v2\/pages\/72126","targetHints":{"allow":["GET"]}}],"collection":[{"href":"https:\/\/www.koper.si\/it\/wp-json\/wp\/v2\/pages"}],"about":[{"href":"https:\/\/www.koper.si\/it\/wp-json\/wp\/v2\/types\/page"}],"author":[{"embeddable":true,"href":"https:\/\/www.koper.si\/it\/wp-json\/wp\/v2\/users\/2"}],"replies":[{"embeddable":true,"href":"https:\/\/www.koper.si\/it\/wp-json\/wp\/v2\/comments?post=72126"}],"version-history":[{"count":22,"href":"https:\/\/www.koper.si\/it\/wp-json\/wp\/v2\/pages\/72126\/revisions"}],"predecessor-version":[{"id":88222,"href":"https:\/\/www.koper.si\/it\/wp-json\/wp\/v2\/pages\/72126\/revisions\/88222"}],"up":[{"embeddable":true,"href":"https:\/\/www.koper.si\/it\/wp-json\/wp\/v2\/pages\/20289"}],"wp:attachment":[{"href":"https:\/\/www.koper.si\/it\/wp-json\/wp\/v2\/media?parent=72126"}],"curies":[{"name":"wp","href":"https:\/\/api.w.org\/{rel}","templated":true}]}}