{"id":76043,"date":"2020-06-22T14:38:51","date_gmt":"2020-06-22T12:38:51","guid":{"rendered":"https:\/\/www.koper.si\/comune\/amministrazione-comunale\/ufficio-affari-sociali\/sport\/"},"modified":"2020-09-11T10:36:03","modified_gmt":"2020-09-11T08:36:03","slug":"sport","status":"publish","type":"page","link":"https:\/\/www.koper.si\/it\/comune\/amministrazione-comunale\/ufficio-affari-sociali\/sport\/","title":{"rendered":"Sport"},"content":{"rendered":"<p>Le attivit\u00e0 del Comune citt\u00e0 di Capodistria legate alla realizzazione dell&#8217;interesse pubblico nel campo dello sport prevedono soprattutto:<\/p>\n<ul>\n<li>la costruzione e l&#8217;ampliamento dell\u2019infrastruttura sportiva,<\/li>\n<li>l&#8217;attuazione del programma sportivo annuale,<\/li>\n<li>la creazione delle condizioni per lo sviluppo dello sport, delle singole discipline sportive, delle associazioni e delle unioni, delle attivit\u00e0 sportive ricreative, dello sport di alto livello e dello sport per bambini e giovani nonch\u00e9 dello sport per le persone con esigenze particolari e i disabili,<\/li>\n<li>inoltre, si occupa della promozione degli atleti, delle associazioni e delle organizzazioni sportive, nonch\u00e9 della promozione del Comune citt\u00e0 di Capodistria, dello sviluppo dell&#8217;educazione sportiva per i bambini e i giovani negli enti pubblici nonch\u00e9 delle attivit\u00e0 educative e di ricerca per le esigenze delle attivit\u00e0 sportive.<\/li>\n<\/ul>\n<p>Il Comune citt\u00e0 di Capodistria \u00e8 fondatore dell&#8217;<a href=\"http:\/\/www.sportvkopru.si\/o-zavodu\" target=\"_blank\" rel=\"noopener noreferrer\">Ente pubblico per lo sport di Capodistria<\/a>, Ente pubblico per lo sport di Capodistria (Strada Zora Perello &#8211; Godina 3, 6000 Koper-Capodistria), che ha il compito di amministrare, gestire e provvedere alla manutenzione delle strutture sportive nel Comune citt\u00e0 di Capodistria.<\/p>\n<p>L\u2019ente svolge anche mansioni di carattere amministrativo, professionale, organizzativo, tecnico e di altro tipo nel campo dello sport nell&#8217;area del Comune citt\u00e0 di Capodistria.<\/p>\n<p>Oltre al Centro degli sport su sabbia e la Piscina olimpica, l\u2019Ente gestisce le strutture di propriet\u00e0 del fondatore e ne determina le condizioni di utilizzo, in virt\u00f9 della Delibera sulla definizione degli impianti sportivi pubblici di rilevanza comunale nel Comune citt\u00e0 di Capodistria. Informazioni pi\u00f9 dettagliate sugli impianti sportivi e sulle condizioni di utilizzo sono disponibili su <a href=\"http:\/\/www.sportvkopru.si\/objekti\" target=\"_blank\" rel=\"noopener noreferrer\">questo link<\/a>.<\/p>\n<p>Nel Comune citt\u00e0 di Capodistria operano anche numerose <a href=\"http:\/\/www.sportvkopru.si\/drutva\" target=\"_blank\" rel=\"noopener noreferrer\">associazioni sportive<\/a>.<\/p>\n","protected":false},"excerpt":{"rendered":"<p>Le attivit\u00e0 del Comune citt\u00e0 di Capodistria legate alla realizzazione dell&#8217;interesse pubblico nel campo dello sport prevedono soprattutto: la costruzione e l&#8217;ampliamento dell\u2019infrastruttura sportiva, l&#8217;attuazione del programma sportivo annuale, la creazione delle condizioni per lo sviluppo dello sport, delle singole discipline sportive, delle associazioni e delle unioni, delle attivit\u00e0 sportive ricreative, dello sport di alto<\/p>\n","protected":false},"author":5,"featured_media":0,"parent":72126,"menu_order":68,"comment_status":"closed","ping_status":"closed","template":"","meta":{"_acf_changed":false,"inline_featured_image":false,"footnotes":""},"class_list":["post-76043","page","type-page","status-publish","hentry"],"acf":[],"_links":{"self":[{"href":"https:\/\/www.koper.si\/it\/wp-json\/wp\/v2\/pages\/76043","targetHints":{"allow":["GET"]}}],"collection":[{"href":"https:\/\/www.koper.si\/it\/wp-json\/wp\/v2\/pages"}],"about":[{"href":"https:\/\/www.koper.si\/it\/wp-json\/wp\/v2\/types\/page"}],"author":[{"embeddable":true,"href":"https:\/\/www.koper.si\/it\/wp-json\/wp\/v2\/users\/5"}],"replies":[{"embeddable":true,"href":"https:\/\/www.koper.si\/it\/wp-json\/wp\/v2\/comments?post=76043"}],"version-history":[{"count":2,"href":"https:\/\/www.koper.si\/it\/wp-json\/wp\/v2\/pages\/76043\/revisions"}],"predecessor-version":[{"id":76045,"href":"https:\/\/www.koper.si\/it\/wp-json\/wp\/v2\/pages\/76043\/revisions\/76045"}],"up":[{"embeddable":true,"href":"https:\/\/www.koper.si\/it\/wp-json\/wp\/v2\/pages\/72126"}],"wp:attachment":[{"href":"https:\/\/www.koper.si\/it\/wp-json\/wp\/v2\/media?parent=76043"}],"curies":[{"name":"wp","href":"https:\/\/api.w.org\/{rel}","templated":true}]}}