{"id":76050,"date":"2020-06-22T14:39:36","date_gmt":"2020-06-22T12:39:36","guid":{"rendered":"https:\/\/www.koper.si\/comune\/amministrazione-comunale\/ufficio-affari-sociali\/mladina\/"},"modified":"2020-09-11T10:40:58","modified_gmt":"2020-09-11T08:40:58","slug":"giovani","status":"publish","type":"page","link":"https:\/\/www.koper.si\/it\/comune\/amministrazione-comunale\/ufficio-affari-sociali\/giovani\/","title":{"rendered":"Giovani"},"content":{"rendered":"<p>Il Comune citt\u00e0 di Capodistria \u00e8 fondatore dell&#8217;ente pubblico Centro giovani di Capodistria (Via Simon Gregor\u010di\u010d 4, 6000 Koper-Capodistria).<\/p>\n<p>Il Centro ha come obiettivo fornire ai giovani il supporto necessario a formare la propria identit\u00e0. \u00c8 in allestimento uno spazio giovanile autonomo che nella comunit\u00e0 locale garantisce lo sviluppo di contatti culturali, sociali e di altro tipo tra i giovani, promuove l&#8217;integrazione sociale, la partecipazione attiva e la responsabilit\u00e0 civica dei giovani. Il centro promuove attivit\u00e0 di volontariato e l&#8217;educazione non formale per i giovani, svolge attivit\u00e0 di mobilit\u00e0 e integrazione internazionale giovanile, garantisce l&#8217;informazione dei giovani, organizza e sviluppa varie attivit\u00e0, fornendo ai giovani benefici in svariati campi della creativit\u00e0 culturale e artistica, assicura ai giovani attivit\u00e0 di tutoraggio e promuove i loro risultati.<\/p>\n","protected":false},"excerpt":{"rendered":"<p>Il Comune citt\u00e0 di Capodistria \u00e8 fondatore dell&#8217;ente pubblico Centro giovani di Capodistria (Via Simon Gregor\u010di\u010d 4, 6000 Koper-Capodistria). Il Centro ha come obiettivo fornire ai giovani il supporto necessario a formare la propria identit\u00e0. \u00c8 in allestimento uno spazio giovanile autonomo che nella comunit\u00e0 locale garantisce lo sviluppo di contatti culturali, sociali e di<\/p>\n","protected":false},"author":5,"featured_media":0,"parent":72126,"menu_order":66,"comment_status":"closed","ping_status":"closed","template":"","meta":{"_acf_changed":false,"inline_featured_image":false,"footnotes":""},"class_list":["post-76050","page","type-page","status-publish","hentry"],"acf":[],"_links":{"self":[{"href":"https:\/\/www.koper.si\/it\/wp-json\/wp\/v2\/pages\/76050","targetHints":{"allow":["GET"]}}],"collection":[{"href":"https:\/\/www.koper.si\/it\/wp-json\/wp\/v2\/pages"}],"about":[{"href":"https:\/\/www.koper.si\/it\/wp-json\/wp\/v2\/types\/page"}],"author":[{"embeddable":true,"href":"https:\/\/www.koper.si\/it\/wp-json\/wp\/v2\/users\/5"}],"replies":[{"embeddable":true,"href":"https:\/\/www.koper.si\/it\/wp-json\/wp\/v2\/comments?post=76050"}],"version-history":[{"count":2,"href":"https:\/\/www.koper.si\/it\/wp-json\/wp\/v2\/pages\/76050\/revisions"}],"predecessor-version":[{"id":76052,"href":"https:\/\/www.koper.si\/it\/wp-json\/wp\/v2\/pages\/76050\/revisions\/76052"}],"up":[{"embeddable":true,"href":"https:\/\/www.koper.si\/it\/wp-json\/wp\/v2\/pages\/72126"}],"wp:attachment":[{"href":"https:\/\/www.koper.si\/it\/wp-json\/wp\/v2\/media?parent=76050"}],"curies":[{"name":"wp","href":"https:\/\/api.w.org\/{rel}","templated":true}]}}