{"id":76062,"date":"2020-06-22T14:41:05","date_gmt":"2020-06-22T12:41:05","guid":{"rendered":"https:\/\/www.koper.si\/comune\/amministrazione-comunale\/ufficio-affari-sociali\/kultura\/"},"modified":"2021-02-10T09:40:34","modified_gmt":"2021-02-10T08:40:34","slug":"cultura","status":"publish","type":"page","link":"https:\/\/www.koper.si\/it\/comune\/amministrazione-comunale\/ufficio-affari-sociali\/cultura\/","title":{"rendered":"Cultura"},"content":{"rendered":"<h2>Biblioteca centrale Sre\u010dko Vilhar Capodistria<\/h2>\n<p>La Biblioteca centrale Sre\u010dko Vilhar Capodistria \u00e8 la biblioteca pubblica del Comune citt\u00e0 di Capodistria e la biblioteca regionale generale dei comuni di Capodistria, Isola, Pirano, Ilirska Bistrica, Sesana e Postumia. La Biblioteca centrale Sre\u010dko Vilhar Capodistria svolge l&#8217;attivit\u00e0 bibliotecaria per il pubblico dell&#8217;area e fornisce servizi specifici per gruppi di cittadini con bisogni speciali e per gli appartenenti della Comunit\u00e0 Nazionale Italiana del Litorale sloveno.<\/p>\n<p>Piazza Brolo 1<br \/>\n6000 Koper-Capodistria<\/p>\n<p>T: +386 5 663 26 05<br \/>\nW: <a href=\"http:\/\/www.kp.sik.si\/\" target=\"_blank\" rel=\"noopener noreferrer\">www.kp.sik.si<\/a><\/p>\n<p>&nbsp;<\/p>\n<h2>Teatro Capodistria<\/h2>\n<p>Fondato nel 2001, il Teatro Capodistria \u00e8 oggi un teatro professionale che fa parte della rete dei teatri sloveni, con i quali pu\u00f2 competere in termini di numero e qualit\u00e0 delle produzioni. Si tratta di un&#8217;istituzione teatrale di rilevanza centrale che \u00e8 allo stesso tempo attiva in un territorio nazionalmente misto e legata alla produzione nazionale slovena.<\/p>\n<p>Via Giuseppe Verdi 3<br \/>\n6000 Koper-Capodistria<\/p>\n<p>T:\u00a0 +386 5 663 43 8<br \/>\nE: <a href=\"mailto:info@gledalisce-koper.si\">info@gledalisce-koper.si<\/a><br \/>\nW: <a href=\"https:\/\/www.gledalisce-koper.si\/sl\/\" target=\"_blank\" rel=\"noopener noreferrer\">www.gledalisce-koper.si<\/a><\/p>\n<p>&nbsp;<\/p>\n<h2>Museo regionale Capodistria<\/h2>\n<p>Il Museo regionale Capodistria \u00e8 un museo storico-culturale che, in conformit\u00e0 con le norme e gli obiettivi della disciplina museale, cura il patrimonio culturale mobile e lo presenta al pubblico pi\u00f9 vasto. Le collezioni coprono l&#8217;archeologia, la storia, la storia dell&#8217;arte e la storia culturale nonch\u00e9 l&#8217;etnologia dei sei comuni meridionali della regione del Litorale.<\/p>\n<p>Via Boris Kidri\u010d 19<br \/>\n6000 Koper-Capodistria<\/p>\n<p>T: +386 5 663 35 70<br \/>\nE: <a href=\"mailto:info@pokrajinskimuzejkoper.si\">info@pokrajinskimuzejkoper.si<\/a><br \/>\nW: <a href=\"https:\/\/www.pokrajinskimuzejkoper.si\/it\" target=\"_blank\" rel=\"noopener noreferrer\">www.pokrajinskimuzejkoper.si<\/a><\/p>\n<p>Nel Comune citt\u00e0 di Capodistria operano numerose organizzazioni non-governative, la maggior parte delle quali fa parte dell&#8217;<a href=\"http:\/\/zkd-koper.si\/\" target=\"_blank\" rel=\"noopener noreferrer\">Unione delle associazioni culturali del Comune citt\u00e0 di Capodistria<\/a>.<\/p>\n<p>&nbsp;<\/p>\n<h2>Fondo pubblico per le attivit\u00e0 culturali della RS, Unit\u00e0 di Capodistria<\/h2>\n<p>Nel centro storico cittadino si trova una delle unit\u00e0 del Fondo pubblico per le attivit\u00e0 culturali della RS \u2013 la maggiore organizzazione culturale slovena che si occupa dell&#8217;organizzazione di attivit\u00e0 culturali amatoriali a livello nazionale e offre supporto alle iniziative culturali sul territorio.<\/p>\n<p>Via Boris Kidri\u010d 46<br \/>\n6000 Koper-Capodistria<\/p>\n<p>T: +386 5 663 13 80<br \/>\nE: <a href=\"mailto:oi.koper@jskd.si\">oi.koper@jskd.si<\/a><br \/>\nW:\u00a0<a href=\"https:\/\/www.jskd.si\/kulturna-mreza\/juzna-primorska\/koper\/predstavitev.htm\" target=\"_blank\" rel=\"noopener noreferrer\">www.jskd.si<\/a><\/p>\n","protected":false},"excerpt":{"rendered":"<p>Per garantire le attivit\u00e0 culturali, nell&#8217;area del Comune citt\u00e0 di Capodistria, operano tre enti pubblici, fondati dal comune stesso.<\/p>\n","protected":false},"author":5,"featured_media":0,"parent":72126,"menu_order":63,"comment_status":"closed","ping_status":"closed","template":"","meta":{"_acf_changed":false,"inline_featured_image":false,"footnotes":""},"class_list":["post-76062","page","type-page","status-publish","hentry"],"acf":[],"_links":{"self":[{"href":"https:\/\/www.koper.si\/it\/wp-json\/wp\/v2\/pages\/76062","targetHints":{"allow":["GET"]}}],"collection":[{"href":"https:\/\/www.koper.si\/it\/wp-json\/wp\/v2\/pages"}],"about":[{"href":"https:\/\/www.koper.si\/it\/wp-json\/wp\/v2\/types\/page"}],"author":[{"embeddable":true,"href":"https:\/\/www.koper.si\/it\/wp-json\/wp\/v2\/users\/5"}],"replies":[{"embeddable":true,"href":"https:\/\/www.koper.si\/it\/wp-json\/wp\/v2\/comments?post=76062"}],"version-history":[{"count":4,"href":"https:\/\/www.koper.si\/it\/wp-json\/wp\/v2\/pages\/76062\/revisions"}],"predecessor-version":[{"id":82965,"href":"https:\/\/www.koper.si\/it\/wp-json\/wp\/v2\/pages\/76062\/revisions\/82965"}],"up":[{"embeddable":true,"href":"https:\/\/www.koper.si\/it\/wp-json\/wp\/v2\/pages\/72126"}],"wp:attachment":[{"href":"https:\/\/www.koper.si\/it\/wp-json\/wp\/v2\/media?parent=76062"}],"curies":[{"name":"wp","href":"https:\/\/api.w.org\/{rel}","templated":true}]}}