{"id":76113,"date":"2020-06-18T13:44:21","date_gmt":"2020-06-18T11:44:21","guid":{"rendered":"https:\/\/www.koper.si\/comune\/amministrazione-comunale\/ufficio-affari-sociali\/trajnostna-urbana-strategija-tus\/"},"modified":"2020-09-11T15:39:03","modified_gmt":"2020-09-11T13:39:03","slug":"strategia-urbana-sostenibile","status":"publish","type":"page","link":"https:\/\/www.koper.si\/it\/comune\/amministrazione-comunale\/gabinetto-del-sindaco\/strategia-urbana-sostenibile\/","title":{"rendered":"Strategia urbana sostenibile"},"content":{"rendered":"<p>&nbsp;<\/p>\n<p>La strategia urbana sostenibile \u00e8 un documento strategico del comune per l&#8217;area ammissibile &#8211; l&#8217;insediamento urbano di Capodistria, che a livello sostanziale definisce le sfide nel campo dello sviluppo e la visione dello sviluppo urbano, identificando le aree di sviluppo prioritarie. Esso fornisce inoltre una base formale per la richiesta e l&#8217;ottenimento dei finanziamenti dai fondi europei.<\/p>\n<div id='gallery-1'  class='gallery galleryid-76113 gallery-columns-1 gallery-size-full'><figure class='gallery-item'>\n\t\t\t<div class='gallery-icon landscape'>\n\t\t\t\t<a data-fancybox=\"gallery-76113\" data-caption=\"\" href='https:\/\/www.koper.si\/wp-content\/uploads\/2020\/06\/obmocje_TUS_09072015.jpeg'><img loading=\"lazy\" decoding=\"async\" width=\"1200\" height=\"848\" src=\"https:\/\/www.koper.si\/wp-content\/uploads\/2020\/06\/obmocje_TUS_09072015.jpeg\" class=\"attachment-full size-full\" alt=\"\" srcset=\"https:\/\/www.koper.si\/wp-content\/uploads\/2020\/06\/obmocje_TUS_09072015.jpeg 1200w, https:\/\/www.koper.si\/wp-content\/uploads\/2020\/06\/obmocje_TUS_09072015-768x543.jpeg 768w\" sizes=\"auto, (max-width: 1200px) 100vw, 1200px\" \/><\/a>\n\t\t\t<\/div><\/figure>\n\t\t<\/div>\n\n<p>Poich\u00e9 una comprensione pi\u00f9 ampia delle priorit\u00e0 di sviluppo della citt\u00e0 di Capodistria \u00e8 fondamentale per la formulazione di una strategia efficace, il pubblico interessato \u00e8 stato invitato a partecipare alla predisposizione di tale documento.<\/p>\n<p>La strategia urbana sostenibile della citt\u00e0 di Capodistria \u00e8 stata adottata il 17 marzo 2016, in occasione della XII riunione ordinaria del Consiglio comunale del Comune citt\u00e0 di Capodistria.<\/p>\n","protected":false},"excerpt":{"rendered":"<p>&nbsp; La strategia urbana sostenibile \u00e8 un documento strategico del comune per l&#8217;area ammissibile &#8211; l&#8217;insediamento urbano di Capodistria, che a livello sostanziale definisce le sfide nel campo dello sviluppo e la visione dello sviluppo urbano, identificando le aree di sviluppo prioritarie. Esso fornisce inoltre una base formale per la richiesta e l&#8217;ottenimento dei finanziamenti<\/p>\n","protected":false},"author":5,"featured_media":0,"parent":72124,"menu_order":59,"comment_status":"closed","ping_status":"closed","template":"","meta":{"_acf_changed":false,"inline_featured_image":false,"footnotes":""},"class_list":["post-76113","page","type-page","status-publish","hentry"],"acf":[],"_links":{"self":[{"href":"https:\/\/www.koper.si\/it\/wp-json\/wp\/v2\/pages\/76113","targetHints":{"allow":["GET"]}}],"collection":[{"href":"https:\/\/www.koper.si\/it\/wp-json\/wp\/v2\/pages"}],"about":[{"href":"https:\/\/www.koper.si\/it\/wp-json\/wp\/v2\/types\/page"}],"author":[{"embeddable":true,"href":"https:\/\/www.koper.si\/it\/wp-json\/wp\/v2\/users\/5"}],"replies":[{"embeddable":true,"href":"https:\/\/www.koper.si\/it\/wp-json\/wp\/v2\/comments?post=76113"}],"version-history":[{"count":2,"href":"https:\/\/www.koper.si\/it\/wp-json\/wp\/v2\/pages\/76113\/revisions"}],"predecessor-version":[{"id":76115,"href":"https:\/\/www.koper.si\/it\/wp-json\/wp\/v2\/pages\/76113\/revisions\/76115"}],"up":[{"embeddable":true,"href":"https:\/\/www.koper.si\/it\/wp-json\/wp\/v2\/pages\/72124"}],"wp:attachment":[{"href":"https:\/\/www.koper.si\/it\/wp-json\/wp\/v2\/media?parent=76113"}],"curies":[{"name":"wp","href":"https:\/\/api.w.org\/{rel}","templated":true}]}}