{"id":76118,"date":"2020-06-22T15:50:26","date_gmt":"2020-06-22T13:50:26","guid":{"rendered":"https:\/\/www.koper.si\/comune\/amministrazione-comunale\/ufficio-affari-sociali\/usmeritve-za-prometne-vsebine-mestne-obcine-koper\/"},"modified":"2020-09-11T15:45:14","modified_gmt":"2020-09-11T13:45:14","slug":"linee-guida-sul-traffico-del-comune-citta-di-capodistria","status":"publish","type":"page","link":"https:\/\/www.koper.si\/it\/comune\/amministrazione-comunale\/ufficio-attivita-economiche-ambiente-e-traffico\/linee-guida-sul-traffico-del-comune-citta-di-capodistria\/","title":{"rendered":"Linee guida sul traffico del Comune citt\u00e0 di Capodistria"},"content":{"rendered":"<h2>Sintesi della proposta degli orientamenti speciali per il traffico nel Comune citt\u00e0 di Capodistria<\/h2>\n<p>La redazione della Proposta degli orientamenti speciali per il traffico nel Comune citt\u00e0 di Capodistria (CCC) si effettua nell&#8217;ambito dell&#8217;attuazione del progetto con l&#8217;acronimo PUT-UP ISTRE, cofinanziato dall&#8217;Unione europea dal Fondo europeo di sviluppo regionale, pi\u00f9 precisamente dal Programma operativo di collaborazione territoriale SI-HR del 2007-2013.<\/p>\n<p>L&#8217;obiettivo generale del progetto PUT-UP ISTRIE \u00e8 quello di stabilire un concetto regionale sostenibile per lo sviluppo dell&#8217;Istria, che mira a raggiungere una gestione efficiente del territorio e delle risorse naturali nonch\u00e9 fornire servizi pubblici e infrastrutture efficienti nell&#8217;area dell&#8217;Istria slovena e croata.<\/p>\n<p>Date le chiare esigenze del territorio, abbiamo deciso di adottare un approccio integrato e strategico per pianificare lo sviluppo del traffico in Istria con chiari punti di partenza e linee guida per il futuro sviluppo dell&#8217;area e la creazione di collegamenti interdisciplinari tra le singole aree di sviluppo (costa, area confinaria ed entroterra), che faciliter\u00e0 la determinazione e la pianificazione dello sviluppo dei contenuti strategici come ad esempio dei trasporti, dell&#8217;agricoltura, del turismo, delle zone economiche e altro ancora.<\/p>\n<p>Nell&#8217;ambito del progetto PUT-UP ISTRIA, il CCC sta preparando i contenuti dettagliati nel settore del turismo e dei trasporti. Il concetto presentato con la Proposta degli orientamenti speciali per il traffico nel CCC, ricopre solamente il settore dei trasporti.<\/p>\n<p>L&#8217;analisi dello stato dell\u2019arte del traffico nel Comune citt\u00e0 di Capodistria comprova che l&#8217;accessibilit\u00e0 del nucleo urbano comunale in autovettura \u00e8 buona. Dalla maggior parte degli insediamenti nel comune possiamo raggiungere Capodistria in meno di 20 minuti e oltre due terzi dei dipendenti CCC necessitano di meno di 15 minuti per recarsi al lavoro, indipendentemente dal mezzo di trasporto.<\/p>\n<p>La rete di piste ciclabili nella parte pianeggiante della citt\u00e0 di Capodistria \u00e8 generalmente densa, sebbene disconnessa. In periferia le piste ciclabili sono quasi inesistenti. L&#8217;accesso per i pedoni e i ciclisti \u00e8 limitato a causa delle caratteristiche del rilievo del terreno in citt\u00e0, poich\u00e9 la parte sud-orientale dell&#8217;area urbana \u00e8 collinosa e con pendenze piuttosto ripide.<\/p>\n<h3>La proposta di gestione del traffico nel Comune citt\u00e0 di Capodistria si basa su cinque pilastri strategici di pianificazione con obiettivi strategici:<\/h3>\n<ol>\n<li><strong>Passeggio: <\/strong>Garantire le condizioni grazie alle quali la maggioranza degli abitanti potr\u00e0 compiere gran parte dei percorsi brevi a piedi, e aumentare la sicurezza dei pedoni.<\/li>\n<li><strong>Trasporto in bici: <\/strong>Garantire le condizioni per la creazione di un sistema di trasporto in bici comodo e attrattivo che abbia come obiettivo l\u2019aumento della percentuale dei ciclisti nel traffico urbano nonch\u00e9 la sicurezza dei ciclisti.<\/li>\n<li><strong>Trasporto pubblico passeggeri:\u00a0<\/strong>\n<ul>\n<li>Aumento della fruizione del sistema di trasporto pubblico e miglioramento dell\u2019offerta.<\/li>\n<li>Miglioramento dell\u2019integrazione tra i diversi mezzi di trasporto del sistema pubblico e le altre modalit\u00e0 di trasporto.<\/li>\n<li>Miglioramento dell\u2019accesso al trasporto pubblico per le persone con mobilit\u00e0 limitata.<\/li>\n<li>Miglioramento dell\u2019immagine del trasporto pubblico passeggeri.<\/li>\n<\/ul>\n<\/li>\n<li><strong>Uso razionale dei mezzi motorizzati:<\/strong>\n<ul>\n<li>Aumento della sicurezza nel traffico, diminuzione della dipendenza dei cittadini dalle automobili e aumento delle vetture ecologiche.<\/li>\n<li>Diminuzione degli effetti negativi del traffico merci nel centro.<\/li>\n<\/ul>\n<\/li>\n<li><strong>Pianificazione sostenibile<\/strong>\n<ul>\n<li>Istituire le condizioni sistematiche, finanziarie e amministrative per l&#8217;attuazione della regolamentazione della mobilit\u00e0.<\/li>\n<li>Garantire la trasparenza della pianificazione, coinvolgendo attivamente il pubblico in tutte le fasi della pianificazione della mobilit\u00e0.<\/li>\n<li>Introduzione di strumenti per il monitoraggio sistematico del settore della mobilit\u00e0.<\/li>\n<li>Integrazione tra i diversi settori di pianificazione all&#8217;interno del CCC.<\/li>\n<\/ul>\n<\/li>\n<\/ol>\n","protected":false},"excerpt":{"rendered":"<p>Sintesi della proposta degli orientamenti speciali per il traffico nel Comune citt\u00e0 di Capodistria La redazione della Proposta degli orientamenti speciali per il traffico nel Comune citt\u00e0 di Capodistria (CCC) si effettua nell&#8217;ambito dell&#8217;attuazione del progetto con l&#8217;acronimo PUT-UP ISTRE, cofinanziato dall&#8217;Unione europea dal Fondo europeo di sviluppo regionale, pi\u00f9 precisamente dal Programma operativo di<\/p>\n","protected":false},"author":5,"featured_media":0,"parent":72127,"menu_order":87,"comment_status":"closed","ping_status":"closed","template":"","meta":{"_acf_changed":false,"inline_featured_image":false,"footnotes":""},"class_list":["post-76118","page","type-page","status-publish","hentry"],"acf":[],"_links":{"self":[{"href":"https:\/\/www.koper.si\/it\/wp-json\/wp\/v2\/pages\/76118","targetHints":{"allow":["GET"]}}],"collection":[{"href":"https:\/\/www.koper.si\/it\/wp-json\/wp\/v2\/pages"}],"about":[{"href":"https:\/\/www.koper.si\/it\/wp-json\/wp\/v2\/types\/page"}],"author":[{"embeddable":true,"href":"https:\/\/www.koper.si\/it\/wp-json\/wp\/v2\/users\/5"}],"replies":[{"embeddable":true,"href":"https:\/\/www.koper.si\/it\/wp-json\/wp\/v2\/comments?post=76118"}],"version-history":[{"count":3,"href":"https:\/\/www.koper.si\/it\/wp-json\/wp\/v2\/pages\/76118\/revisions"}],"predecessor-version":[{"id":76122,"href":"https:\/\/www.koper.si\/it\/wp-json\/wp\/v2\/pages\/76118\/revisions\/76122"}],"up":[{"embeddable":true,"href":"https:\/\/www.koper.si\/it\/wp-json\/wp\/v2\/pages\/72127"}],"wp:attachment":[{"href":"https:\/\/www.koper.si\/it\/wp-json\/wp\/v2\/media?parent=76118"}],"curies":[{"name":"wp","href":"https:\/\/api.w.org\/{rel}","templated":true}]}}