{"id":76130,"date":"2019-07-25T15:15:55","date_gmt":"2019-07-25T13:15:55","guid":{"rendered":"https:\/\/www.koper.si\/comune\/informacije-javnega-znacaja\/"},"modified":"2020-09-15T10:12:08","modified_gmt":"2020-09-15T08:12:08","slug":"informazioni-di-carattere-pubblico","status":"publish","type":"page","link":"https:\/\/www.koper.si\/it\/comune\/informazioni-di-carattere-pubblico\/","title":{"rendered":"Informazioni di carattere pubblico"},"content":{"rendered":"<h2>Dati sul catalogo<\/h2>\n<p>Il Catalogo delle informazioni di carattere pubblico raccoglie i dati generali riguardanti il Comune citt\u00e0 di Capodistria, la legislazione che disciplina l&#8217;autonomia locale, le competenze e i compiti del comune, le procedure amministrative che esso gestisce, la direzione e l&#8217;organizzazione. Il catalogo contiene inoltre le informazioni sui documenti strategici, sui registri pubblici e sulle raccolte dati informatici nonch\u00e9 sulle pi\u00f9 importanti raccolte di informazioni pubbliche e sulle modalit\u00e0 di accesso ai dati.<\/p>\n<p><strong>Dati di base del catalogo:<\/strong><\/p>\n<p>Editore: Comune citt\u00e0 di Capodistria<br \/>\nIndirizzo: Via Giuseppe Verdi 10, 6000 Koper-Capodistria<br \/>\nTelefono: +386 5 664 61 00<br \/>\nFax: +386 5 627 16 02<br \/>\nE-mail: <a href=\"mailto:obcina@koper.si\">obcina@koper.si<\/a><\/p>\n<p>Sindaco: Ale\u0161 Br\u017ean<\/p>\n<p>Data della prima pubblicazione del catalogo: 9 giugno 2004<br \/>\nData delle ultime modifiche: 17 gennaio 2019.<br \/>\nIl catalogo \u00e8 accessibile al sito internet <a href=\"https:\/\/www.koper.si\/\">www.koper.si<\/a>.<\/p>\n<p>Il catalogo \u00e8 a disposizione in forma cartacea presso il Comune citt\u00e0 di Capodistria.<\/p>\n<p>&nbsp;<\/p>\n<h2>Procedura per l&#8217;accesso alle informazioni di carattere pubblico<\/h2>\n<p>La procedura per l&#8217;accesso alle informazioni di carattere pubblico \u00e8 dettagliatamente definita dalla Legge sull&#8217;accesso alle informazioni di carattere pubblico e pu\u00f2 essere richiesta oralmente o per iscritto. L&#8217;autorit\u00e0 pu\u00f2 accogliere la richiesta oppure con decisione la pu\u00f2 respingere parzialmente o nella sua interezza. In caso di rifiuto, il richiedente ha il diritto di presentare ricorso e la procedura viene in seguito condotta conformemente alle disposizioni della Legge sul procedimento amministrativo generale.<\/p>\n<p>Conformemente al Regolamento sui costi di trasmissione delle informazioni di carattere pubblico, l&#8217;autorit\u00e0 pu\u00f2 addebitare al richiedente i costi materiali di trasmissione.<\/p>\n<p>I richiedenti possono accedere alle informazioni di natura pubblica attraverso il sito internet del Comune citt\u00e0 di Capodistria, mentre l&#8217;accesso fisico \u00e8 possibile presso la sede del Comune citt\u00e0 di Capodistria durante l&#8217;orario d&#8217;ufficio.<\/p>\n<p><strong>Link:<\/strong><\/p>\n<ul>\n<li><a href=\"https:\/\/www.ip-rs.si\/zakonodaja\/zakon-o-dostopu-do-informacij-javnega-znacaja\/\" target=\"_blank\" rel=\"noopener noreferrer\">Legge sull&#8217;accesso alle informazioni di carattere pubblico<\/a><\/li>\n<li><a href=\"https:\/\/www.ip-rs.si\/zakonodaja\/zakon-o-dostopu-do-informacij-javnega-znacaja\/uredba-o-posredovanju-in-ponovni-uporabi-informacij-javnega-znacaja\/\" target=\"_blank\" rel=\"noopener noreferrer\">Regolamento sulla trasmissione e sul riutilizzo delle informazioni di carattere pubblico<\/a><\/li>\n<li><a href=\"http:\/\/www.ip-rs.si\/\" target=\"_blank\" rel=\"noopener noreferrer\">Garante per la protezione dei dati personali<\/a><\/li>\n<\/ul>\n<p>&nbsp;<\/p>\n<h2>Funzionari pubblici responsabili per la trasmissione delle informazioni di carattere pubblico<\/h2>\n<p>I funzionari pubblici responsabili per la trasmissione delle informazioni di carattere pubblico relative al proprio ambito lavorativo, sono i sottosegretari \u2013 i capiufficio ossia i responsabili dei servizi autonomi e dell&#8217;Ispettorato comunale (in virt\u00f9 della delibera del sindaco n. K0804-1\/2004, del 6 gennaio 2004)<\/p>\n<p><a href=\"https:\/\/www.koper.si\/contatti\/\">https:\/\/www.koper.si\/contatti\/<\/a><\/p>\n<p>&nbsp;<\/p>\n<h2>Costi di trasmissione delle informazioni di carattere pubblico e condizioni per il riutilizzo delle informazioni di carattere pubblico<\/h2>\n<p>I costi per la trasmissione delle informazioni di carattere pubblico vengono addebitati al richiedente conformemente al <a href=\"http:\/\/www.pisrs.si\/Pis.web\/pregledPredpisa?id=URED6941\" target=\"_blank\" rel=\"noopener noreferrer\">Regolamento sui costi di trasmissione delle informazioni di carattere pubblico<\/a>.<\/p>\n<p>Tutte le informazioni che possono essere riutilizzate, sono gi\u00e0 pubblicate sul sito internet del Comune citt\u00e0 di Capodistria. Le informazioni possono essere riutilizzate a condizione che venga indicata la fonte, vale a dire \u00bbInformazioni pubbliche, Comune citt\u00e0 di Capodistria\u00ab<\/p>\n<p>&nbsp;<\/p>\n<h2>Ulteriori informazioni di carattere pubblico<\/h2>\n<p><a href=\"https:\/\/www.koper.si\/public_tender\/\">Appalti pubblici, bandi e avvisi<\/a><\/p>\n<p><strong>Elenco dei registri pubblici:<\/strong><\/p>\n<ul>\n<li>registro del patrimonio del Comune citt\u00e0 di Capodistria (in visione presso l&#8217;Ufficio beni immobili durante l&#8217;orario d&#8217;ufficio)<\/li>\n<li><a href=\"https:\/\/paka3.mss.edus.si\/RS.MSS.SOKOL-ViewController-context-root\/faces\/DistrictSearch\" target=\"_blank\" rel=\"noopener noreferrer\">Registro sul circondario scolastico<\/a><\/li>\n<\/ul>\n<p><strong>Elenco degli altri registri informatizzati:<\/strong><\/p>\n<ul>\n<li><a href=\"https:\/\/www.koper.si\/applications\/q3map-javni-gis-pregledovalnik-mok\/\" target=\"_blank\" rel=\"noopener noreferrer\">visualizzatore dei dati riferiti al territorio del CCC, visualizzatore degli indennizzi per l&#8217;uso dei terreni edificabili e visualizzatore del registro delle discariche abusive<\/a><\/li>\n<\/ul>\n<p><strong>Elenco delle informazioni di carattere pubblico pi\u00f9 richieste:<\/strong><\/p>\n<ul>\n<li>domande dei giornalisti sull&#8217;operato dell&#8217;amministrazione comunale<\/li>\n<li>domande riguardanti il lavoro del sindaco<\/li>\n<li>domande riguardo l&#8217;ammontare dei servizi legali nel Comune citt\u00e0 di Capodistria<\/li>\n<li>domande sulle gare pubbliche<\/li>\n<\/ul>\n<p><a href=\"https:\/\/www.koper.si\/it\/comune\/amministrazione-comunale\/\">Unit\u00e0 organizzative interne del Comune citt\u00e0 di Capodistria<\/a><\/p>\n<p><a href=\"\/?page_id=231#predpisi\">Atti del Comune citt\u00e0 di Capodistria<\/a><\/p>\n<p><a href=\"http:\/\/www.pisrs.si\/Pis.web\/\" target=\"_blank\" rel=\"noopener noreferrer\">Atti della RS<\/a><\/p>\n<p><a href=\"http:\/\/www.arhiv.evropa.ukom.gov.si\/\" target=\"_blank\" rel=\"noopener noreferrer\">Atti EU<\/a><\/p>\n<p><a href=\"\/?page_id=542\" target=\"_blank\" rel=\"noopener noreferrer\">Sedute del Consiglio comunale<\/a><\/p>\n<p>Relazioni annuali (negli allegati)<\/p>\n","protected":false},"excerpt":{"rendered":"<p>Dati sul catalogo Il Catalogo delle informazioni di carattere pubblico raccoglie i dati generali riguardanti il Comune citt\u00e0 di Capodistria, la legislazione che disciplina l&#8217;autonomia locale, le competenze e i compiti del comune, le procedure amministrative che esso gestisce, la direzione e l&#8217;organizzazione. Il catalogo contiene inoltre le informazioni sui documenti strategici, sui registri pubblici<\/p>\n","protected":false},"author":2,"featured_media":0,"parent":72108,"menu_order":160,"comment_status":"closed","ping_status":"closed","template":"","meta":{"_acf_changed":false,"inline_featured_image":false,"footnotes":""},"class_list":["post-76130","page","type-page","status-publish","hentry"],"acf":[],"_links":{"self":[{"href":"https:\/\/www.koper.si\/it\/wp-json\/wp\/v2\/pages\/76130","targetHints":{"allow":["GET"]}}],"collection":[{"href":"https:\/\/www.koper.si\/it\/wp-json\/wp\/v2\/pages"}],"about":[{"href":"https:\/\/www.koper.si\/it\/wp-json\/wp\/v2\/types\/page"}],"author":[{"embeddable":true,"href":"https:\/\/www.koper.si\/it\/wp-json\/wp\/v2\/users\/2"}],"replies":[{"embeddable":true,"href":"https:\/\/www.koper.si\/it\/wp-json\/wp\/v2\/comments?post=76130"}],"version-history":[{"count":3,"href":"https:\/\/www.koper.si\/it\/wp-json\/wp\/v2\/pages\/76130\/revisions"}],"predecessor-version":[{"id":76398,"href":"https:\/\/www.koper.si\/it\/wp-json\/wp\/v2\/pages\/76130\/revisions\/76398"}],"up":[{"embeddable":true,"href":"https:\/\/www.koper.si\/it\/wp-json\/wp\/v2\/pages\/72108"}],"wp:attachment":[{"href":"https:\/\/www.koper.si\/it\/wp-json\/wp\/v2\/media?parent=76130"}],"curies":[{"name":"wp","href":"https:\/\/api.w.org\/{rel}","templated":true}]}}