{"id":76135,"date":"2019-07-09T10:27:19","date_gmt":"2019-07-09T08:27:19","guid":{"rendered":"https:\/\/www.koper.si\/o-kopru\/"},"modified":"2020-12-07T13:53:22","modified_gmt":"2020-12-07T12:53:22","slug":"capodistria","status":"publish","type":"page","link":"https:\/\/www.koper.si\/it\/capodistria\/","title":{"rendered":"Capodistria"},"content":{"rendered":"<p>Aegida, Capris, Justinopolis, Insula Capraria, Caput Histriae, Capo D\u2019Istria, Capodistria, Koper. Sono queste alcune delle denominazioni della citt\u00e0 che porta il segno di numerosi domini e Paesi; i diversi sovrani cambiavano il nome e l\u2019immagine e Capodistria \u00e8 anche la cittadina dell\u2019Istria slovena che pi\u00f9 \u00e8 cambiata nel corso del tempo. Dall\u2019isola delle capre su un\u2019isolotto roccioso (Capris) al centro economico dell\u2019Istria slovena \u2013 il percorso \u00e8 stato lungo. L\u2019immagine oriderna della citt\u00e0 ha le proprie radici nel passato. Saper conservare l\u2019armonia tra presente e passato \u00e8 arte.<\/p>\n<h2>Il periodo romano<\/h2>\n<p>Durante il periodo romano Capodistria era chiamata Capris, nel periodo del papa gregorio I Insula Capraria (isola delle capre), i bizantini la chiamavano Justinopolis, i Patriarchi di Aquileia invece Caput Histriae. Solamente con i veneziani la citt\u00e0 ha assunto la variante dell\u2019odierno nome \u2013 Capo d\u2019Istria. E proprio l\u2019epoca veneziana \u00e8 stata la pi\u00f9 lunga e prospera, questo \u00e8 stato infatti il periodo della rinascita economica e culturale. Soprattutto lo spirito culturale \u00e8 ben visibile ancora oggi. Capodistria fa parte, non a caso, dell\u2019Associazione delle citt\u00e0 storiche.<\/p>\n<p>Per Capodistria sono stati importanti anche:<\/p>\n<ul>\n<li>il periodo storico fino alla I guerra mondiale,<\/li>\n<li>il periodo napoleonico ed asburgico;<\/li>\n<li>il periodo di bonifica delle saline, da quando Capodistria non \u00e8 pi\u00f9 un\u2019isola.<\/li>\n<\/ul>\n<p>Sono stati importanti anche il periodo del collegamento stradale con la terraferma e del collegamento marittimo e ferroviario con Trieste e Parenzo. Il periodo dopo la II guerra mondiale \u00e8 stato ricco di cambi politici ed ha rappresentato la base per lo sviluppo di Capodistria quale centro economico e commerciale della regione. Un centro, dove convivono in armonia il turismo marittimo, nautico, balneare e sportivo.<\/p>\n<p>Sono stati solo i veneziani a dare alla citt\u00e0 la variante dell\u2019odierno nome di Capodistria \u2013 Capo d\u2019Istria.<\/p>\n<p>Numerose manifestazioni culturali arricchiscono le vie e le piazze cittadine lungo tutto l\u2019anno, ma soprattutto nei mesi estivi. Grazie allo spirito giovanile che ha portato nella citt\u00e0 la sede della giovane Universit\u00e0 del Litorale, intrecciato con il ricco passato, il coraggioso presente e l\u2019audace futuro, Capodistria ha un fascino particolare.<\/p>\n","protected":false},"excerpt":{"rendered":"<p>La storia di Capodistria ha inizio nell\u2019et\u00e0 del bronzo media, nel XIV secolo a.C. Una volta Capodistria era un\u2019isola, il popolamento di questa zona risale al periodo preromano e romano.<\/p>\n","protected":false},"author":2,"featured_media":20356,"parent":0,"menu_order":247,"comment_status":"closed","ping_status":"closed","template":"","meta":{"_acf_changed":false,"inline_featured_image":false,"footnotes":""},"class_list":["post-76135","page","type-page","status-publish","has-post-thumbnail","hentry"],"acf":[],"_links":{"self":[{"href":"https:\/\/www.koper.si\/it\/wp-json\/wp\/v2\/pages\/76135","targetHints":{"allow":["GET"]}}],"collection":[{"href":"https:\/\/www.koper.si\/it\/wp-json\/wp\/v2\/pages"}],"about":[{"href":"https:\/\/www.koper.si\/it\/wp-json\/wp\/v2\/types\/page"}],"author":[{"embeddable":true,"href":"https:\/\/www.koper.si\/it\/wp-json\/wp\/v2\/users\/2"}],"replies":[{"embeddable":true,"href":"https:\/\/www.koper.si\/it\/wp-json\/wp\/v2\/comments?post=76135"}],"version-history":[{"count":6,"href":"https:\/\/www.koper.si\/it\/wp-json\/wp\/v2\/pages\/76135\/revisions"}],"predecessor-version":[{"id":80532,"href":"https:\/\/www.koper.si\/it\/wp-json\/wp\/v2\/pages\/76135\/revisions\/80532"}],"wp:featuredmedia":[{"embeddable":true,"href":"https:\/\/www.koper.si\/it\/wp-json\/wp\/v2\/media\/20356"}],"wp:attachment":[{"href":"https:\/\/www.koper.si\/it\/wp-json\/wp\/v2\/media?parent=76135"}],"curies":[{"name":"wp","href":"https:\/\/api.w.org\/{rel}","templated":true}]}}