{"id":76156,"date":"2019-07-09T11:18:22","date_gmt":"2019-07-09T09:18:22","guid":{"rendered":"https:\/\/www.koper.si\/capodistria\/italijanska-narodna-skupnost\/"},"modified":"2020-09-14T12:37:25","modified_gmt":"2020-09-14T10:37:25","slug":"la-comunita-nazionale-italiana","status":"publish","type":"page","link":"https:\/\/www.koper.si\/it\/capodistria\/la-comunita-nazionale-italiana\/","title":{"rendered":"La Comunit\u00e0 Nazionale Italiana"},"content":{"rendered":"<p>Gli articoli 11 e 64 della Costituzione della Repubblica di Slovenia definiscono i diritti particolari delle Comunit\u00e0 Nazionali Autoctone Italiana e Ungherese. La Comunit\u00e0 Nazionale Italiana di Capodistria \u00e8 rappresentata dalla Comunit\u00e0 Autogestita della Nazionalit\u00e0 Italiana (C.A.N.), soggetto di diritto pubblico in base alla Legge sulle Comunit\u00e0 Autogestite delle Nazionalit\u00e0 approvata dalla Camera di Stato (Parlamento) nell\u2019ottobre 1994. La CAN \u00e8 costituita a livello comunale (nei Comuni di Capodistria, Isola, Pirano e Ancarano) per soddisfare le necessit\u00e0 istituzionali della Comunit\u00e0 Nazionale Italiana in Slovenia. L\u2019organo supremo della CAN \u00e8 il Consiglio costituito da nove membri eletti a suffragio universale mediante elezione diretta a scrutinio segreto in base alla normativa che regola le elezioni amministrative in Slovenia. Il diritto di voto attivo e passivo \u00e8 esercitato esclusivamente dagli appartenenti alla nazionalit\u00e0 italiana, censiti sulla base di elenchi elettorali particolari gestiti dalle stesse Comunit\u00e0 e verificati dai preposti organi delle Unit\u00e0 Amministrative che fanno capo al Ministero degli Interni.\u00a0 Le elezioni si svolgono di regola assieme a quelle amministrative (delle autonomie locali).<\/p>\n<p>In base allo Statuto la C.A.N. affronta <strong>questioni attinenti alla situazione della Comunit\u00e0 Nazionale Italiana<\/strong> nel comune, ai suoi \u201cdiritti specifici e alla conservazione delle caratteristiche delle zone nazionalmente miste\u201d.\u00a0 Nel merito si fa promotrice di <strong>proposte, opinioni e suggerimenti<\/strong> presso gli organi comunali, i quali sono tenuti a prendere in considerazione tali iniziative e a darne riscontro. I mezzi finanziari per le attivit\u00e0 culturali della CAN e delle Associazioni che fanno capo alla Comunit\u00e0 Nazionale Italiana, in particolare la Comunit\u00e0 degli Italiani \u201cSantorio Santorio\u201d di Capodistria, la Comunit\u00e0 degli Italiani di Bertocchi e la Comunit\u00e0 degli Italiani di Crevatini, vengono garantiti dal Comune citt\u00e0 di Capodistria e dal Ministero della Cultura della Slovenia.<\/p>\n<p>Le Comunit\u00e0 Autogestite della Nazionalit\u00e0 Italiana comunali, inoltre, \u201csono soci co-fondatori, assieme al Comune, delle Scuole elementari e degli asili per la comunit\u00e0 nazionale italiana\u201d ed eleggono i propri rappresentanti nei vari organi di gestione degli istituti. Il Consiglio della Comunit\u00e0 Autogestita della Nazionalit\u00e0 Italiana di Capodistria, assieme ai Consigli delle C.A.N. di Isola e Pirano, elegge (elezioni dirette) i nove membri del Consiglio della Comunit\u00e0 Autogestita Costiera della Nazionalit\u00e0 Italiana, interlocutore istituzionale dello Stato e dei suoi organi per le questioni riguardanti la Comunit\u00e0 Nazionale Italiana in Slovenia. La Comunit\u00e0 Nazionale Italiana di Capodistria elegge direttamente anche <strong>tre consiglieri<\/strong> appartenenti alla nazionalit\u00e0 italiana nel Consiglio Comunale di Capodistria. In base allo statuto comunale, fra questi viene eletto un vicesindaco.<\/p>\n<h2>Cosa c\u2019\u00e8 da sapere sul bilinguismo&#8230;<\/h2>\n<p>Il Comune citt\u00e0 di Capodistria vuole fornire ai propri cittadini tutte le informazioni relative all\u2019attuazione del bilinguismo nell\u2019amministrazione delle zone bilingui. Abbiamo quindi deciso di essere a disposizione dei cittadini per servizi di consulenza sulle insegne bilingui.<\/p>\n<p>Per tutte le informazioni relative ai diritti particolari dei cittadini appartenenti alla Comunit\u00e0 Nazionale Italiana e ad altre questioni attinenti \u00e8 a disposizione un consulente preposto nel Gabinetto del Sindaco del Comune citt\u00e0 di Capodistria: <a href=\"mailto:marialuisa.maier-sponza@koper.si\">Marialuisa Maier-Sponza<\/a>\u00a0\u00a0 T: +386(0)5 664 64 12.<\/p>\n","protected":false},"excerpt":{"rendered":"<p>Gli articoli 11 e 64 della Costituzione della Repubblica di Slovenia definiscono i diritti particolari delle Comunit\u00e0 Nazionali Autoctone Italiana e Ungherese. La Comunit\u00e0 Nazionale Italiana di Capodistria \u00e8 rappresentata dalla Comunit\u00e0 Autogestita della Nazionalit\u00e0 Italiana (C.A.N.), soggetto di diritto pubblico in base alla Legge sulle Comunit\u00e0 Autogestite delle Nazionalit\u00e0 approvata dalla Camera di Stato<\/p>\n","protected":false},"author":2,"featured_media":0,"parent":76135,"menu_order":253,"comment_status":"closed","ping_status":"closed","template":"","meta":{"_acf_changed":false,"inline_featured_image":false,"footnotes":""},"class_list":["post-76156","page","type-page","status-publish","hentry"],"acf":[],"_links":{"self":[{"href":"https:\/\/www.koper.si\/it\/wp-json\/wp\/v2\/pages\/76156","targetHints":{"allow":["GET"]}}],"collection":[{"href":"https:\/\/www.koper.si\/it\/wp-json\/wp\/v2\/pages"}],"about":[{"href":"https:\/\/www.koper.si\/it\/wp-json\/wp\/v2\/types\/page"}],"author":[{"embeddable":true,"href":"https:\/\/www.koper.si\/it\/wp-json\/wp\/v2\/users\/2"}],"replies":[{"embeddable":true,"href":"https:\/\/www.koper.si\/it\/wp-json\/wp\/v2\/comments?post=76156"}],"version-history":[{"count":2,"href":"https:\/\/www.koper.si\/it\/wp-json\/wp\/v2\/pages\/76156\/revisions"}],"predecessor-version":[{"id":76158,"href":"https:\/\/www.koper.si\/it\/wp-json\/wp\/v2\/pages\/76156\/revisions\/76158"}],"up":[{"embeddable":true,"href":"https:\/\/www.koper.si\/it\/wp-json\/wp\/v2\/pages\/76135"}],"wp:attachment":[{"href":"https:\/\/www.koper.si\/it\/wp-json\/wp\/v2\/media?parent=76156"}],"curies":[{"name":"wp","href":"https:\/\/api.w.org\/{rel}","templated":true}]}}