{"id":76207,"date":"2019-07-25T15:11:57","date_gmt":"2019-07-25T13:11:57","guid":{"rendered":"https:\/\/www.koper.si\/comune\/comitato-di-controllo\/porocila-o-delu-nadzornega-odbora\/"},"modified":"2022-10-28T11:21:38","modified_gmt":"2022-10-28T09:21:38","slug":"relazioni-sullattivita-del-comitato-di-controllo","status":"publish","type":"page","link":"https:\/\/www.koper.si\/it\/comune\/comitato-di-controllo\/relazioni-sullattivita-del-comitato-di-controllo\/","title":{"rendered":"Relazioni sull&#8217;attivit\u00e0 del Comitato di controllo"},"content":{"rendered":"<h3>Mandato 2018-2022<\/h3>\n<ul>\n<li><a href=\"https:\/\/www.koper.si\/wp-content\/uploads\/2022\/10\/no-popravek.pdf\" target=\"_blank\" rel=\"noopener\">Popravek Poro\u010dila o delu in ugotovitvah nadzornega odbora Mestne ob\u010dine Koper v letu 2022<\/a><\/li>\n<li><a href=\"https:\/\/www.koper.si\/wp-content\/uploads\/2022\/10\/no-mok-porocilo-2022.pdf\" target=\"_blank\" rel=\"noopener\">Poro\u010dilo o delu in ugotovitvah nadzornega odbora Mestne ob\u010dine Koper v letu 2022<\/a><\/li>\n<li><a href=\"https:\/\/www.koper.si\/wp-content\/uploads\/2022\/08\/no-koncno-porocilo-solis.pdf\" target=\"_blank\" rel=\"noopener\">Kon\u010dno poro\u010dilo \u00bbProjekt Solis\u00ab<\/a><\/li>\n<li><a href=\"https:\/\/www.koper.si\/wp-content\/uploads\/2022\/08\/no-koncno-porocilo-pregled-evidenc.pdf\" target=\"_blank\" rel=\"noopener\">Kon\u010dno poro\u010dilo \u00bbPregled evidenc videnja javne komunalne infrastrukture v Mestni ob\u010dini Koper\u00ab<\/a><\/li>\n<li><a href=\"https:\/\/www.koper.si\/wp-content\/uploads\/2022\/06\/porocilo-o-delu-no-2021.pdf\" target=\"_blank\" rel=\"noopener\">Poro\u010dilo o delu NO MOK v letu 2021<\/a><\/li>\n<li><a href=\"https:\/\/www.koper.si\/wp-content\/uploads\/2022\/06\/porocilo-no-os-skofije.pdf\" target=\"_blank\" rel=\"noopener\">Poro\u010dilo NO &#8211; O\u0160 \u0160kofije<\/a><\/li>\n<li><a href=\"https:\/\/www.koper.si\/wp-content\/uploads\/2022\/05\/Koncno-porocilo-GH-Muzejski-trg.zip\" target=\"_blank\" rel=\"noopener\">Kon\u010dno poro\u010dilo \u00bbPregled projekta Parkirna hi\u0161a Muzejski trg in prodaje Tomosovega bloka\u00ab<\/a><\/li>\n<li><a href=\"https:\/\/www.koper.si\/wp-content\/uploads\/2022\/05\/porocilo-no-2020.pdf\" target=\"_blank\" rel=\"noopener\">Poro\u010dilo o delu NO za leto 2020<\/a><\/li>\n<li><a href=\"https:\/\/www.koper.si\/wp-content\/uploads\/2020\/06\/poro\u010dilo-o-delu-za-leto-2019.pdf\" target=\"_blank\" rel=\"noopener noreferrer\">Poro\u010dilo o delu NO za leto 2019<\/a><\/li>\n<li><a href=\"https:\/\/www.koper.si\/wp-content\/uploads\/2020\/06\/kon\u010dno-poro\u010dilo-menjalna-pogodba-Dom-Koper-d.o.o..zip\" target=\"_blank\" rel=\"noopener noreferrer\">Kon\u010dno poro\u010dilo menjalna pogodba Dom Koper d.o.o.<\/a><\/li>\n<li><a href=\"https:\/\/www.koper.si\/wp-content\/uploads\/2020\/06\/kon\u010dno-poro\u010dilo-Kapovizija.zip\" target=\"_blank\" rel=\"noopener noreferrer\">Kon\u010dno poro\u010dilo Kapovizija<\/a><\/li>\n<li><a href=\"https:\/\/www.koper.si\/wp-content\/uploads\/2020\/06\/kon\u010dno-poro\u010dilo-Primorje-d.d..zip\" target=\"_blank\" rel=\"noopener noreferrer\">Kon\u010dno poro\u010dilo Primorje d.d.<\/a><\/li>\n<li><a href=\"https:\/\/www.koper.si\/wp-content\/uploads\/2020\/06\/kon\u010dno-poro\u010dilo-menjalna-pogodba-stranka-A-in-stranka-B.zip\" target=\"_blank\" rel=\"noopener noreferrer\">Kon\u010dno poro\u010dilo menjalna pogodba &#8211; stranka A in stranka B<\/a><\/li>\n<li><a href=\"https:\/\/www.koper.si\/wp-content\/uploads\/2020\/09\/kon\u010dno-poro\u010dilo-pregled-smotrnosti-uporabe-poslovnih-prostorov-dru\u017ebe-Bonifika-d.o.o_.pdf\" target=\"_blank\" rel=\"noopener noreferrer\">Kon\u010dno poro\u010dilo pregled smotrnosti uporabe poslovnih prostorov dru\u017ebe Bonifika d.o.o<\/a><\/li>\n<li><a href=\"https:\/\/www.koper.si\/wp-content\/uploads\/2020\/09\/Kon\u010dno-poro\u010dilo-o-nadzoru-gradnje-\u0160PO.pdf\" target=\"_blank\" rel=\"noopener noreferrer\">Kon\u010dno poro\u010dilo o nadzoru gradnje \u0160PO<\/a><\/li>\n<li><a href=\"https:\/\/www.koper.si\/wp-content\/uploads\/2020\/09\/kon\u010dno-poro\u010dilo-evidenca-stavbnih-zemlji\u0161\u010d.pdf\" target=\"_blank\" rel=\"noopener noreferrer\">Kon\u010dno poro\u010dilo evidenca stavbnih zemlji\u0161\u010d<\/a><\/li>\n<li><a href=\"https:\/\/www.koper.si\/wp-content\/uploads\/2020\/07\/kon\u010dno-poro\u010dilo-verski-objekt.zip\" target=\"_blank\" rel=\"noopener noreferrer\">Kon\u010dno poro\u010dilo &#8211; verski objekt<\/a><\/li>\n<li><a href=\"https:\/\/www.koper.si\/wp-content\/uploads\/2020\/07\/kon\u010dno-poro\u010dilo-za-koncesije-na-primarni-zdravstveni-ravni.zip\" target=\"_blank\" rel=\"noopener noreferrer\">Kon\u010dno poro\u010dilo za koncesije na primarni zdravstveni ravni<\/a><\/li>\n<li><a href=\"https:\/\/www.koper.si\/wp-content\/uploads\/2020\/07\/Kon\u010dno-poro\u010dilo-za-svetovalne-pogodbe-na-Marjetici-Koper.zip\" target=\"_blank\" rel=\"noopener noreferrer\">Kon\u010dno poro\u010dilo za svetovalne pogodbe na Marjetici Koper<\/a><\/li>\n<li><a href=\"https:\/\/www.koper.si\/wp-content\/uploads\/2020\/07\/kon\u010dno-poro\u010dilo-pogodbe-JZ\u0160.zip\" target=\"_blank\" rel=\"noopener noreferrer\">Kon\u010dno poro\u010dilo pogodbe JZ\u0160<\/a><\/li>\n<li><a href=\"https:\/\/www.koper.si\/wp-content\/uploads\/2020\/07\/Kon\u010dno-poro\u010dilo-za-svetovalne-pogodbe-MOK.zip\" target=\"_blank\" rel=\"noopener noreferrer\">Kon\u010dno poro\u010dilo za svetovalne pogodbe MOK<\/a><\/li>\n<li><a href=\"https:\/\/www.koper.si\/wp-content\/uploads\/2020\/07\/kon\u010dno-poro\u010dilo-za-menjalno-pogodbo-IP-Obala.zip\" target=\"_blank\" rel=\"noopener noreferrer\">Kon\u010dno poro\u010dilo za menjalno pogodbo IP Obala<\/a><\/li>\n<li><a href=\"https:\/\/www.koper.si\/wp-content\/uploads\/2020\/07\/kon\u010dno-poro\u010dilo-za-menjalno-pogodbo-Hermatrade.zip\" target=\"_blank\" rel=\"noopener noreferrer\">Kon\u010dno poro\u010dilo za menjalno pogodbo Hermatrade<\/a><\/li>\n<li><a href=\"https:\/\/www.koper.si\/wp-content\/uploads\/2021\/02\/koncno-porocilo-koncesija-javna-razsvetljava.pdf\" target=\"_blank\" rel=\"noopener\">Kon\u010dno poro\u010dilo javna razsvetljava<\/a><\/li>\n<li><a href=\"https:\/\/www.koper.si\/wp-content\/uploads\/2020\/08\/kon\u010dno-poro\u010dilo-koncesija-mestni-avtobusni-prevoz.zip\">Kon\u010dno poro\u010dilo koncesija mestni avtobusni prevoz<\/a><\/li>\n<li><a href=\"https:\/\/www.koper.si\/wp-content\/uploads\/2020\/10\/kon\u010dno-poro\u010dilo-subvencioniranje-stanarin.zip\" target=\"_blank\" rel=\"noopener noreferrer\">Kon\u010dno poro\u010dilo subvencioniranje stanarin<\/a><\/li>\n<li><a href=\"https:\/\/www.koper.si\/wp-content\/uploads\/2020\/10\/kon\u010dno-poro\u010dilo-menjalne-pogodbe-splo\u0161no.zip\" target=\"_blank\" rel=\"noopener noreferrer\">Kon\u010dno poro\u010dilo &#8211; menjalne pogodbe splo\u0161no<\/a><\/li>\n<li><a href=\"https:\/\/www.koper.si\/wp-content\/uploads\/2021\/01\/porocilo-o-pregledu-dokumentacije-Vaska-hisa.pdf\" target=\"_blank\" rel=\"noopener noreferrer\">Poro\u010dilo o pregledu dokumentacije v postopku oddaje v najem objekta &#8220;Va\u0161ka hi\u0161a&#8221;<\/a><\/li>\n<li><a href=\"https:\/\/www.koper.si\/wp-content\/uploads\/2021\/01\/koncno-porocilo-s-prilogami-plinifikacija.zip\" target=\"_blank\" rel=\"noopener noreferrer\">Kon\u010dno poro\u010dilo o pregledu dokumentacije v postopku sklenitve in izvajanja &#8220;Koncesijske pogodbe za dejavnost sistemskega distributerja distribucijskega omre\u017eja zemeljskega plina&#8221; (s prilogami)<\/a><\/li>\n<li><a href=\"https:\/\/www.koper.si\/wp-content\/uploads\/2021\/06\/Koncno-porocilo-o-pregledu-razmerij-med-MMC-Vizija-in-Mestno-obcino-Koper.zip\">Kon\u010dno poro\u010dilo o pregledu razmerij med MMC Vizija in Mestno ob\u010dino Koper<\/a><\/li>\n<li><a href=\"https:\/\/www.koper.si\/wp-content\/uploads\/2021\/07\/koncno-porocilo-notranja-revizija-MOK-za-leti-2016-in-2017.zip\" target=\"_blank\" rel=\"noopener\">Kon\u010dno poro\u010dilo notranja revizija MOK za leti 2016 in 2017<\/a><\/li>\n<\/ul>\n<p>&nbsp;<\/p>\n<h3>Mandato 2014-2018<\/h3>\n<ul>\n<li><a href=\"https:\/\/www.koper.si\/wp-content\/uploads\/2020\/09\/Poro-ilo-o-delu-NO-za-leto-2017.pdf\" target=\"_blank\" rel=\"noopener noreferrer\">Poro\u010dilo o delu NO za leto 2017<\/a><\/li>\n<li><a href=\"https:\/\/www.koper.si\/wp-content\/uploads\/2020\/09\/Poro-ilo-o-delu-NO-za-leto-2016.pdf\" target=\"_blank\" rel=\"noopener noreferrer\">Poro\u010dilo o delu NO za leto 2016<\/a><\/li>\n<li><a href=\"https:\/\/www.koper.si\/wp-content\/uploads\/2020\/09\/Poro-ilo-o-delu-NO-za-leto-2015.-pdf.pdf\" target=\"_blank\" rel=\"noopener noreferrer\">Poro\u010dilo o delu NO za leto 2015<\/a><\/li>\n<\/ul>\n","protected":false},"excerpt":{"rendered":"<p>Mandato 2018-2022 Popravek Poro\u010dila o delu in ugotovitvah nadzornega odbora Mestne ob\u010dine Koper v letu 2022 Poro\u010dilo o delu in ugotovitvah nadzornega odbora Mestne ob\u010dine Koper v letu 2022 Kon\u010dno poro\u010dilo \u00bbProjekt Solis\u00ab Kon\u010dno poro\u010dilo \u00bbPregled evidenc videnja javne komunalne infrastrukture v Mestni ob\u010dini Koper\u00ab Poro\u010dilo o delu NO MOK v letu 2021 Poro\u010dilo NO<\/p>\n","protected":false},"author":2,"featured_media":0,"parent":20274,"menu_order":110,"comment_status":"closed","ping_status":"closed","template":"","meta":{"_acf_changed":false,"inline_featured_image":false,"footnotes":""},"class_list":["post-76207","page","type-page","status-publish","hentry"],"acf":[],"_links":{"self":[{"href":"https:\/\/www.koper.si\/it\/wp-json\/wp\/v2\/pages\/76207","targetHints":{"allow":["GET"]}}],"collection":[{"href":"https:\/\/www.koper.si\/it\/wp-json\/wp\/v2\/pages"}],"about":[{"href":"https:\/\/www.koper.si\/it\/wp-json\/wp\/v2\/types\/page"}],"author":[{"embeddable":true,"href":"https:\/\/www.koper.si\/it\/wp-json\/wp\/v2\/users\/2"}],"replies":[{"embeddable":true,"href":"https:\/\/www.koper.si\/it\/wp-json\/wp\/v2\/comments?post=76207"}],"version-history":[{"count":11,"href":"https:\/\/www.koper.si\/it\/wp-json\/wp\/v2\/pages\/76207\/revisions"}],"predecessor-version":[{"id":97429,"href":"https:\/\/www.koper.si\/it\/wp-json\/wp\/v2\/pages\/76207\/revisions\/97429"}],"up":[{"embeddable":true,"href":"https:\/\/www.koper.si\/it\/wp-json\/wp\/v2\/pages\/20274"}],"wp:attachment":[{"href":"https:\/\/www.koper.si\/it\/wp-json\/wp\/v2\/media?parent=76207"}],"curies":[{"name":"wp","href":"https:\/\/api.w.org\/{rel}","templated":true}]}}