{"id":76462,"date":"2019-12-19T14:45:47","date_gmt":"2019-12-19T13:45:47","guid":{"rendered":"https:\/\/www.koper.si\/comune\/comunita-locali\/krajevna-skupnost-borst\/"},"modified":"2024-11-08T08:09:37","modified_gmt":"2024-11-08T07:09:37","slug":"comunita-locale-di-borst","status":"publish","type":"page","link":"https:\/\/www.koper.si\/it\/comune\/comunita-locali\/comunita-locale-di-borst\/","title":{"rendered":"Comunit\u00e0 locale di Bor\u0161t"},"content":{"rendered":"<p>La comunit\u00e0 locale comprende gli abitati: Bor\u0161t (circondario territoriale 0300), Glem (circondario territoriale 0301) e Labor (circondario territoriale 0325).<\/p>\n<p><iframe loading=\"lazy\" src=\"https:\/\/www.google.com\/maps\/d\/u\/1\/embed?mid=1Fu3Hy9ey6-SKqQRPIYIb6Zmq-pg\" width=\"640\" height=\"480\"><\/iframe><\/p>\n<p><strong>Comunit\u00e0 locale di Bor\u0161t<br \/>\n<\/strong>Bor\u0161t 28<br \/>\n6273 Marezige<\/p>\n<p>&nbsp;<\/p>\n<p><strong>Superficie:<\/strong> 9.44 km2<\/p>\n<p>&nbsp;<\/p>\n<p><strong>Presidente del Consiglio della comunit\u00e0 locale:<\/strong>\u00a0Kristina Jurin\u010di\u010d Radovac<br \/>\n<strong>Segreteria della CL:<\/strong> Mladen Jurin\u010di\u010d<\/p>\n<p>&nbsp;<\/p>\n<p><strong>Contatto:<br \/>\n<\/strong>E: <a href=\"mailto:ks.borst@siol.net\">ks.borst@siol.net<\/a><br \/>\nT: +386 (0)5 655 10 18<\/p>\n<p>&nbsp;<\/p>\n<p><strong>Orario d&#8217;ufficio:<br \/>\n<\/strong>Lun: dalle 16.30 alle 18.30<\/p>\n<p>&nbsp;<\/p>\n<p><strong>Responsabile per le informazioni di carattere pubblico:<\/strong><\/p>\n<p>Kristina Jurin\u010di\u010d Radovac, presidente del Consiglio della CL di Bor\u0161t, +386 (0)5 655 10 18, <a href=\"mailto:ks.borst@siol.net\">ks.borst@siol.net<\/a><\/p>\n<p>&nbsp;<\/p>\n<p><strong>Il Consiglio della CL di Bor\u0161t<\/strong> \u00e8 composto da 7 membri:<br \/>\nMandato 2022 \u2013 2026<\/p>\n<table style=\"height: 476px;\" width=\"623\">\n<tbody>\n<tr style=\"height: 55px;\">\n<td style=\"width: 142.4px; height: 55px;\"><strong>Seggio elettorale n.<\/strong><\/td>\n<td style=\"width: 305.6px; height: 55px;\"><strong>Membri eletti<\/strong><\/td>\n<td style=\"width: 154.4px; height: 55px;\"><strong>Funzione<\/strong><\/td>\n<\/tr>\n<tr style=\"height: 55px;\">\n<td style=\"width: 142.4px; height: 33px;\">1<\/td>\n<td style=\"width: 305.6px; height: 33px;\">KRISTINA JURIN\u010cI\u010c RADOVAC<\/td>\n<td style=\"width: 154.4px; height: 33px;\"><strong>presidente<\/strong><\/td>\n<\/tr>\n<tr style=\"height: 55px;\">\n<td style=\"width: 142.4px; height: 37px;\">1<\/td>\n<td style=\"width: 305.6px; height: 37px;\">JERNEJ JERMAN<\/td>\n<td style=\"width: 154.4px; height: 37px;\">membro<\/td>\n<\/tr>\n<tr style=\"height: 55px;\">\n<td style=\"width: 142.4px; height: 34px;\">2<\/td>\n<td style=\"width: 305.6px; height: 34px;\">DIMITRIJ KOCJAN\u010cI\u010c<\/td>\n<td style=\"width: 154.4px; height: 34px;\">membro<\/td>\n<\/tr>\n<tr style=\"height: 55px;\">\n<td style=\"width: 142.4px; height: 28px;\">2<\/td>\n<td style=\"width: 305.6px; height: 28px;\">DOROTEA KRALJ<\/td>\n<td style=\"width: 154.4px; height: 28px;\">membro<\/td>\n<\/tr>\n<tr style=\"height: 55px;\">\n<td style=\"width: 142.4px; height: 37px;\">3<\/td>\n<td style=\"width: 305.6px; height: 37px;\">SUZANA RADOVAC JERMAN<\/td>\n<td style=\"width: 154.4px; height: 37px;\">membro<\/td>\n<\/tr>\n<tr style=\"height: 10px;\">\n<td style=\"width: 142.4px; height: 10px;\">3<\/td>\n<td style=\"width: 305.6px; height: 10px;\">MARTIN KAC<\/td>\n<td style=\"width: 154.4px; height: 10px;\"><strong>vicepresidente<\/strong><\/td>\n<\/tr>\n<\/tbody>\n<\/table>\n","protected":false},"excerpt":{"rendered":"<p>La comunit\u00e0 locale comprende gli abitati: Bor\u0161t (circondario territoriale 0300), Glem (circondario territoriale 0301) e Labor (circondario territoriale 0325). Comunit\u00e0 locale di Bor\u0161t Bor\u0161t 28 6273 Marezige &nbsp; Superficie: 9.44 km2 &nbsp; Presidente del Consiglio della comunit\u00e0 locale:\u00a0Kristina Jurin\u010di\u010d Radovac Segreteria della CL: Mladen Jurin\u010di\u010d &nbsp; Contatto: E: ks.borst@siol.net T: +386 (0)5 655 10 18<\/p>\n","protected":false},"author":6,"featured_media":0,"parent":20271,"menu_order":120,"comment_status":"closed","ping_status":"closed","template":"","meta":{"_acf_changed":false,"inline_featured_image":false,"footnotes":""},"class_list":["post-76462","page","type-page","status-publish","hentry"],"acf":[],"_links":{"self":[{"href":"https:\/\/www.koper.si\/it\/wp-json\/wp\/v2\/pages\/76462","targetHints":{"allow":["GET"]}}],"collection":[{"href":"https:\/\/www.koper.si\/it\/wp-json\/wp\/v2\/pages"}],"about":[{"href":"https:\/\/www.koper.si\/it\/wp-json\/wp\/v2\/types\/page"}],"author":[{"embeddable":true,"href":"https:\/\/www.koper.si\/it\/wp-json\/wp\/v2\/users\/6"}],"replies":[{"embeddable":true,"href":"https:\/\/www.koper.si\/it\/wp-json\/wp\/v2\/comments?post=76462"}],"version-history":[{"count":7,"href":"https:\/\/www.koper.si\/it\/wp-json\/wp\/v2\/pages\/76462\/revisions"}],"predecessor-version":[{"id":107913,"href":"https:\/\/www.koper.si\/it\/wp-json\/wp\/v2\/pages\/76462\/revisions\/107913"}],"up":[{"embeddable":true,"href":"https:\/\/www.koper.si\/it\/wp-json\/wp\/v2\/pages\/20271"}],"wp:attachment":[{"href":"https:\/\/www.koper.si\/it\/wp-json\/wp\/v2\/media?parent=76462"}],"curies":[{"name":"wp","href":"https:\/\/api.w.org\/{rel}","templated":true}]}}