{"id":76463,"date":"2019-12-19T14:45:41","date_gmt":"2019-12-19T13:45:41","guid":{"rendered":"https:\/\/www.koper.si\/comune\/comunita-locali\/krajevna-skupnost-crni-kal\/"},"modified":"2024-06-26T08:44:03","modified_gmt":"2024-06-26T06:44:03","slug":"comunita-locale-di-crni-kal","status":"publish","type":"page","link":"https:\/\/www.koper.si\/it\/comune\/comunita-locali\/comunita-locale-di-crni-kal\/","title":{"rendered":"Comunit\u00e0 locale di \u010crni Kal"},"content":{"rendered":"<p>La comunit\u00e0 locale comprende gli abitati: Bezovica (circondario territoriale \u00a00193), Bre\u017eec pri Podgorju (circondario territoriale \u00a00196), Cepki (circondario territoriale \u00a00290), \u010crni Kal (circondari territoriali 0189, 0190), \u010crnoti\u010de (circondario territoriale \u00a00229), Dol pri Hrastovljah (circondario territoriale \u00a00199), Gabrovica pri \u010crnem Kalu (circondario territoriale \u00a00230), Hrastovlje (circondario territoriale \u00a00294), Kastelec (circondario territoriale \u00a00344), Kortine (circondario territoriale \u00a00291), Krnica (circondario territoriale \u00a00188), Loka (circondario territoriale \u00a00192), Osp (circondari territoriali 0231, 0232, 0233), Podpe\u010d (circondario territoriale \u00a00194), Prapro\u010de (circondario territoriale \u00a00228), Predloka (circondario territoriale \u00a00191), Ri\u017eana (circondario territoriale \u00a00185), Ro\u017ear (circondario territoriale \u00a00186), Socerb (circondari territoriali 0345, 0346, 0347), Stepani (circondario territoriale \u00a00187) in Zanigrad (circondario territoriale \u00a00195).<\/p>\n<p><iframe loading=\"lazy\" src=\"https:\/\/www.google.com\/maps\/d\/u\/1\/embed?mid=1_9naz_K8OrUt5M9BVeLLN1iz5cI\" width=\"640\" height=\"480\"><\/iframe><\/p>\n<p><strong>Comunit\u00e0 locale \u010crni Kal<br \/>\n<\/strong>\u010crni Kal 70<br \/>\n6275 \u010crni Kal<\/p>\n<p>&nbsp;<\/p>\n<p><strong>Superficie:<\/strong> 51.52 km2<\/p>\n<p>&nbsp;<\/p>\n<p><strong>Presidente del Consiglio della comunit\u00e0 locale:<\/strong> Pavel Frank<br \/>\n<strong>Segreteria della CL<\/strong>: Erika Ra\u017eman<\/p>\n<p>&nbsp;<\/p>\n<p><strong>Contatto:<br \/>\n<\/strong>E: <a href=\"mailto:ksck@siol.net\">ksck@siol.net<\/a><br \/>\nT: +386 (0)5 659 02 50<br \/>\nM: +386 (0)70 636 035<\/p>\n<p>&nbsp;<\/p>\n<p><strong>Orario d&#8217;ufficio:<br \/>\n<\/strong>Lun: dalle 08.00 alle 12.00<br \/>\nMer: dalle 14.00 do alle 16.00<\/p>\n<p>&nbsp;<\/p>\n<p><strong>Responsabile per le informazioni di carattere pubblico:<br \/>\n<\/strong>Pavel Frank, presidente del Consiglio della CL di \u010crni Kal, +386 (0)5 659 02 50, <a href=\"mailto:ksck@siol.net\">ksck@siol.net<\/a><\/p>\n<p>&nbsp;<\/p>\n<p><strong>Il Consiglio della CL di \u010crni Kal <\/strong>\u00e8 composto da 13 membri:<br \/>\nMandato 2022 \u2013 2026<\/p>\n<table style=\"height: 318px;\" width=\"558\">\n<tbody>\n<tr style=\"height: 45px;\">\n<td style=\"height: 45px;\" width=\"132\"><strong>Seggio elettorale n.<\/strong><\/td>\n<td style=\"height: 45px;\" width=\"283\"><strong>Membri eletti<\/strong><\/td>\n<td style=\"height: 45px;\" width=\"142\"><strong>Funzione<\/strong><\/td>\n<\/tr>\n<tr style=\"height: 21px;\">\n<td style=\"height: 21px;\" width=\"132\">1<\/td>\n<td style=\"height: 21px;\" width=\"283\">URO\u0160 \u0160AVRON<\/td>\n<td style=\"height: 21px;\" width=\"142\">membro<\/td>\n<\/tr>\n<tr style=\"height: 21px;\">\n<td style=\"height: 21px;\" width=\"132\">2<\/td>\n<td style=\"height: 21px;\" width=\"283\">KATJA RO\u017dMAN POHLEN<\/td>\n<td style=\"height: 21px;\" width=\"142\">membro<\/td>\n<\/tr>\n<tr style=\"height: 21px;\">\n<td style=\"height: 21px;\" width=\"132\">3<\/td>\n<td style=\"height: 21px;\" width=\"283\">JANKO OKOREN<\/td>\n<td style=\"height: 21px;\" width=\"142\">membro<\/td>\n<\/tr>\n<tr style=\"height: 21px;\">\n<td style=\"height: 21px;\" width=\"132\">3<\/td>\n<td style=\"height: 21px;\" width=\"283\">JADRAN STEPAN<\/td>\n<td style=\"height: 21px;\" width=\"142\">membro<\/td>\n<\/tr>\n<tr style=\"height: 21px;\">\n<td style=\"height: 21px;\" width=\"132\">4<\/td>\n<td style=\"height: 21px;\" width=\"283\">SERGIJ ANDREJA\u0160<\/td>\n<td style=\"height: 21px;\" width=\"142\"><strong>vicepresidente<\/strong><\/td>\n<\/tr>\n<tr style=\"height: 21px;\">\n<td style=\"height: 21px;\" width=\"132\">5<\/td>\n<td style=\"height: 21px;\" width=\"283\">DIMITRIJ \u010cERNIC<\/td>\n<td style=\"height: 21px;\" width=\"142\">membro<\/td>\n<\/tr>\n<tr style=\"height: 21px;\">\n<td style=\"height: 21px;\" width=\"132\">6<\/td>\n<td style=\"height: 21px;\" width=\"283\">PAVEL FRANK<\/td>\n<td style=\"height: 21px;\" width=\"142\"><strong>presidente<\/strong><\/td>\n<\/tr>\n<tr style=\"height: 21px;\">\n<td style=\"height: 21px;\" width=\"132\">7<\/td>\n<td style=\"height: 21px;\" width=\"283\">INGRID CUNJA KOCBEK<\/td>\n<td style=\"height: 21px;\" width=\"142\">membro<\/td>\n<\/tr>\n<tr style=\"height: 21px;\">\n<td style=\"height: 21px;\" width=\"132\">8<\/td>\n<td style=\"height: 21px;\" width=\"283\">IVANA FURLAN<\/td>\n<td style=\"height: 21px;\" width=\"142\">membro<\/td>\n<\/tr>\n<tr style=\"height: 21px;\">\n<td style=\"height: 21px;\" width=\"132\">9<\/td>\n<td style=\"height: 21px;\" width=\"283\">BOJAN TAV\u010cAR<\/td>\n<td style=\"height: 21px;\" width=\"142\">membro<\/td>\n<\/tr>\n<tr style=\"height: 21px;\">\n<td style=\"height: 21px;\" width=\"132\">10<\/td>\n<td style=\"height: 21px;\" width=\"283\">SIMONA ZRIM<\/td>\n<td style=\"height: 21px;\" width=\"142\">membro<\/td>\n<\/tr>\n<tr style=\"height: 21px;\">\n<td style=\"height: 21px;\" width=\"132\">11<\/td>\n<td style=\"height: 21px;\" width=\"283\">NEDA SEITL<\/td>\n<td style=\"height: 21px;\" width=\"142\">membro<\/td>\n<\/tr>\n<tr style=\"height: 21px;\">\n<td style=\"height: 21px;\" width=\"132\">12<\/td>\n<td style=\"height: 21px;\" width=\"283\">TINA PRIMO\u017dI\u010c<\/td>\n<td style=\"height: 21px;\" width=\"142\">membro<\/td>\n<\/tr>\n<\/tbody>\n<\/table>\n<p>&nbsp;<\/p>\n<h3>Inviti e verbali di riunioni:<\/h3>\n","protected":false},"excerpt":{"rendered":"<p>La comunit\u00e0 locale comprende gli abitati: Bezovica (circondario territoriale \u00a00193), Bre\u017eec pri Podgorju (circondario territoriale \u00a00196), Cepki (circondario territoriale \u00a00290), \u010crni Kal (circondari territoriali 0189, 0190), \u010crnoti\u010de (circondario territoriale \u00a00229), Dol pri Hrastovljah (circondario territoriale \u00a00199), Gabrovica pri \u010crnem Kalu (circondario territoriale \u00a00230), Hrastovlje (circondario territoriale \u00a00294), Kastelec (circondario territoriale \u00a00344), Kortine (circondario territoriale \u00a00291),<\/p>\n","protected":false},"author":6,"featured_media":0,"parent":20271,"menu_order":122,"comment_status":"closed","ping_status":"closed","template":"","meta":{"_acf_changed":false,"inline_featured_image":false,"footnotes":""},"class_list":["post-76463","page","type-page","status-publish","hentry"],"acf":[],"_links":{"self":[{"href":"https:\/\/www.koper.si\/it\/wp-json\/wp\/v2\/pages\/76463","targetHints":{"allow":["GET"]}}],"collection":[{"href":"https:\/\/www.koper.si\/it\/wp-json\/wp\/v2\/pages"}],"about":[{"href":"https:\/\/www.koper.si\/it\/wp-json\/wp\/v2\/types\/page"}],"author":[{"embeddable":true,"href":"https:\/\/www.koper.si\/it\/wp-json\/wp\/v2\/users\/6"}],"replies":[{"embeddable":true,"href":"https:\/\/www.koper.si\/it\/wp-json\/wp\/v2\/comments?post=76463"}],"version-history":[{"count":8,"href":"https:\/\/www.koper.si\/it\/wp-json\/wp\/v2\/pages\/76463\/revisions"}],"predecessor-version":[{"id":106417,"href":"https:\/\/www.koper.si\/it\/wp-json\/wp\/v2\/pages\/76463\/revisions\/106417"}],"up":[{"embeddable":true,"href":"https:\/\/www.koper.si\/it\/wp-json\/wp\/v2\/pages\/20271"}],"wp:attachment":[{"href":"https:\/\/www.koper.si\/it\/wp-json\/wp\/v2\/media?parent=76463"}],"curies":[{"name":"wp","href":"https:\/\/api.w.org\/{rel}","templated":true}]}}