{"id":76466,"date":"2019-12-19T14:45:24","date_gmt":"2019-12-19T13:45:24","guid":{"rendered":"https:\/\/www.koper.si\/comune\/comunita-locali\/krajevna-skupnost-gradin\/"},"modified":"2024-06-26T08:44:56","modified_gmt":"2024-06-26T06:44:56","slug":"comunita-locale-di-gradin","status":"publish","type":"page","link":"https:\/\/www.koper.si\/it\/comune\/comunita-locali\/comunita-locale-di-gradin\/","title":{"rendered":"Comunit\u00e0 locale di Gradin"},"content":{"rendered":"<p>La comunit\u00e0 locale comprende gli abitati: Abitanti (circondario territoriale \u00a00299), Belvedur (circondario territoriale \u00a00296), Brezovica pri Gradinu (circondario territoriale \u00a00219), Gradin (circondario territoriale \u00a00299, 0218), Koroma\u010di &#8211; Bo\u0161kini (circondario territoriale \u00a00216), Mo\u010dunigi (circondario territoriale \u00a00298), Pregara (circondario territoriale \u00a00220, 0221), Sir\u010di (circondario territoriale \u00a00217), Topolovec (circondario territoriale \u00a00297).<\/p>\n<p><iframe loading=\"lazy\" src=\"https:\/\/www.google.com\/maps\/d\/u\/1\/embed?mid=1yAK4hlaVQ8hrqYWPIPFhiHgdSOE\" width=\"640\" height=\"480\"><\/iframe><\/p>\n<p><strong>Comunit\u00e0 locale di Gradin<br \/>\n<\/strong>Brezovica pri Gradinu 1b<br \/>\n6272 Gra\u010di\u0161\u010de<\/p>\n<p>&nbsp;<\/p>\n<p><strong>Superficie:<\/strong> 28.12 km2<\/p>\n<p>&nbsp;<\/p>\n<p><strong>Presidente del Consiglio della comunit\u00e0 locale:<\/strong> Sebastijan \u0160aule<br \/>\n<strong>Segreteria della CL:<\/strong> Marica Babi\u010d<\/p>\n<p>&nbsp;<\/p>\n<p><strong>Contatto:<br \/>\n<\/strong>E: <a href=\"mailto:ks.gradin@siol.net\">ks.gradin@siol.net<\/a><br \/>\nT: +386 (0)5 657 40 54<br \/>\nM: +386 (0) 30 708 673<\/p>\n<p>&nbsp;<\/p>\n<p><strong>Orario d&#8217;ufficio:<br \/>\n<\/strong>Mer: dalle 14.00 alle 16.00<\/p>\n<p>&nbsp;<\/p>\n<p><strong>Responsabile per le informazioni di carattere pubblico:<br \/>\n<\/strong>Sebastijan \u0160aule, presidente del Consiglio della CL di Gradin, +386 (0)5 657 40 54, <a href=\"mailto:ks.gradin@siol.net\">ks.gradin@siol.net<\/a><\/p>\n<p>&nbsp;<\/p>\n<p><strong>Il Consiglio della CL di Gradin<\/strong> \u00e8 composto da 9 membri:<br \/>\nMandato 2022 \u2013 2026<\/p>\n<table style=\"height: 210px;\" width=\"558\">\n<tbody>\n<tr style=\"height: 21px;\">\n<td style=\"width: 145px; height: 21px;\" width=\"132\"><strong>Seggio elettorale n.<\/strong><\/td>\n<td style=\"width: 259px; height: 21px;\" width=\"283\"><strong>Membri eletti<\/strong><\/td>\n<td style=\"width: 145px; height: 21px;\" width=\"142\"><strong>Funzione<\/strong><\/td>\n<\/tr>\n<tr style=\"height: 21px;\">\n<td style=\"width: 145px; height: 21px;\" width=\"132\">1<\/td>\n<td style=\"width: 259px; height: 21px;\" width=\"283\">STELIJO MARKE\u017dI\u010c<\/td>\n<td style=\"width: 145px; height: 21px;\" width=\"142\">membro<\/td>\n<\/tr>\n<tr style=\"height: 21px;\">\n<td style=\"width: 145px; height: 21px;\" width=\"132\">1<\/td>\n<td style=\"width: 259px; height: 21px;\" width=\"283\">PAOLO STEPAN\u010cI\u010c<\/td>\n<td style=\"width: 145px; height: 21px;\" width=\"142\"><strong>vicepresidente<\/strong><\/td>\n<\/tr>\n<tr style=\"height: 21px;\">\n<td style=\"width: 145px; height: 21px;\" width=\"132\">1<\/td>\n<td style=\"width: 259px; height: 21px;\" width=\"283\">SANDI VE\u017dNAVER<\/td>\n<td style=\"width: 145px; height: 21px;\" width=\"142\">membro<\/td>\n<\/tr>\n<tr style=\"height: 21px;\">\n<td style=\"width: 145px; height: 21px;\" width=\"132\">2<\/td>\n<td style=\"width: 259px; height: 21px;\" width=\"283\">SEBASTJAN \u0160AULE<\/td>\n<td style=\"width: 145px; height: 21px;\" width=\"142\"><strong>presidente<\/strong><\/td>\n<\/tr>\n<tr style=\"height: 21px;\">\n<td style=\"width: 145px; height: 21px;\" width=\"132\">2<\/td>\n<td style=\"width: 259px; height: 21px;\" width=\"283\">DANILO MAR\u0160I\u010c<\/td>\n<td style=\"width: 145px; height: 21px;\" width=\"142\">membro<\/td>\n<\/tr>\n<tr style=\"height: 21px;\">\n<td style=\"width: 145px; height: 21px;\" width=\"132\">2<\/td>\n<td style=\"width: 259px; height: 21px;\" width=\"283\">IGOR MIKOLI\u010c<\/td>\n<td style=\"width: 145px; height: 21px;\" width=\"142\">membro<\/td>\n<\/tr>\n<tr style=\"height: 21px;\">\n<td style=\"width: 145px; height: 21px;\" width=\"132\">3<\/td>\n<td style=\"width: 259px; height: 21px;\" width=\"283\">NATA\u0160A RADIN<\/td>\n<td style=\"width: 145px; height: 21px;\" width=\"142\">membro<\/td>\n<\/tr>\n<tr style=\"height: 21px;\">\n<td style=\"width: 145px; height: 21px;\">3<\/td>\n<td style=\"width: 259px; height: 21px;\">MARINO BO\u0160KIN<\/td>\n<td style=\"width: 145px; height: 21px;\">membro<\/td>\n<\/tr>\n<tr style=\"height: 21px;\">\n<td style=\"width: 145px; height: 21px;\">3<\/td>\n<td style=\"width: 259px; height: 21px;\">MANJA VRENKO<\/td>\n<td style=\"width: 145px; height: 21px;\">membro<\/td>\n<\/tr>\n<\/tbody>\n<\/table>\n<p><a href=\"https:\/\/www.koper.si\/wp-content\/uploads\/2020\/06\/pgd.pdf\" target=\"_blank\" rel=\"noopener noreferrer\">Pubblicazione in occasione del 30-esimo anniversario PGD Gradin<\/a><\/p>\n","protected":false},"excerpt":{"rendered":"<p>La comunit\u00e0 locale comprende gli abitati: Abitanti (circondario territoriale \u00a00299), Belvedur (circondario territoriale \u00a00296), Brezovica pri Gradinu (circondario territoriale \u00a00219), Gradin (circondario territoriale \u00a00299, 0218), Koroma\u010di &#8211; Bo\u0161kini (circondario territoriale \u00a00216), Mo\u010dunigi (circondario territoriale \u00a00298), Pregara (circondario territoriale \u00a00220, 0221), Sir\u010di (circondario territoriale \u00a00217), Topolovec (circondario territoriale \u00a00297). Comunit\u00e0 locale di Gradin Brezovica pri Gradinu<\/p>\n","protected":false},"author":6,"featured_media":0,"parent":20271,"menu_order":131,"comment_status":"closed","ping_status":"closed","template":"","meta":{"_acf_changed":false,"inline_featured_image":false,"footnotes":""},"class_list":["post-76466","page","type-page","status-publish","hentry"],"acf":[],"_links":{"self":[{"href":"https:\/\/www.koper.si\/it\/wp-json\/wp\/v2\/pages\/76466","targetHints":{"allow":["GET"]}}],"collection":[{"href":"https:\/\/www.koper.si\/it\/wp-json\/wp\/v2\/pages"}],"about":[{"href":"https:\/\/www.koper.si\/it\/wp-json\/wp\/v2\/types\/page"}],"author":[{"embeddable":true,"href":"https:\/\/www.koper.si\/it\/wp-json\/wp\/v2\/users\/6"}],"replies":[{"embeddable":true,"href":"https:\/\/www.koper.si\/it\/wp-json\/wp\/v2\/comments?post=76466"}],"version-history":[{"count":6,"href":"https:\/\/www.koper.si\/it\/wp-json\/wp\/v2\/pages\/76466\/revisions"}],"predecessor-version":[{"id":106419,"href":"https:\/\/www.koper.si\/it\/wp-json\/wp\/v2\/pages\/76466\/revisions\/106419"}],"up":[{"embeddable":true,"href":"https:\/\/www.koper.si\/it\/wp-json\/wp\/v2\/pages\/20271"}],"wp:attachment":[{"href":"https:\/\/www.koper.si\/it\/wp-json\/wp\/v2\/media?parent=76466"}],"curies":[{"name":"wp","href":"https:\/\/api.w.org\/{rel}","templated":true}]}}