{"id":76476,"date":"2019-12-19T14:44:18","date_gmt":"2019-12-19T13:44:18","guid":{"rendered":"https:\/\/www.koper.si\/comune\/comunita-locali\/krajevna-skupnost-skofije\/"},"modified":"2024-06-26T08:48:32","modified_gmt":"2024-06-26T06:48:32","slug":"comunita-locale-di-skofije","status":"publish","type":"page","link":"https:\/\/www.koper.si\/it\/comune\/comunita-locali\/comunita-locale-di-skofije\/","title":{"rendered":"Comunit\u00e0 locale di \u0160kofije"},"content":{"rendered":"<p>La comunit\u00e0 locale comprende gli abitati: Jelarji (circondario territoriale \u00a00247), Plavje (circondari territoriali 0234, 0235), Spodnje \u0160kofije (circondari territoriali da 0236 a 0246), Tinjan (circondari territoriali 0288, 0289) e Zgornje \u0160kofije (circondari territoriali 0285, 0286, 0287).<\/p>\n<p><iframe loading=\"lazy\" src=\"https:\/\/www.google.com\/maps\/d\/u\/1\/embed?mid=1BHuy4vx9Zb4lhzwCD6QhcKZefwA\" width=\"640\" height=\"480\"><\/iframe><\/p>\n<p><strong>Comunit\u00e0 locale di \u0160kofije<br \/>\n<\/strong>Spodnje \u0160kofije 54<br \/>\n6281 \u0160kofije<\/p>\n<p>&nbsp;<\/p>\n<p><strong>Superficie:<\/strong> 13.56 km2<\/p>\n<p>&nbsp;<\/p>\n<p><strong>Presidente del Consiglio della comunit\u00e0 locale:<\/strong> Matja\u017e \u010cok<br \/>\n<strong>Segreteria della CL:<\/strong> Majda Bonaca<\/p>\n<p>&nbsp;<\/p>\n<p><strong>Contatto:<br \/>\n<\/strong>E: <a href=\"mailto:ks.skofije@siol.net\">ks.skofije@siol.net<\/a><br \/>\nT: +386 (0)5 654 91 21<br \/>\nM: +386 (0)41 698 435<br \/>\nW:\u00a0<a href=\"http:\/\/www.ks-skofije.si\/\" target=\"_blank\" rel=\"noopener noreferrer\">www.ks-skofije.si<\/a><\/p>\n<p>&nbsp;<\/p>\n<p><strong>Orario d&#8217;ufficio:<br \/>\n<\/strong>Lun: dalle 08.00 alle 12.00<br \/>\nMer: dalle 14.00 alle 17.00<\/p>\n<p>&nbsp;<\/p>\n<p><strong>Responsabile per le informazioni di carattere pubblico:<br \/>\n<\/strong>Matja\u017e \u010cok, presidente del Consiglio della CL di \u0160kofije, +386 (0)5 654 91 21, <a href=\"mailto:ks.skofije@siol.net\">ks.skofije@siol.net<\/a><\/p>\n<p>&nbsp;<\/p>\n<p><strong>Il Consiglio della CL di \u0160kofije<\/strong> comprende 11 membri:<br \/>\nMandato 2022\u2013 2026<\/p>\n<table width=\"558\">\n<tbody>\n<tr>\n<td width=\"132\"><strong>Seggio elettorale n.<\/strong><\/td>\n<td width=\"283\"><strong>Membri eletti<\/strong><\/td>\n<td width=\"142\"><strong>Funzione<\/strong><\/td>\n<\/tr>\n<tr>\n<td width=\"132\">1<\/td>\n<td width=\"283\">BORUT SLAPNIK<\/td>\n<td width=\"142\">membro<\/td>\n<\/tr>\n<tr>\n<td>1<\/td>\n<td>MILAN (MILO\u0160) MARKO\u010cI\u010c<\/td>\n<td>membro<\/td>\n<\/tr>\n<tr>\n<td width=\"132\">1<\/td>\n<td width=\"283\">ALAN RADIN<\/td>\n<td width=\"142\">membro<\/td>\n<\/tr>\n<tr>\n<td width=\"132\">2<\/td>\n<td width=\"283\">ERIKA MARKE\u017dI\u010c KAPELJ<\/td>\n<td width=\"142\"><strong>vicepresidente<\/strong><\/td>\n<\/tr>\n<tr>\n<td width=\"132\">2<\/td>\n<td width=\"283\">RINO HRVATIN<\/td>\n<td width=\"142\">membro<\/td>\n<\/tr>\n<tr>\n<td width=\"132\">2<\/td>\n<td width=\"283\">OSKAR DODI\u010c<\/td>\n<td width=\"142\">membro<\/td>\n<\/tr>\n<tr>\n<td width=\"132\">3<\/td>\n<td width=\"283\">NEJA BONBEK NATEK<\/td>\n<td width=\"142\">membro<\/td>\n<\/tr>\n<tr>\n<td width=\"132\">4<\/td>\n<td width=\"283\">MATJA\u017d \u010cOK<\/td>\n<td width=\"142\"><strong>presidente<\/strong><\/td>\n<\/tr>\n<tr>\n<td width=\"132\">4<\/td>\n<td width=\"283\">NEVA TUL<\/td>\n<td width=\"142\">membro<\/td>\n<\/tr>\n<tr>\n<td width=\"132\">5<\/td>\n<td width=\"283\">NATA\u0160A BATAGELJ NDIOR<\/td>\n<td width=\"142\">membro<\/td>\n<\/tr>\n<tr>\n<td width=\"132\">6-IT<\/td>\n<td width=\"283\">VALENTINA PETARO\u0160-JEROMELA<\/td>\n<td width=\"142\">membro<\/td>\n<\/tr>\n<\/tbody>\n<\/table>\n","protected":false},"excerpt":{"rendered":"<p>La comunit\u00e0 locale comprende gli abitati: Jelarji (circondario territoriale \u00a00247), Plavje (circondari territoriali 0234, 0235), Spodnje \u0160kofije (circondari territoriali da 0236 a 0246), Tinjan (circondari territoriali 0288, 0289) e Zgornje \u0160kofije (circondari territoriali 0285, 0286, 0287). Comunit\u00e0 locale di \u0160kofije Spodnje \u0160kofije 54 6281 \u0160kofije &nbsp; Superficie: 13.56 km2 &nbsp; Presidente del Consiglio della comunit\u00e0<\/p>\n","protected":false},"author":6,"featured_media":0,"parent":20271,"menu_order":150,"comment_status":"closed","ping_status":"closed","template":"","meta":{"_acf_changed":false,"inline_featured_image":false,"footnotes":""},"class_list":["post-76476","page","type-page","status-publish","hentry"],"acf":[],"_links":{"self":[{"href":"https:\/\/www.koper.si\/it\/wp-json\/wp\/v2\/pages\/76476","targetHints":{"allow":["GET"]}}],"collection":[{"href":"https:\/\/www.koper.si\/it\/wp-json\/wp\/v2\/pages"}],"about":[{"href":"https:\/\/www.koper.si\/it\/wp-json\/wp\/v2\/types\/page"}],"author":[{"embeddable":true,"href":"https:\/\/www.koper.si\/it\/wp-json\/wp\/v2\/users\/6"}],"replies":[{"embeddable":true,"href":"https:\/\/www.koper.si\/it\/wp-json\/wp\/v2\/comments?post=76476"}],"version-history":[{"count":6,"href":"https:\/\/www.koper.si\/it\/wp-json\/wp\/v2\/pages\/76476\/revisions"}],"predecessor-version":[{"id":106429,"href":"https:\/\/www.koper.si\/it\/wp-json\/wp\/v2\/pages\/76476\/revisions\/106429"}],"up":[{"embeddable":true,"href":"https:\/\/www.koper.si\/it\/wp-json\/wp\/v2\/pages\/20271"}],"wp:attachment":[{"href":"https:\/\/www.koper.si\/it\/wp-json\/wp\/v2\/media?parent=76476"}],"curies":[{"name":"wp","href":"https:\/\/api.w.org\/{rel}","templated":true}]}}