{"id":76481,"date":"2019-12-19T14:43:19","date_gmt":"2019-12-19T13:43:19","guid":{"rendered":"https:\/\/www.koper.si\/comune\/comunita-locali\/krajevna-skupnost-zazid\/"},"modified":"2024-06-26T08:50:08","modified_gmt":"2024-06-26T06:50:08","slug":"comunita-locale-di-zazid","status":"publish","type":"page","link":"https:\/\/www.koper.si\/it\/comune\/comunita-locali\/comunita-locale-di-zazid\/","title":{"rendered":"Comunit\u00e0 locale di Zazid"},"content":{"rendered":"<p>La comunit\u00e0 locale comprende gli abitati: Zazid (circondari territoriali 0197, 0198).<\/p>\n<p><iframe loading=\"lazy\" src=\"https:\/\/www.google.com\/maps\/d\/u\/1\/embed?mid=1Dxk9l35rPOFbKXxA-ae_b2XwJcc\" width=\"640\" height=\"480\"><\/iframe><\/p>\n<p><strong>Comunit\u00e0 locale di Zazid<br \/>\n<\/strong>Zazid n.n.<br \/>\n6275 \u010crni Kal<\/p>\n<p>&nbsp;<\/p>\n<p><strong>Superficie:<\/strong> 13.26 km2<\/p>\n<p>&nbsp;<\/p>\n<p><strong>Presidente del Consiglio della comunit\u00e0 locale:<\/strong> Peter \u0160vab<br \/>\n<strong>Segreteria della CL:<\/strong> Robert Bo\u017ei\u010d<\/p>\n<p>&nbsp;<\/p>\n<p><strong>Contatto:<br \/>\n<\/strong>E: <a href=\"mailto:ks.zazid@gmail.com\">ks.zazid@gmail.com<\/a><br \/>\nM: +386 (0)30 487 768<\/p>\n<p>&nbsp;<\/p>\n<p><strong>Orario d&#8217;ufficio:<br \/>\n<\/strong>Mer: dalle 13.30 alle 15.30<\/p>\n<p>&nbsp;<\/p>\n<p><strong>Responsabile per le informazioni di carattere pubblico:<br \/>\n<\/strong>Dejan \u0160vab, presidente de Consiglio della CL di Zazid, <a href=\"mailto:ks.zazid@gmail.com\">ks.zazid@gmail.com<\/a><\/p>\n<p>&nbsp;<\/p>\n<p><strong>Il Consiglio della CL di Zazid<\/strong> \u00e8 composto da 7 membri:<br \/>\nMandato 2022\u20132026<\/p>\n<table width=\"558\">\n<tbody>\n<tr>\n<td style=\"width: 148px;\" width=\"132\"><strong>Seggio elettorale n.<\/strong><\/td>\n<td style=\"width: 256px;\" width=\"283\"><strong>Membri eletti<\/strong><\/td>\n<td style=\"width: 145px;\" width=\"142\"><strong>Funzione<\/strong><\/td>\n<\/tr>\n<tr>\n<td style=\"width: 148px;\" width=\"132\">1<\/td>\n<td style=\"width: 256px;\" width=\"283\">PETER \u0160VAB<\/td>\n<td style=\"width: 145px;\" width=\"142\"><strong>presidente<\/strong><\/td>\n<\/tr>\n<tr>\n<td style=\"width: 148px;\" width=\"132\">1<\/td>\n<td style=\"width: 256px;\" width=\"283\">GREGOR \u0160VAB<\/td>\n<td style=\"width: 145px;\" width=\"142\"><strong>vicepresidente<\/strong><\/td>\n<\/tr>\n<tr>\n<td style=\"width: 148px;\" width=\"132\">1<\/td>\n<td style=\"width: 256px;\" width=\"283\">VLADO \u0160VAB<\/td>\n<td style=\"width: 145px;\" width=\"142\">membro<\/td>\n<\/tr>\n<tr>\n<td style=\"width: 148px;\" width=\"132\">1<\/td>\n<td style=\"width: 256px;\" width=\"283\">ANJA KRAMASTETER<\/td>\n<td style=\"width: 145px;\" width=\"142\">membro<\/td>\n<\/tr>\n<tr>\n<td style=\"width: 148px;\" width=\"132\">1<\/td>\n<td style=\"width: 256px;\" width=\"283\">DEJAN \u0160VAB<\/td>\n<td style=\"width: 145px;\" width=\"142\">membro<\/td>\n<\/tr>\n<tr>\n<td style=\"width: 148px;\" width=\"132\">1<\/td>\n<td style=\"width: 256px;\" width=\"283\">KELLY \u0160VAB<\/td>\n<td style=\"width: 145px;\" width=\"142\">membro<\/td>\n<\/tr>\n<tr>\n<td style=\"width: 148px;\" width=\"132\">1<\/td>\n<td style=\"width: 256px;\" width=\"283\">MONIKA BA\u017dEC KUKULIN<\/td>\n<td style=\"width: 145px;\" width=\"142\">membro<\/td>\n<\/tr>\n<\/tbody>\n<\/table>\n","protected":false},"excerpt":{"rendered":"<p>La comunit\u00e0 locale comprende gli abitati: Zazid (circondari territoriali 0197, 0198). Comunit\u00e0 locale di Zazid Zazid n.n. 6275 \u010crni Kal &nbsp; Superficie: 13.26 km2 &nbsp; Presidente del Consiglio della comunit\u00e0 locale: Peter \u0160vab Segreteria della CL: Robert Bo\u017ei\u010d &nbsp; Contatto: E: ks.zazid@gmail.com M: +386 (0)30 487 768 &nbsp; Orario d&#8217;ufficio: Mer: dalle 13.30 alle 15.30<\/p>\n","protected":false},"author":6,"featured_media":0,"parent":20271,"menu_order":162,"comment_status":"closed","ping_status":"closed","template":"","meta":{"_acf_changed":false,"inline_featured_image":false,"footnotes":""},"class_list":["post-76481","page","type-page","status-publish","hentry"],"acf":[],"_links":{"self":[{"href":"https:\/\/www.koper.si\/it\/wp-json\/wp\/v2\/pages\/76481","targetHints":{"allow":["GET"]}}],"collection":[{"href":"https:\/\/www.koper.si\/it\/wp-json\/wp\/v2\/pages"}],"about":[{"href":"https:\/\/www.koper.si\/it\/wp-json\/wp\/v2\/types\/page"}],"author":[{"embeddable":true,"href":"https:\/\/www.koper.si\/it\/wp-json\/wp\/v2\/users\/6"}],"replies":[{"embeddable":true,"href":"https:\/\/www.koper.si\/it\/wp-json\/wp\/v2\/comments?post=76481"}],"version-history":[{"count":6,"href":"https:\/\/www.koper.si\/it\/wp-json\/wp\/v2\/pages\/76481\/revisions"}],"predecessor-version":[{"id":106435,"href":"https:\/\/www.koper.si\/it\/wp-json\/wp\/v2\/pages\/76481\/revisions\/106435"}],"up":[{"embeddable":true,"href":"https:\/\/www.koper.si\/it\/wp-json\/wp\/v2\/pages\/20271"}],"wp:attachment":[{"href":"https:\/\/www.koper.si\/it\/wp-json\/wp\/v2\/media?parent=76481"}],"curies":[{"name":"wp","href":"https:\/\/api.w.org\/{rel}","templated":true}]}}