{"id":78724,"date":"2019-07-25T15:13:05","date_gmt":"2019-07-25T13:13:05","guid":{"rendered":"https:\/\/www.koper.si\/comune\/volitve\/"},"modified":"2021-09-24T12:30:59","modified_gmt":"2021-09-24T10:30:59","slug":"elezioni","status":"publish","type":"page","link":"https:\/\/www.koper.si\/it\/comune\/elezioni\/","title":{"rendered":"Elezioni"},"content":{"rendered":"<section class=\"kc-elm kc-css-923433 kc_row\"><div class=\" container\"><div class=\"row\"><div class=\"kc-elm kc-css-914505 col-12 col-sm-12 column col-12 col-sm-12\"><div class=\"kc-col-container\"><div class=\"kc-elm kc-css-368030 kc_text_block\"><\/p>\n<p>\nHa diritto a votare ed essere eletto in seno alle elezioni amministrative ogni cittadino, che ha compiuto in data delle elezioni almeno 18 anni, \u00e8 cittadino della Repubblica di Slovenia o cittadino di altri Paesi membri dell&#039;Unione europea con permesso di residenza permanente con certificato di residenza permanente nella RS ovv. il certificato di iscrizione della residenza e la residenza temporanea nella RS.<\/p>\n<p>Anche gli stranieri con permesso di residenza permanente e certificato di residenza permanente nella RS possono votare in seno alle elezioni amministrative.<\/p>\n<p>Gli elettori hanno diritto a votare alle elezioni amministrative solamente nel comune di residenza permanente.<\/p>\n<h2>Le elezioni a membro del Consiglio comunale<\/h2>\n<p>I partiti politici nel comune e gli elettori presso l&#039;unit\u00e0 elettorale designano i candidati e le liste di candidati per il Consiglio comunale. Gli elettori, appartenenti alla comunit\u00e0 nazionale italiana, designano i candidati a membro del Consiglio comunale, rappresentanti di detta comunit\u00e0 nazionale, con le firme di almeno 15 elettori. Per ogni candidatura \u00e8 necessario il consenso del candidato.<\/p>\n<p>Il Consiglio del Comune citt\u00e0 di Capodistria si compone di 33 membri, eletti per il mandato di quattro anni.<\/p>\n<h2>Le elezioni a Sindaco<\/h2>\n<p>Un partito politico o un gruppo di elettori pu\u00f2 proporre il candidato a Sindaco. Per la presentazione della candidatura \u00e8 necessario il consenso scritto del candidato.<\/p>\n<p>\u00c8 eletto a Sindaco il candidato che raggiunge alle elezioni la maggioranza dei voti validi.<\/p>\n<p>Se nessuno dei candidati raggiunge la maggioranza dei voti, si esegue il ballottaggio, in seno al quale gli elettori scelgono tra i due candidati che hanno raggiunto pi\u00f9 voti alla prima votazione.<\/p>\n<p>Sulla scheda elettorale i due candidati sono elencati nell&#039;ordine relativo al numero di voti ricevuto alla prima votazione. Se il numero di voti \u00e8 pari, l&#039;ordine si stabilisce con sorteggio.<\/p>\n<p>La Commissione elettorale comunale indice il ballottaggio delle elezioni regolari che si svolge 14 giorni dopo la prima votazione.<\/p>\n<h2>La Commissione elettorale comunale<\/h2>\n<p>Le elezioni al Consiglio comunale vengono gestite ed eseguite dalla Commissione elettorale comunale e dalla Commissione elettorale comunale particolare per le elezioni dei membri del Consiglio comunale \u2013 rappresentanti della comunit\u00e0 nazionale italiana.<\/p>\n<p>Le elezioni del Sindaco vengono gestite ed eseguite dalla Commissione elettorale comunale, che gestisce anche le elezioni dei Consigli delle Comunit\u00e0 locali e gestisce ed esegue il procedimento di esecuzione del referendum.<\/p>\n<p>La Commissione elettorale comunale svolge anche altre mansioni, stabilite dalla legge e dallo Statuto del Comune citt\u00e0 di Capodistria. La composizione e le mansioni delle Commissione elettorali sono stabilite dalla legge. Vengono nominati dal Consiglio comunale su proposta della Commissione per le questioni attinenti ai mandati, le elezioni e le nomine.<\/p>\n<p>\n<\/div><\/div><\/div><\/div><\/div><\/section>\n","protected":false},"excerpt":{"rendered":"<p>Le elezioni amministrative, in seno alle quali le cittadine e i cittadini eleggono il Sindaco e i membri del Consiglio comunale, si svolgono ogni quattro anni; si eseguono contemporaneamente anche le elezioni a membro della comunit\u00e0 locale. Le elezioni amministrative ordinarie si svolgono la terza domenica del mese di novembre, e cio\u00e8 presso i seggi<\/p>\n","protected":false},"author":2,"featured_media":0,"parent":72108,"menu_order":171,"comment_status":"closed","ping_status":"closed","template":"","meta":{"_acf_changed":false,"inline_featured_image":false,"footnotes":""},"class_list":["post-78724","page","type-page","status-publish","hentry"],"acf":[],"_links":{"self":[{"href":"https:\/\/www.koper.si\/it\/wp-json\/wp\/v2\/pages\/78724","targetHints":{"allow":["GET"]}}],"collection":[{"href":"https:\/\/www.koper.si\/it\/wp-json\/wp\/v2\/pages"}],"about":[{"href":"https:\/\/www.koper.si\/it\/wp-json\/wp\/v2\/types\/page"}],"author":[{"embeddable":true,"href":"https:\/\/www.koper.si\/it\/wp-json\/wp\/v2\/users\/2"}],"replies":[{"embeddable":true,"href":"https:\/\/www.koper.si\/it\/wp-json\/wp\/v2\/comments?post=78724"}],"version-history":[{"count":5,"href":"https:\/\/www.koper.si\/it\/wp-json\/wp\/v2\/pages\/78724\/revisions"}],"predecessor-version":[{"id":88703,"href":"https:\/\/www.koper.si\/it\/wp-json\/wp\/v2\/pages\/78724\/revisions\/88703"}],"up":[{"embeddable":true,"href":"https:\/\/www.koper.si\/it\/wp-json\/wp\/v2\/pages\/72108"}],"wp:attachment":[{"href":"https:\/\/www.koper.si\/it\/wp-json\/wp\/v2\/media?parent=78724"}],"curies":[{"name":"wp","href":"https:\/\/api.w.org\/{rel}","templated":true}]}}