{"id":80535,"date":"2020-09-28T10:37:33","date_gmt":"2020-09-28T08:37:33","guid":{"rendered":"https:\/\/www.koper.si\/izjava-o-dostopnosti\/"},"modified":"2026-01-29T08:51:31","modified_gmt":"2026-01-29T07:51:31","slug":"dichiarazione-di-accessibilita","status":"publish","type":"page","link":"https:\/\/www.koper.si\/it\/dichiarazione-di-accessibilita\/","title":{"rendered":"Dichiarazione di accessibilit\u00e0"},"content":{"rendered":"<p><strong>Accessibilit<\/strong><strong>\u00e0<\/strong><\/p>\n<p>Al Comune citt\u00e0 di Capodistria ci impegniamo a rendere possibile l\u2019accessibilit\u00e0 alla pagina web koper.si in conformit\u00e0 alla Legge sull\u2019accessibilit\u00e0 dei siti web e delle applicazioni mobili a tutti gli utenti.<\/p>\n<p>&nbsp;<\/p>\n<h2>Dichiarazione di accessibilit\u00e0<\/h2>\n<p>La presente dichiarazione di accessibilit\u00e0 si riferisce all\u2019intero sito web del Comune citt\u00e0 di Capodistria \u2013 koper.si. Il gestore del sito web \u00e8 il Comune citt\u00e0 di Capodistria.<\/p>\n<p>Sono stati garantiti sistematicamente alcuni adattamenti per soddisfare le richieste relative all\u2019accessibilit\u00e0:<\/p>\n<ul>\n<li>design responsivo (adattamento grafico dei contenuti alla risoluzione dello schermo),<\/li>\n<li>rappresentazione dei contenuti per gli utenti di tecnologie assistive (lettore di schermo, display Braille),<\/li>\n<li>navigazione con la tastiera (adattamento per gli utenti che non possono utilizzare il mouse),<\/li>\n<li>contrasto cromatico idoneo (tra il testo e lo sfondo),<\/li>\n<li>attivit\u00e0 prevedibile del sito web,<\/li>\n<li>sistemazione delle immagini con testo sostitutivo,<\/li>\n<li>possibile utilizzo di diversi livello di titolo.<\/li>\n<\/ul>\n<p>&nbsp;<\/p>\n<p><strong>Livello di conformit<\/strong><strong>\u00e0<\/strong><\/p>\n<p>Il sito web koper.si raggiunge il livello di accessibilit\u00e0 AA, come stabilito nelle linee guida per la progettazione dei contenuti web\u00a0<a href=\"http:\/\/www.w3.org\/TR\/WCAG20\/\" target=\"_blank\" rel=\"noopener noreferrer\">Web Content Accessibility Guidelines WCAG 2.0<\/a>\u00a0ed \u00e8 in parte conforme alla \u00a0<a href=\"http:\/\/www.pisrs.si\/Pis.web\/pregledPredpisa?id=ZAKO7718\" target=\"_blank\" rel=\"noopener noreferrer\">Legge sull&#8217;accessibilit\u00e0 dei siti web e delle applicazioni mobili<\/a>, a causa di eccezioni, come specificato nel testo a seguire.<\/p>\n<p>&nbsp;<\/p>\n<p><strong>Contenuti inaccessibili<\/strong><\/p>\n<p>L\u2019accessibilit\u00e0 del sito web viene continuamente monitorata e migliorata. Nonostante ci\u00f2, alcuni contenuti pubblicati non soddisfano tutte le richieste relative all\u2019accessibilit\u00e0, come stabilite dalla Legge sull\u2019accessibilit\u00e0 dei siti web e delle applicazioni mobili.<\/p>\n<p>Esempi di tali contenuti:<\/p>\n<ul>\n<li>documenti scannerizzati in formato PDF,<\/li>\n<li>documenti generati con programmi,<\/li>\n<li>diversi tipi di tabelle dati complesse.<\/li>\n<\/ul>\n<p>Si tratta di documenti scannerizzati, approvati prima del 2010 e che sono pubblicati in forma di documenti scannerizzati in formato PDF, relazioni annuali, organigramma dell\u2019organizzazione dell\u2019amministrazione comunale e altri contenuti simili che devono essere pubblicati in conformit\u00e0 ad altre leggi e il cui trattamento comporterebbe un carico sproporzionato. Detti contenuti si riferiscono a gruppi molto piccoli e specializzati di utenti, tra i quali fino ad ora non abbiamo riscontrato difficilt\u00e0 di accesso; al Comune citt\u00e0 di Capodistria ci impegniamo ad adattare i nostri contenuti a utenti che appartengono a gruppi vulnerabili.<\/p>\n<p>&nbsp;<\/p>\n<p><strong>Riscontri e informazioni di contatto<\/strong><\/p>\n<p>Per comunicarci qualsiasi cosa in relazione all\u2019addattamento della pagina web del Comune citt\u00e0 di Capodistria per l\u2019utilizzo delle persone con disabilit\u00e0 o in caso di bisogno di informazioni relative ai contenuti, attualmente inaccessibili, rivolgersi all\u2019indirizzo e-mail\u00a0<a href=\"mailto:obcina@koper.si\">obcina@koper.si<\/a>. Come oggetto \u00a0scrivere obbligatoriamente \u201cpagina web \u2013 accessibilit\u00e0 per gruppi vulnerabili\u00ab.<\/p>\n<p>&nbsp;<\/p>\n<p><strong>Vigilanza sulla realizzazione delle disposizioni della Legge sull\u2019accessibilit<\/strong><strong>\u00e0<\/strong><strong> dei siti web e delle applicazioni mobili del settore pubblico<\/strong><\/p>\n<p>La vigilanza sulla realizzazione della Legge sull\u2019accessibilit\u00e0 dei siti web e delle applicazioni mobili del settore punbblico compete a:<\/p>\n<p>Ministero per la trasformazione digitale<br \/>\n<a href=\"https:\/\/www.gov.si\/en\/state-authorities\/bodies-within-ministries\/information-society-inspectorate\/\" target=\"_blank\" rel=\"noopener\">Ispettorato della Repubblica di Slovenia per la societ\u00e0 dell\u2019informazione<\/a><\/p>\n<p>Dav\u010dna ulica 1<br \/>\n1000 Ljubljana<br \/>\n<a href=\"tel:+38615555848\">+386 1 555 58 48<\/a><br \/>\n<a class=\"js-obfuscated is-reverse\" href=\"mailto:gp.irsid@gov.si\" data-address=\"GA.1FI@PGALG.DI@\">gp.irsid@gov.si<\/a><\/p>\n<p>&nbsp;<\/p>\n<p><strong>Data di pubblicazione del sito web:<br \/>\n<\/strong>Il sito web \u00e8 stato pubblicato nella forma esistente in dicembre 2018.<\/p>\n<p><strong>Stesura della dichiarazione di accessibilit<\/strong><strong>\u00e0:<br \/>\n<\/strong>La dichiarazione \u00e8 stata redatta il 7 gennaio 2020, aggiornata il 12 dicembre 2021, il 1 dicembre 2022, il 29 settebre 2023, il 5 settembre 2024 e il 2 settembre 2025 utilizzando il metodo di cui al primo alinea del punto a) dell\u2019articolo 3(1) della Decisione di esecuzione 8UE) 2018\/1523 della Commissione \u2013 autovalutazione effettuata dall\u2019ente pubblico.<\/p>\n","protected":false},"excerpt":{"rendered":"<p>Accessibilit\u00e0 Al Comune citt\u00e0 di Capodistria ci impegniamo a rendere possibile l\u2019accessibilit\u00e0 alla pagina web koper.si in conformit\u00e0 alla Legge sull\u2019accessibilit\u00e0 dei siti web e delle applicazioni mobili a tutti gli utenti. &nbsp; Dichiarazione di accessibilit\u00e0 La presente dichiarazione di accessibilit\u00e0 si riferisce all\u2019intero sito web del Comune citt\u00e0 di Capodistria \u2013 koper.si. Il gestore<\/p>\n","protected":false},"author":22,"featured_media":0,"parent":0,"menu_order":31,"comment_status":"closed","ping_status":"closed","template":"","meta":{"_acf_changed":false,"inline_featured_image":false,"footnotes":""},"class_list":["post-80535","page","type-page","status-publish","hentry"],"acf":[],"_links":{"self":[{"href":"https:\/\/www.koper.si\/it\/wp-json\/wp\/v2\/pages\/80535","targetHints":{"allow":["GET"]}}],"collection":[{"href":"https:\/\/www.koper.si\/it\/wp-json\/wp\/v2\/pages"}],"about":[{"href":"https:\/\/www.koper.si\/it\/wp-json\/wp\/v2\/types\/page"}],"author":[{"embeddable":true,"href":"https:\/\/www.koper.si\/it\/wp-json\/wp\/v2\/users\/22"}],"replies":[{"embeddable":true,"href":"https:\/\/www.koper.si\/it\/wp-json\/wp\/v2\/comments?post=80535"}],"version-history":[{"count":12,"href":"https:\/\/www.koper.si\/it\/wp-json\/wp\/v2\/pages\/80535\/revisions"}],"predecessor-version":[{"id":113925,"href":"https:\/\/www.koper.si\/it\/wp-json\/wp\/v2\/pages\/80535\/revisions\/113925"}],"wp:attachment":[{"href":"https:\/\/www.koper.si\/it\/wp-json\/wp\/v2\/media?parent=80535"}],"curies":[{"name":"wp","href":"https:\/\/api.w.org\/{rel}","templated":true}]}}