{"id":80559,"date":"2020-10-27T12:41:46","date_gmt":"2020-10-27T11:41:46","guid":{"rendered":"https:\/\/www.koper.si\/comune\/amministrazione-comunale\/ufficio-sviluppo-territoriale-e-beni-immobili\/q3map-javni-gis-pregledovalnik-mok\/"},"modified":"2020-12-07T15:50:13","modified_gmt":"2020-12-07T14:50:13","slug":"q3map-sistema-pubblico-di-consultazione-sgi-del-comune-citta-di-capodistria","status":"publish","type":"page","link":"https:\/\/www.koper.si\/it\/comune\/amministrazione-comunale\/ufficio-sviluppo-territoriale-e-beni-immobili\/q3map-sistema-pubblico-di-consultazione-sgi-del-comune-citta-di-capodistria\/","title":{"rendered":"q3MAP \u2013 Sistema pubblico di consultazione SGI del Comune citt\u00e0 di Capodistria"},"content":{"rendered":"<p>L\u2019applicazione si adatta automaticamente ai dispositivi da tavola e mobili.<\/p>\n<p>Cliccare l\u2019icona\u00a0 <img loading=\"lazy\" decoding=\"async\" class=\"size-full wp-image-39214\" src=\"https:\/\/www.koper.si\/wp-content\/uploads\/2019\/08\/help_button.jpg\" alt=\"help_button\" width=\"25\" height=\"25\" \/>\u00a0 nel visualizzatore per accedere alle istruzioni.<\/p>\n<p>Selezionare la rappresentazione tematica cliccando una delle immagini di sotto. Si aprir\u00e0 il visualizzatore in una nuova linguetta con i temi gi\u00e0 selezionati, in qualsiasi momento \u00e8 possibile visualizzare o nascondere i temi.<\/p>\n<ul>\n<li><a href=\"https:\/\/geoportal.3-port.si\/mok\/mok?format=image\/png&amp;visibleLayers=Hi%C5%A1ni%20naslovi,Ulice,Naselja,Meja%20ob%C4%8Dine,Letalski%20posnetki&amp;fullColorLayers=undefined&amp;startExtent=400016,45511,401739,46571&amp;maxExtent=393950,30096,423294,55111&amp;mapserver=undefined\" target=\"_blank\" rel=\"noopener noreferrer\">Indirizzi<\/a><\/li>\n<li><a href=\"https:\/\/geoportal.3-port.si\/mok\/mok_dkn?format=image\/png&amp;visibleLayers=Katastrske%20ob%C4%8Dine,Zemlji%C5%A1ko%20katastrski%20prikaz,Letalski%20posnetki&amp;fullColorLayers=undefined&amp;startExtent=400016,45511,401739,46571&amp;maxExtent=393950,30096,423294,55111&amp;mapserver=undefined\" target=\"_blank\" rel=\"noopener noreferrer\">Catasto dei terreni<\/a><\/li>\n<li><a href=\"https:\/\/geoportal.3-port.si\/mok\/mok_nrp?format=image\/png&amp;visibleLayers=Zemlji%C5%A1ko%20katastrski%20prikaz,Zasnova%20namenske%20rabe%20prostora&amp;fullColorLayers=undefined&amp;startExtent=400016,45511,401739,46571&amp;maxExtent=393950,30096,423294,55111&amp;mapserver=undefined\" target=\"_blank\" rel=\"noopener noreferrer\">Ideazione della destinazione d\u2019uso del territorio<\/a><\/li>\n<li><a href=\"https:\/\/geoportal.3-port.si\/mok\/mok_pia?format=image\/png&amp;visibleLayers=Zemlji%C5%A1ko%20katastrski%20prikaz,Prostorski%20izvedbeni%20akti,Letalski%20posnetki&amp;fullColorLayers=undefined&amp;startExtent=400016,45511,401739,46571&amp;maxExtent=393950,30096,423294,55111&amp;mapserver=undefined\" target=\"_blank\" rel=\"noopener noreferrer\">Atti territoriali attuativi<\/a><\/li>\n<li><a href=\"https:\/\/geoportal.3-port.si\/mok\/mok_nusz?format=image\/png&amp;visibleLayers=Hi%C5%A1ni%20naslovi,Naselja,Obmo%C4%8Dja%20Nadomestila%20za%20uporabo%20stavbnih%20zemlji%C5%A1%C4%8D,Letalski%20posnetki&amp;fullColorLayers=undefined&amp;startExtent=400016,45511,401739,46571&amp;maxExtent=393950,30096,423294,55111&amp;mapserver=undefined\" target=\"_blank\" rel=\"noopener noreferrer\">Aree soggette all\u2019indennizzo per l\u2019uso dei terreni edificabili<\/a><\/li>\n<\/ul>\n","protected":false},"excerpt":{"rendered":"<p>L\u2019applicazione si adatta automaticamente ai dispositivi da tavola e mobili. Cliccare l\u2019icona\u00a0 \u00a0 nel visualizzatore per accedere alle istruzioni. Selezionare la rappresentazione tematica cliccando una delle immagini di sotto. Si aprir\u00e0 il visualizzatore in una nuova linguetta con i temi gi\u00e0 selezionati, in qualsiasi momento \u00e8 possibile visualizzare o nascondere i temi. Indirizzi Catasto dei<\/p>\n","protected":false},"author":5,"featured_media":0,"parent":72128,"menu_order":89,"comment_status":"closed","ping_status":"closed","template":"","meta":{"_acf_changed":false,"inline_featured_image":false,"footnotes":""},"class_list":["post-80559","page","type-page","status-publish","hentry"],"acf":[],"_links":{"self":[{"href":"https:\/\/www.koper.si\/it\/wp-json\/wp\/v2\/pages\/80559","targetHints":{"allow":["GET"]}}],"collection":[{"href":"https:\/\/www.koper.si\/it\/wp-json\/wp\/v2\/pages"}],"about":[{"href":"https:\/\/www.koper.si\/it\/wp-json\/wp\/v2\/types\/page"}],"author":[{"embeddable":true,"href":"https:\/\/www.koper.si\/it\/wp-json\/wp\/v2\/users\/5"}],"replies":[{"embeddable":true,"href":"https:\/\/www.koper.si\/it\/wp-json\/wp\/v2\/comments?post=80559"}],"version-history":[{"count":2,"href":"https:\/\/www.koper.si\/it\/wp-json\/wp\/v2\/pages\/80559\/revisions"}],"predecessor-version":[{"id":80561,"href":"https:\/\/www.koper.si\/it\/wp-json\/wp\/v2\/pages\/80559\/revisions\/80561"}],"up":[{"embeddable":true,"href":"https:\/\/www.koper.si\/it\/wp-json\/wp\/v2\/pages\/72128"}],"wp:attachment":[{"href":"https:\/\/www.koper.si\/it\/wp-json\/wp\/v2\/media?parent=80559"}],"curies":[{"name":"wp","href":"https:\/\/api.w.org\/{rel}","templated":true}]}}