{"id":80693,"date":"2019-08-05T19:43:22","date_gmt":"2019-08-05T17:43:22","guid":{"rendered":"https:\/\/www.koper.si\/comune\/elezioni\/lokalne-volitve-2006\/"},"modified":"2020-12-10T11:44:27","modified_gmt":"2020-12-10T10:44:27","slug":"elezioni-amministrative-2006","status":"publish","type":"page","link":"https:\/\/www.koper.si\/it\/comune\/elezioni\/elezioni-amministrative-2006\/","title":{"rendered":"Elezioni amministrative 2006"},"content":{"rendered":"<p><section class=\"kc-elm kc-css-164159 kc_row\"><div class=\" container\"><div class=\"row\"><div class=\"kc-elm kc-css-734096 col-12 col-sm-12 column col-12 col-sm-12\"><div class=\"kc-col-container\"><div class=\"kc-elm kc-css-512384 kc_text_block\"><\/p>\n<p>\n<\/div><\/div><\/div><\/div><\/div><\/section><section class=\"kc-elm kc-css-839604 kc_row\"><div class=\" container\"><div class=\"row\"><div class=\"kc-elm kc-css-959458 col-12 col-sm-12 column col-12 col-sm-12\"><div class=\"kc-col-container\">\n<div class=\"kc-elm kc-css-543749 kc-title-wrap \">\n\n\t<h2 class=\"kc_title\">Sklep o dolo\u010ditvi voli\u0161\u010d in njihovih sede\u017eev<\/h2>\n<\/div>\n<div class=\"kc-elm kc-css-954697 kc_text_block\"><\/p>\n<p><a href=\"https:\/\/www.koper.si\/wp-content\/uploads\/2020\/12\/Sklep-o-dolo\u010ditvi-voli\u0161\u010d-in-njihovih-sede\u017eev.doc\">Sklep o dolo\u010ditvi voli\u0161\u010d in njihovih sede\u017eev<\/a><\/p>\n<p>\n<\/div><\/div><\/div><\/div><\/div><\/section><section class=\"kc-elm kc-css-350361 kc_row\"><div class=\" container\"><div class=\"row\"><div class=\"kc-elm kc-css-848768 col-12 col-sm-12 column col-12 col-sm-12\"><div class=\"kc-col-container\">\n<div class=\"kc-elm kc-css-30640 kc-title-wrap \">\n\n\t<h2 class=\"kc_title\">Predpisi<\/h2>\n<\/div>\n<div class=\"kc-elm kc-css-441341 kc_text_block\"><\/p>\n<p>\n<\/div><\/div><\/div><\/div><\/div><\/section><section class=\"kc-elm kc-css-545414 kc_row\"><div class=\" container\"><div class=\"row\"><div class=\"kc-elm kc-css-231038 col-12 col-sm-12 column col-12 col-sm-12\"><div class=\"kc-col-container\">\n<div class=\"kc-elm kc-css-204686 kc-title-wrap \">\n\n\t<h2 class=\"kc_title\">Obrazci<\/h2>\n<\/div>\n<div data-closeall=\"true\" class=\"kc-elm kc-css-897241 kc_accordion_wrapper\">\r\n    <div class=\"kc-elm kc-css-828768 kc_accordion_section group \"><h3 class=\"kc_accordion_header ui-accordion-header\"><a href=\"#splosni-obrazci\" data-prevent=\"scroll\"><div class=\"kc-accordion-inner-wrapper\"><span class=\"ui-accordion-header-icon ui-icon\"><\/span><i class=\"\"><\/i> Splo\u0161ni obrazci<\/div><\/a><\/h3><div class=\"kc_accordion_content ui-accordion-content kc_clearfix\"><div class=\"kc-panel-body\"><div class=\"kc-elm kc-css-135017 kc_text_block\"><\/p>\n<p>\n<\/div><\/div><\/div><\/div><div class=\"kc-elm kc-css-116877 kc_accordion_section group \"><h3 class=\"kc_accordion_header ui-accordion-header\"><a href=\"#zupan\" data-prevent=\"scroll\"><div class=\"kc-accordion-inner-wrapper\"><span class=\"ui-accordion-header-icon ui-icon\"><\/span><i class=\"\"><\/i> \u017dupan<\/div><\/a><\/h3><div class=\"kc_accordion_content ui-accordion-content kc_clearfix\"><div class=\"kc-panel-body\"><div class=\"kc-elm kc-css-598465 kc_text_block\"><\/p>\n<p>\n<\/div><\/div><\/div><\/div><div class=\"kc-elm kc-css-25156 kc_accordion_section group \"><h3 class=\"kc_accordion_header ui-accordion-header\"><a href=\"#obcinski-svet\" data-prevent=\"scroll\"><div class=\"kc-accordion-inner-wrapper\"><span class=\"ui-accordion-header-icon ui-icon\"><\/span><i class=\"\"><\/i> Ob\u010dinski svet<\/div><\/a><\/h3><div class=\"kc_accordion_content ui-accordion-content kc_clearfix\"><div class=\"kc-panel-body\"><div class=\"kc-elm kc-css-678087 kc_text_block\"><\/p>\n<p>\n<\/div><\/div><\/div><\/div><div class=\"kc-elm kc-css-767023 kc_accordion_section group \"><h3 class=\"kc_accordion_header ui-accordion-header\"><a href=\"#krajevne-skupnosti\" data-prevent=\"scroll\"><div class=\"kc-accordion-inner-wrapper\"><span class=\"ui-accordion-header-icon ui-icon\"><\/span><i class=\"\"><\/i> Krajevne skupnosti<\/div><\/a><\/h3><div class=\"kc_accordion_content ui-accordion-content kc_clearfix\"><div class=\"kc-panel-body\"><div class=\"kc-elm kc-css-12759 kc_text_block\"><\/p>\n<p>\n<\/div><\/div><\/div><\/div><div class=\"kc-elm kc-css-791336 kc_accordion_section group \"><h3 class=\"kc_accordion_header ui-accordion-header\"><a href=\"#svet-samoupravne-skupnosti-italijanske-narodnosti-koper\" data-prevent=\"scroll\"><div class=\"kc-accordion-inner-wrapper\"><span class=\"ui-accordion-header-icon ui-icon\"><\/span><i class=\"\"><\/i> Svet Samoupravne skupnosti italijanske narodnosti Koper<\/div><\/a><\/h3><div class=\"kc_accordion_content ui-accordion-content kc_clearfix\"><div class=\"kc-panel-body\"><div class=\"kc-elm kc-css-824708 kc_text_block\"><\/p>\n<p>\n<\/div><\/div><\/div><\/div><\/div>\r\n<\/div><\/div><\/div><\/div><\/section><section class=\"kc-elm kc-css-127812 kc_row\"><div class=\" container\"><div class=\"row\"><div class=\"kc-elm kc-css-859014 col-12 col-sm-12 column col-12 col-sm-12\"><div class=\"kc-col-container\">\n<div class=\"kc-elm kc-css-950714 kc-title-wrap \">\n\n\t<h2 class=\"kc_title\">Seje volilnih komisij<\/h2>\n<\/div>\n<div data-closeall=\"true\" class=\"kc-elm kc-css-121859 kc_accordion_wrapper\">\r\n    <div class=\"kc-elm kc-css-226739 kc_accordion_section group \"><h3 class=\"kc_accordion_header ui-accordion-header\"><a href=\"#seje-obcinske-volilne-komisije\" data-prevent=\"scroll\"><div class=\"kc-accordion-inner-wrapper\"><span class=\"ui-accordion-header-icon ui-icon\"><\/span><i class=\"\"><\/i> Seje Ob\u010dinske volilne komisije<\/div><\/a><\/h3><div class=\"kc_accordion_content ui-accordion-content kc_clearfix\"><div class=\"kc-panel-body\"><div class=\"kc-elm kc-css-135812 kc_text_block\"><\/p>\n<p>\n<\/div><\/div><\/div><\/div><div class=\"kc-elm kc-css-231094 kc_accordion_section group \"><h3 class=\"kc_accordion_header ui-accordion-header\"><a href=\"#seje-posebne-obcinske-volilne-komisije\" data-prevent=\"scroll\"><div class=\"kc-accordion-inner-wrapper\"><span class=\"ui-accordion-header-icon ui-icon\"><\/span><i class=\"\"><\/i> Seje Posebne ob\u010dinske volilne komisije<\/div><\/a><\/h3><div class=\"kc_accordion_content ui-accordion-content kc_clearfix\"><div class=\"kc-panel-body\"><div class=\"kc-elm kc-css-5256 kc_text_block\"><\/p>\n<p>\n<\/div><\/div><\/div><\/div><\/div>\r\n<\/div><\/div><\/div><\/div><\/section><section class=\"kc-elm kc-css-822365 kc_row\"><div class=\" container\"><div class=\"row\"><div class=\"kc-elm kc-css-678943 col-12 col-sm-12 column col-12 col-sm-12\"><div class=\"kc-col-container\">\n<div class=\"kc-elm kc-css-473475 kc-title-wrap \">\n\n\t<h2 class=\"kc_title\">Rokovnik<\/h2>\n<\/div>\n<div class=\"kc-elm kc-css-469051 kc_text_block\"><\/p>\n<p><a href=\"https:\/\/www.koper.si\/wp-content\/uploads\/2020\/12\/Rokovnik-za-izvedbo-volilnih-opravil-za-redne-volitve-\u010dlanov-ob\u010dinskih-svetov-in-\u017eupanov.doc\">Rokovnik &#8211; lokalne volitve 2006<\/a><\/p>\n<p>\n<\/div><\/div><\/div><\/div><\/div><\/section><section class=\"kc-elm kc-css-396130 kc_row\"><div class=\" container\"><div class=\"row\"><div class=\"kc-elm kc-css-659441 col-12 col-sm-12 column col-12 col-sm-12\"><div class=\"kc-col-container\">\n<div class=\"kc-elm kc-css-183947 kc-title-wrap \">\n\n\t<h2 class=\"kc_title\">Seznam potrjenih kandidatur<\/h2>\n<\/div>\n<div class=\"kc-elm kc-css-115190 kc_text_block\"><\/p>\n<p>\nV skladu z zahtevo informacijske poobla\u0161\u010denke, ki je opozorila, da v \u010dasu po volitvah ne obstaja pravna podlaga za objavo list kandidatov in kandidatur z vsemi osebnimi podatki kandidatov, smo sezname odstranili.<\/p>\n<p>\n<\/div><\/div><\/div><\/div><\/div><\/section><section class=\"kc-elm kc-css-710243 kc_row\"><div class=\" container\"><div class=\"row\"><div class=\"kc-elm kc-css-893858 col-12 col-sm-12 column col-12 col-sm-12\"><div class=\"kc-col-container\">\n<div class=\"kc-elm kc-css-198131 kc-title-wrap \">\n\n\t<h2 class=\"kc_title\">Izidi volitev<\/h2>\n<\/div>\n<div data-closeall=\"true\" class=\"kc-elm kc-css-453134 kc_accordion_wrapper\">\r\n    <div class=\"kc-elm kc-css-804809 kc_accordion_section group \"><h3 class=\"kc_accordion_header ui-accordion-header\"><a href=\"#ponovne-volitve\" data-prevent=\"scroll\"><div class=\"kc-accordion-inner-wrapper\"><span class=\"ui-accordion-header-icon ui-icon\"><\/span><i class=\"\"><\/i> Ponovne volitve<\/div><\/a><\/h3><div class=\"kc_accordion_content ui-accordion-content kc_clearfix\"><div class=\"kc-panel-body\"><div class=\"kc-elm kc-css-565045 kc_text_block\"><\/p>\n<p><a href=\"https:\/\/www.koper.si\/wp-content\/uploads\/2020\/12\/Seznam-kandidatov-KS-\u0160kofije-5.VE_.doc\">Seznam kandidatov KS \u0160kofije 5.VE<\/a><br \/><a href=\"https:\/\/www.koper.si\/wp-content\/uploads\/2020\/12\/Razpis-ponovnih-volitev.doc\">Razpis ponovnih volitev<\/a><br \/><a href=\"https:\/\/www.koper.si\/wp-content\/uploads\/2020\/12\/Razpis-ponovnih-volitev-SSIN.doc\">Razpis ponovnih volitev SSIN<\/a><br \/><a href=\"https:\/\/www.koper.si\/wp-content\/uploads\/2020\/12\/Razpis-ponovnih-volitev-ITA.doc\">Razpis ponovnih volitev &#8211; ITA<\/a><br \/><a href=\"https:\/\/www.koper.si\/wp-content\/uploads\/2020\/12\/Ponovne-volitve-KS-\u0160kofije-5.VE_.doc\">Ponovne volitve KS \u0160kofije 5.VE<\/a><\/p>\n<p>\n<\/div><\/div><\/div><\/div><div class=\"kc-elm kc-css-520647 kc_accordion_section group \"><h3 class=\"kc_accordion_header ui-accordion-header\"><a href=\"#neuradni-rezultati\" data-prevent=\"scroll\"><div class=\"kc-accordion-inner-wrapper\"><span class=\"ui-accordion-header-icon ui-icon\"><\/span><i class=\"\"><\/i> Neuradni rezultati<\/div><\/a><\/h3><div class=\"kc_accordion_content ui-accordion-content kc_clearfix\"><div class=\"kc-panel-body\"><div class=\"kc-elm kc-css-67970 kc_text_block\"><\/p>\n<p>Neuradni rezultati rednih lokalnih volitev<br \/><a href=\"https:\/\/www.koper.si\/wp-content\/uploads\/2020\/12\/Neuradni-rezultati-po-voli\u0161\u010dih-za-ob\u010dinski-svet.pdf\" target=\"_blank\" rel=\"noopener noreferrer\">Neuradni rezultati po voli\u0161\u010dih za ob\u010dinski svet<\/a><br \/><a href=\"https:\/\/www.koper.si\/wp-content\/uploads\/2020\/12\/Neuradni-rezultati-po-vili\u0161\u010dih-za-\u017eupana.pdf\" target=\"_blank\" rel=\"noopener noreferrer\">Neuradni rezultati po vili\u0161\u010dih za \u017eupana<\/a><br \/><a href=\"https:\/\/www.koper.si\/wp-content\/uploads\/2020\/12\/Neuradni-grafi\u010dni-prikaz-italijanska-narodna-skupnost.doc\">Neuradni grafi\u010dni prikaz &#8211; italijanska narodna skupnost<\/a><br \/><a href=\"https:\/\/www.koper.si\/wp-content\/uploads\/2020\/12\/Neuradni-grafi\u010dni-prikazi-rezultatov.doc\">Neuradni grafi\u010dni prikazi rezultatov<\/a><br \/><a href=\"https:\/\/www.koper.si\/wp-content\/uploads\/2020\/12\/Neuradni-podatek-o-volilni-udele\u017ebi-v-MOK.doc\">Neuradni podatek o volilni udele\u017ebi v MOK<\/a><\/p>\n<p>\n<\/div><\/div><\/div><\/div><div class=\"kc-elm kc-css-257399 kc_accordion_section group \"><h3 class=\"kc_accordion_header ui-accordion-header\"><a href=\"#uradni-rezultati\" data-prevent=\"scroll\"><div class=\"kc-accordion-inner-wrapper\"><span class=\"ui-accordion-header-icon ui-icon\"><\/span><i class=\"\"><\/i> Uradni rezultati<\/div><\/a><\/h3><div class=\"kc_accordion_content ui-accordion-content kc_clearfix\"><div class=\"kc-panel-body\"><div class=\"kc-elm kc-css-539983 kc_text_block\"><\/p>\n<p>Poro\u010dila o izidu lokalnih volitev<br \/><a href=\"https:\/\/www.koper.si\/wp-content\/uploads\/2020\/12\/Poro\u010dilo-o-izidu-volitev-v-Svete-Krajevnih-skupnosti-na-obmo\u010dju-MOK.doc\">Poro\u010dilo o izidu volitev v Svete Krajevnih skupnosti na obmo\u010dju MOK<\/a><br \/><a href=\"https:\/\/www.koper.si\/wp-content\/uploads\/2020\/12\/Poro\u010dilo-o-izidu-volitev-v-svet-KS-\u0160KOFIJE-5-VE.doc\">Poro\u010dilo o izidu volitev v svet KS \u0160KOFIJE &#8211; 5 VE<\/a><br \/><a href=\"https:\/\/www.koper.si\/wp-content\/uploads\/2020\/12\/Poro\u010dilo-o-izidu-rednih-volitev-\u017eupana-in-\u010dlanov-ob\u010dinskega-sveta-Mestne-ob\u010dine-Koper.doc\">Poro\u010dilo o izidu rednih volitev \u017eupana in \u010dlanov ob\u010dinskega sveta Mestne ob\u010dine Koper<\/a><br \/><a href=\"https:\/\/www.koper.si\/wp-content\/uploads\/2020\/12\/Poro\u010dilo-o-izidu-rednih-in-ponovnih-volitev-\u010dlanov-sveta-samoupravne-italijanske-narodnosti-Koper.doc\">Poro\u010dilo o izidu rednih in ponovnih volitev \u010dlanov sveta samoupravne italijanske narodnosti Koper<\/a><br \/><a href=\"https:\/\/www.koper.si\/wp-content\/uploads\/2020\/12\/Poro\u010dilo-o-izidu-rednih-in-ponovnih-volitev-\u010dlanov-ob\u010dinskega-sveta-MOK-predstavnikov-italijanske-narodne-skupnosti.doc\">Poro\u010dilo o izidu rednih in ponovnih volitev \u010dlanov ob\u010dinskega sveta MOK &#8211; predstavnikov italijanske narodne skupnosti<\/a><br \/><a href=\"https:\/\/www.koper.si\/wp-content\/uploads\/2020\/12\/Uradni-podatki-volitev-\u010dlanov-ob\u010dinskega-sveta-MOK-predstavnikov-italijanske-skupnosti-po-voli\u0161\u010dih.pdf\" target=\"_blank\" rel=\"noopener noreferrer\">Uradni podatki volitev \u010dlanov ob\u010dinskega sveta MOK &#8211; predstavnikov italijanske skupnosti &#8211; po voli\u0161\u010dih<\/a><\/p>\n<p>Rezultati lokalnih volitev<br \/><a href=\"https:\/\/www.dvk-rs.si\/arhivi\/lv2006\/rezultati\/obcina_koper.html\" target=\"_blank\" rel=\"noopener noreferrer\">Volitve \u017eupana<\/a><br \/><a href=\"https:\/\/www.dvk-rs.si\/arhivi\/lv2006\/rezultati\/obcina_koper.html\" target=\"_blank\" rel=\"noopener noreferrer\">Volitve v ob\u010dinski svet<\/a><br \/><a href=\"https:\/\/www.dvk-rs.si\/arhivi\/lv2006\/rezultati\/obcina_koper.html\" target=\"_blank\" rel=\"noopener noreferrer\">Rezultati za vse narodnostne in romske skupnosti<\/a><br \/><a href=\"https:\/\/www.dvk-rs.si\/arhivi\/lv2006\/udelezba\/mestne_obcine.html\" target=\"_blank\" rel=\"noopener noreferrer\">Udele\u017eba<\/a><\/p>\n<p>\n<\/div><\/div><\/div><\/div><\/div>\r\n<\/div><\/div><\/div><\/div><\/section><section class=\"kc-elm kc-css-571499 kc_row\"><div class=\" container\"><div class=\"row\"><div class=\"kc-elm kc-css-612547 col-12 col-sm-12 column col-12 col-sm-12\"><div class=\"kc-col-container\">\n<div class=\"kc-elm kc-css-94 kc-title-wrap \">\n\n\t<h2 class=\"kc_title\">Drugo<\/h2>\n<\/div>\n<div class=\"kc-elm kc-css-216926 kc_text_block\"><\/p>\n<p><a href=\"https:\/\/www.koper.si\/wp-content\/uploads\/2020\/12\/Strokovno-navodilo-\u0161t.-1-za-izvedbo-volitev-\u010dlanov-ob\u010dinskih-svetov-in-\u017eupanov.doc\">Strokovno navodilo \u0161t. 1 za izvedbo volitev \u010dlanov ob\u010dinskih svetov in \u017eupanov<\/a><br \/><a href=\"https:\/\/www.koper.si\/wp-content\/uploads\/2020\/12\/Pred\u010dasno-glasovanje.doc\">Pred\u010dasno glasovanje<\/a><br \/><a href=\"https:\/\/www.koper.si\/wp-content\/uploads\/2020\/12\/Obvestilo-o-\u017erebanju-za-dolo\u010ditev-vrstnega-reda-kandidatur-oz.-list-kandidatov.doc\">Obvestilo o \u017erebanju za dolo\u010ditev vrstnega reda kandidatur oz. list kandidatov<\/a><br \/><a href=\"https:\/\/www.koper.si\/wp-content\/uploads\/2020\/12\/Glasovanje-na-posebnem-voli\u0161\u010du-ki-je-dostopno-invalidom.doc\">Glasovanje na posebnem voli\u0161\u010du, ki je dostopno invalidom<\/a><\/p>\n<p>\n<\/div><\/div><\/div><\/div><\/div><\/section><\/p>\n","protected":false},"excerpt":{"rendered":"","protected":false},"author":2,"featured_media":0,"parent":78724,"menu_order":194,"comment_status":"closed","ping_status":"closed","template":"","meta":{"_acf_changed":false,"inline_featured_image":false,"footnotes":""},"class_list":["post-80693","page","type-page","status-publish","hentry"],"acf":[],"_links":{"self":[{"href":"https:\/\/www.koper.si\/it\/wp-json\/wp\/v2\/pages\/80693","targetHints":{"allow":["GET"]}}],"collection":[{"href":"https:\/\/www.koper.si\/it\/wp-json\/wp\/v2\/pages"}],"about":[{"href":"https:\/\/www.koper.si\/it\/wp-json\/wp\/v2\/types\/page"}],"author":[{"embeddable":true,"href":"https:\/\/www.koper.si\/it\/wp-json\/wp\/v2\/users\/2"}],"replies":[{"embeddable":true,"href":"https:\/\/www.koper.si\/it\/wp-json\/wp\/v2\/comments?post=80693"}],"version-history":[{"count":2,"href":"https:\/\/www.koper.si\/it\/wp-json\/wp\/v2\/pages\/80693\/revisions"}],"predecessor-version":[{"id":80695,"href":"https:\/\/www.koper.si\/it\/wp-json\/wp\/v2\/pages\/80693\/revisions\/80695"}],"up":[{"embeddable":true,"href":"https:\/\/www.koper.si\/it\/wp-json\/wp\/v2\/pages\/78724"}],"wp:attachment":[{"href":"https:\/\/www.koper.si\/it\/wp-json\/wp\/v2\/media?parent=80693"}],"curies":[{"name":"wp","href":"https:\/\/api.w.org\/{rel}","templated":true}]}}