{"id":80720,"date":"2020-06-17T15:23:41","date_gmt":"2020-06-17T13:23:41","guid":{"rendered":"https:\/\/www.koper.si\/comune\/piano-territoriale-comunale-del-comune-citta-di-capodistria\/kako-lahko-sodelujem\/"},"modified":"2024-06-05T15:13:33","modified_gmt":"2024-06-05T13:13:33","slug":"come-posso-partecipare","status":"publish","type":"page","link":"https:\/\/www.koper.si\/it\/comune\/piano-territoriale-comunale-del-comune-citta-di-capodistria\/come-posso-partecipare\/","title":{"rendered":"Come posso partecipare?"},"content":{"rendered":"<p><section class=\"kc-elm kc-css-541946 kc_row\"><div class=\" container\"><div class=\"row\"><div class=\"kc-elm kc-css-489178 col-12 col-sm-12 column col-12 col-sm-12\"><div class=\"kc-col-container\"><div class=\"kc-elm kc-css-816774 kc_text_block\"><\/p>\n<p>Le cittadine e i cittadini possono partecipare alla presentazione della bozza e della sua esposizione pubblica, nonch\u00e9 ai dibattiti pubblici del PRC e possono presentare osservazioni e proposte.<\/p>\n<p><strong>L\u2019esposizione al pubblico <\/strong>della bozza integrata del PRC si terr\u00e0 <strong>dal 14 febbraio al 30 aprile 2022:<\/strong><\/p>\n<ul>\n<li>sulla pagina web del Comune citt\u00e0 di Capodistria (<a href=\"https:\/\/www.koper.si\/obcina\/obcinski-prostorski-nacrt-mestne-obcine-koper\/javna-razgrnitev\/\">collegamento<\/a>),<\/li>\n<li>nell\u2019atrio del Comune citt\u00e0 di Capodistria, Via Giuseppe Verdi n. 10, Capodistria, durante l\u2019orario d\u2019ufficio: nei giorni feriali dalle ore 8:00 alle ore 12:00, mercoled\u00ec anche dalle ore 14:00 alle ore 17:00,<\/li>\n<li>nei locali di tutte le comunit\u00e0 locali del Comune citt\u00e0 di Capodistria (<a href=\"https:\/\/www.koper.si\/it\/comune\/piano-territoriale-comunale-del-comune-citta-di-capodistria\/come-posso-partecipare\/#termini\">controlla le date e gli orari<\/a>).<\/li>\n<\/ul>\n<p>Saranno esposti i seguenti materiali:<\/p>\n<ul>\n<li><strong>bozza integrata del Piano regolatore comunale del Comune citt\u00e0 di Capodistria<\/strong>\u00a0(nel testo a seguire PRC), redatta dall\u2019ente Ljubljanski urbanisti\u010dni zavod, d. d.(S.p.A.), Verov\u0161kova ulica 64, Ljubljana e dall\u2019azienda LOCUS prostorske informacijske re\u0161itve d. o. o. (S.r.l.), Ljubljanska cesta 76, Dom\u017eale in collaborazione con l\u2019azienda PS Prostor d. o. o. (S.r.l.), Via del Porto n. 12, Capodistria e<\/li>\n<li>della <strong>Relazione ambientale per il PRC del Comune citt\u00e0 di Capodistria con l\u2019Integrazione per la valutazione dell\u2019accettabilit\u00e0 degli effetti di attuazione sulle aree soggette a tutela<\/strong>, redatti dall\u2019azienda IPSUM, okolje in investicije d.o.o. (S.r.l.), Ljubljanska cesta 72, Dom\u017eale, numero di progetto 366\/20, gennaio 2021.<\/li>\n<\/ul>\n<p>Nell\u2019ambito dell\u2019esposizione al pubblico il Comune citt\u00e0 di Capodistria organizzer\u00e0 anche <strong>vari dibattiti pubblici; le date sono pubblicate a fondo pagina ovv. <\/strong><a href=\"https:\/\/www.koper.si\/it\/comune\/piano-territoriale-comunale-del-comune-citta-di-capodistria\/come-posso-partecipare\/#dibattiti\"><strong>qui<\/strong><\/a><strong>.<\/strong><\/p>\n<p>Durante l\u2019esposizione il pubblico pu\u00f2 presentare osservazioni e proposte in merito ai materiali esposti.<\/p>\n<p>Si invita ad utilizzare il portale web per una pi\u00f9 facile visione dei contenuti grafici e per presentare le osservazioni in modo pi\u00f9 semplice. Il portale contiene una cartina interattiva con i contenuti grafici, facilita la ricerca e la presentazione delle osservazioni e delle proposte.<\/p>\n<p><strong>Il termine per la presentazione delle osservazioni e delle proposte \u00e8 sabato, 30 aprile 2022.\u00a0<\/strong><\/p>\n<p>Entro il 28 giugno 2019 abbiamo ricevuto anche varie mozioni. Le mozioni, pervenute entro detta data, sono state esaminate ai sensi ai criteri per l\u2019esame delle mozioni, basati sulla legislazione territoriale e specificati nel Vademecum per l\u2019esame delle mozioni di modifica della destinazione d\u2019uso dei terreni (Ministero per l\u2019ambiente e il territorio, settembre 2017).<\/p>\n<p>Nel procedimento di stesura della bozza sono state analizzate le mozioni pervenute, \u00e8 stato quindi obbligatorio stabilire una data limite (in questo caso il 28 giugno 2019) affinch\u00e9 l\u2019analisi possa contenere tutte le mozioni pervenute e si possa redigere il contenuto della bozza. Le mozioni, recapitate al Comune citt\u00e0 di Capodistria dopo il 28 giugno 2019 non sono state incluse nel procedimento di approvazione del PRC, ma verranno esaminate dopo l\u2019approvazione del documento, in occasione delle prime modifiche del PRC.<\/p>\n<h4 id=\"dibattiti\">Date dei dibattiti pubblici<\/h4>\n<table style=\"width: 55.7008%;\">\n<tbody>\n<tr>\n<td style=\"width: 21.7391%;\" width=\"132\">Comunit\u00e0 locali<\/td>\n<td style=\"width: 24.6377%;\" width=\"151\">Luogo del dibattito pubblico<\/td>\n<td style=\"width: 28.8245%;\" width=\"180\">Data del dibattito pubblico<\/td>\n<td style=\"width: 45.478%;\" width=\"141\">Orario del dibattito pubblico<\/td>\n<\/tr>\n<tr>\n<td style=\"width: 21.7391%;\" width=\"132\">\n<p>Gra\u010di\u0161\u010de<\/p>\n<p>Gradin<\/td>\n<td style=\"width: 24.6377%;\" width=\"151\">Sala Gra\u010di\u0161\u010de<\/td>\n<td style=\"width: 28.8245%;\" width=\"180\">gioved\u00ec, 17 febbraio 2022<\/td>\n<td style=\"width: 45.478%;\" width=\"141\">17.00\u201319.00<\/td>\n<\/tr>\n<tr>\n<td style=\"width: 21.7391%;\" width=\"132\">\u0160marje<\/td>\n<td style=\"width: 24.6377%;\" width=\"151\">Casa di cultura \u0160marje<\/td>\n<td style=\"width: 28.8245%;\" width=\"180\">mercoled\u00ec, 2 marzo 2022<\/td>\n<td style=\"width: 45.478%;\" width=\"141\">17.00\u201319.00<\/td>\n<\/tr>\n<tr>\n<td style=\"width: 21.7391%;\" width=\"132\">\n<p>Vanganel<\/p>\n<p>\u0160kocjan<\/td>\n<td style=\"width: 24.6377%;\" width=\"151\">Casa di cultura Vanganel<\/td>\n<td style=\"width: 28.8245%;\" width=\"180\">gioved\u00ec, 3 marzo 2022<\/td>\n<td style=\"width: 45.478%;\" width=\"141\">16.00\u201317.30<\/td>\n<\/tr>\n<tr>\n<td style=\"width: 21.7391%;\" width=\"132\">\n<p>Bor\u0161t<\/p>\n<p>Marezige<\/td>\n<td style=\"width: 24.6377%;\" width=\"151\">Casa di cultura Marezige<\/td>\n<td style=\"width: 28.8245%;\" width=\"180\">gioved\u00ec, 3 marzo 2022<\/td>\n<td style=\"width: 45.478%;\" width=\"141\">18.30\u201320.00<\/td>\n<\/tr>\n<tr>\n<td style=\"width: 21.7391%;\" width=\"132\">Podgorje<\/td>\n<td style=\"width: 24.6377%;\" width=\"151\">Casa di cultura Podgorje<\/td>\n<td style=\"width: 28.8245%;\" width=\"180\">marted\u00ec, 8 marzo 2022<\/td>\n<td style=\"width: 45.478%;\" width=\"141\">17.00\u201319.00<\/td>\n<\/tr>\n<tr>\n<td style=\"width: 21.7391%;\" width=\"132\">Rakitovec<\/td>\n<td style=\"width: 24.6377%;\" width=\"151\">Casa di cultura Rakitovec<\/td>\n<td style=\"width: 28.8245%;\" width=\"180\">mercoled\u00ec, 9 marzo 2022<\/td>\n<td style=\"width: 45.478%;\" width=\"141\">18.00\u201319.30<\/td>\n<\/tr>\n<tr>\n<td style=\"width: 21.7391%;\" width=\"132\">Zazid<\/td>\n<td style=\"width: 24.6377%;\" width=\"151\">Casa di cultura Zazid<\/td>\n<td style=\"width: 28.8245%;\" width=\"180\">marted\u00ec, 15 marzo 2022<\/td>\n<td style=\"width: 45.478%;\" width=\"141\">17.00\u201319.00<\/td>\n<\/tr>\n<tr>\n<td style=\"width: 21.7391%;\" width=\"132\">Dekani<\/td>\n<td style=\"width: 24.6377%;\" width=\"151\">Casa di cultura Dekani<\/td>\n<td style=\"width: 28.8245%;\" width=\"180\">mercoled\u00ec, 16 marzo 2022<\/td>\n<td style=\"width: 45.478%;\" width=\"141\">17.00\u201319.00<\/td>\n<\/tr>\n<tr>\n<td style=\"width: 21.7391%;\" width=\"132\">\u010crni Kal<\/td>\n<td style=\"width: 24.6377%;\" width=\"151\">Caserma dei Vigili del fuoco Dol pri Hrastovljah<\/td>\n<td style=\"width: 28.8245%;\" width=\"180\">gioved\u00ec, 17 marzo 2022<\/td>\n<td style=\"width: 45.478%;\" width=\"141\">17.00\u201319.00<\/td>\n<\/tr>\n<tr>\n<td style=\"width: 21.7391%;\" width=\"132\">Bertocchi<\/td>\n<td style=\"width: 24.6377%;\" width=\"151\">Casa di cultura Bertocchi<\/td>\n<td style=\"width: 28.8245%;\" width=\"180\">mercoled\u00ec, 23 marzo 2022<\/td>\n<td style=\"width: 45.478%;\" width=\"141\">17.00\u201319.00<\/td>\n<\/tr>\n<tr>\n<td style=\"width: 21.7391%;\" rowspan=\"2\" width=\"132\">\n<p>Capodistria centro<\/p>\n<p>Giusterna<\/p>\n<p>Semedella<\/p>\n<p>Al Castelletto<\/p>\n<p>Olmo &#8211; Prisoje<\/td>\n<td style=\"width: 24.6377%;\" rowspan=\"2\" width=\"151\">Sala di San Francesco d\u2019Assisi<\/td>\n<td style=\"width: 28.8245%;\" width=\"180\">gioved\u00ec, 24 marzo 2022<\/td>\n<td style=\"width: 45.478%;\" width=\"141\">18.00\u201320.00<\/td>\n<\/tr>\n<tr>\n<td style=\"width: 28.8245%;\" width=\"180\">luned\u00ec, 28 marzo 2022<\/td>\n<td style=\"width: 45.478%;\" width=\"141\">17.00\u201319.00<\/td>\n<\/tr>\n<tr>\n<td style=\"width: 21.7391%;\" width=\"132\">Crevatini<\/td>\n<td style=\"width: 24.6377%;\" width=\"151\">Casa di cultura Bosici<\/td>\n<td style=\"width: 28.8245%;\" width=\"180\">marted\u00ec, 29 marzo 2022<\/td>\n<td style=\"width: 45.478%;\" width=\"141\">16.00\u201317.30<\/td>\n<\/tr>\n<tr>\n<td style=\"width: 21.7391%;\" width=\"132\">\u0160kofije<\/td>\n<td style=\"width: 24.6377%;\" width=\"151\">Palazzetto dello sport Burja<\/td>\n<td style=\"width: 28.8245%;\" width=\"180\">marted\u00ec, 29 marzo 2022<\/td>\n<td style=\"width: 45.478%;\" width=\"141\">18.30\u201320.00<\/td>\n<\/tr>\n<tr>\n<td style=\"width: 21.7391%;\" width=\"132\">\n<p>Pobegi &#8211; \u010ce\u017earji<\/p>\n<p>Sv. Anton<\/td>\n<td style=\"width: 24.6377%;\" width=\"151\">Casa di cultura Sv. Anton<\/td>\n<td style=\"width: 28.8245%;\" width=\"180\">mercoled\u00ec, 30 marzo 2022<\/td>\n<td style=\"width: 45.478%;\" width=\"141\">17.00\u201319.00<\/td>\n<\/tr>\n<\/tbody>\n<\/table>\n<h4 id=\"termini\">Orario d\u2019ufficio e orario d\u2019ufficio prorogato delle segreterie delle CL:<\/h4>\n<table width=\"100%\">\n<tbody>\n<tr>\n<td width=\"22%\">Comunit\u00e0 locale<\/td>\n<td colspan=\"6\" width=\"77%\">Orario d\u2019ufficio<\/td>\n<\/tr>\n<tr>\n<td rowspan=\"2\" width=\"22%\">Bertocchi<\/td>\n<td rowspan=\"2\" width=\"6%\">MAR<\/td>\n<td colspan=\"2\" width=\"19%\">9.00\u201311.00<\/td>\n<td colspan=\"2\" rowspan=\"2\" width=\"27%\">GIO 15.00\u201318.00<\/td>\n<td rowspan=\"2\" width=\"24%\"><\/td>\n<\/tr>\n<tr>\n<td colspan=\"2\" width=\"19%\">17.00\u201319.00*<\/td>\n<\/tr>\n<tr>\n<td width=\"22%\">Bor\u0161t<\/td>\n<td colspan=\"3\" width=\"25%\">LUN 16.00\u201318.00*<\/td>\n<td colspan=\"2\" width=\"27%\">VEN 16.30\u201318.30<\/td>\n<td width=\"24%\"><\/td>\n<\/tr>\n<tr>\n<td width=\"22%\">\u010crni Kal<\/td>\n<td colspan=\"3\" width=\"25%\">LUN 8.00\u201312.00<\/td>\n<td colspan=\"2\" width=\"27%\">MAR 17.00\u201319.00*<\/td>\n<td width=\"24%\">MER 14.00\u201316.00<\/td>\n<\/tr>\n<tr>\n<td width=\"22%\">Dekani<\/td>\n<td colspan=\"3\" width=\"25%\">MAR 17.00\u201319.00*<\/td>\n<td colspan=\"2\" width=\"27%\">MER 14.00\u201317.00<\/td>\n<td width=\"24%\">GIO 17.00\u201319.00*<\/td>\n<\/tr>\n<tr>\n<td width=\"22%\">Gra\u010di\u0161\u010de<\/td>\n<td colspan=\"3\" width=\"25%\">MAR 13.00\u201316.00<\/td>\n<td colspan=\"2\" width=\"27%\">MER 17.00\u201319.00*<\/td>\n<td width=\"24%\"><\/td>\n<\/tr>\n<tr>\n<td width=\"22%\">Gradin<\/td>\n<td colspan=\"3\" width=\"25%\">MAR 17.00\u201319.00*<\/td>\n<td colspan=\"2\" width=\"27%\">MER 14.00\u201316.00<\/td>\n<td width=\"24%\"><\/td>\n<\/tr>\n<tr>\n<td rowspan=\"2\" width=\"22%\">Crevatini<\/td>\n<td colspan=\"3\" rowspan=\"2\" width=\"25%\">LUN 9.00\u201311.00<\/td>\n<td rowspan=\"2\" width=\"6%\">MER<\/td>\n<td width=\"21%\">14.00\u201317.00<\/td>\n<td rowspan=\"2\" width=\"24%\">VEN 9.00\u201311.00<\/td>\n<\/tr>\n<tr>\n<td width=\"21%\">17.00\u201319.00*<\/td>\n<\/tr>\n<tr>\n<td width=\"22%\">Capodistria centro<\/td>\n<td colspan=\"3\" width=\"25%\">MAR 14.00\u201316.00<\/td>\n<td colspan=\"2\" width=\"27%\">atrio del CCC**<\/td>\n<td width=\"24%\"><\/td>\n<\/tr>\n<tr>\n<td width=\"22%\">Marezige<\/td>\n<td colspan=\"3\" width=\"25%\">LUN 17.00\u201319.00*<\/td>\n<td colspan=\"2\" width=\"27%\">MAR 13.00\u201315.00<\/td>\n<td width=\"24%\"><\/td>\n<\/tr>\n<tr>\n<td width=\"22%\">Olmo &#8211; Prisoje<\/td>\n<td colspan=\"3\" width=\"25%\">MAR 14.00\u201316.00<\/td>\n<td colspan=\"2\" width=\"27%\">GIO 16.00\u201318.00*<\/td>\n<td width=\"24%\"><\/td>\n<\/tr>\n<tr>\n<td rowspan=\"2\" width=\"22%\">Pobegi &#8211; \u010ce\u017earji<\/td>\n<td rowspan=\"2\" width=\"6%\">MAR<\/td>\n<td colspan=\"2\" width=\"19%\">14.00\u201316.00<\/td>\n<td colspan=\"2\" rowspan=\"2\" width=\"27%\"><\/td>\n<td rowspan=\"2\" width=\"24%\"><\/td>\n<\/tr>\n<tr>\n<td colspan=\"2\" width=\"19%\">16.00\u201318.00*<\/td>\n<\/tr>\n<tr>\n<td rowspan=\"2\" width=\"22%\">Podgorje<\/td>\n<td rowspan=\"2\" width=\"6%\">LUN<\/td>\n<td colspan=\"2\" width=\"19%\">8.00\u201310.00<\/td>\n<td colspan=\"2\" rowspan=\"2\" width=\"27%\"><\/td>\n<td rowspan=\"2\" width=\"24%\"><\/td>\n<\/tr>\n<tr>\n<td colspan=\"2\" width=\"19%\">16.00\u201318.00*<\/td>\n<\/tr>\n<tr>\n<td rowspan=\"2\" width=\"22%\">Rakitovec<\/td>\n<td rowspan=\"2\" width=\"6%\">GIO<\/td>\n<td colspan=\"2\" width=\"19%\">10.30\u201312.30<\/td>\n<td colspan=\"2\" rowspan=\"2\" width=\"27%\"><\/td>\n<td rowspan=\"2\" width=\"24%\"><\/td>\n<\/tr>\n<tr>\n<td colspan=\"2\" width=\"19%\">17.00\u201319.00*<\/td>\n<\/tr>\n<tr>\n<td rowspan=\"2\" width=\"22%\">\u0160kocjan<\/td>\n<td rowspan=\"2\" width=\"6%\">GIO<\/td>\n<td colspan=\"2\" width=\"19%\">14.00\u201316.00<\/td>\n<td colspan=\"2\" rowspan=\"2\" width=\"27%\"><\/td>\n<td rowspan=\"2\" width=\"24%\"><\/td>\n<\/tr>\n<tr>\n<td colspan=\"2\" width=\"19%\">16.00\u201318.00*<\/td>\n<\/tr>\n<tr>\n<td rowspan=\"2\" width=\"22%\">\u0160kofije<\/td>\n<td rowspan=\"2\" width=\"6%\">LUN<\/td>\n<td colspan=\"2\" width=\"19%\">8.00\u201312.00<\/td>\n<td colspan=\"2\" rowspan=\"2\" width=\"27%\">MER 14.00\u201317.00<\/td>\n<td rowspan=\"2\" width=\"24%\"><\/td>\n<\/tr>\n<tr>\n<td colspan=\"2\" width=\"19%\">17.00\u201318.00*<\/td>\n<\/tr>\n<tr>\n<td rowspan=\"2\" width=\"22%\">\u0160marje<\/td>\n<td colspan=\"3\" rowspan=\"2\" width=\"25%\">LUN 8.00-12.00<\/td>\n<td rowspan=\"2\" width=\"6%\">MER<\/td>\n<td width=\"21%\">15.00\u201317.00<\/td>\n<td rowspan=\"2\" width=\"24%\">VEN 8.00\u201312.00<\/td>\n<\/tr>\n<tr>\n<td width=\"21%\">17.00\u201319.00*<\/td>\n<\/tr>\n<tr>\n<td rowspan=\"2\" width=\"22%\">Sv. Anton<\/td>\n<td rowspan=\"2\" width=\"6%\">LUN<\/td>\n<td colspan=\"2\" width=\"19%\">14.00\u201316.00<\/td>\n<td colspan=\"2\" rowspan=\"2\" width=\"27%\">MER 17.00\u201319.00<\/td>\n<td rowspan=\"2\" width=\"24%\"><\/td>\n<\/tr>\n<tr>\n<td colspan=\"2\" width=\"19%\">16.00\u201318.00*<\/td>\n<\/tr>\n<tr>\n<td rowspan=\"2\" width=\"22%\">Vanganel<\/td>\n<td rowspan=\"2\" width=\"6%\">GIO<\/td>\n<td colspan=\"2\" width=\"19%\">14.00\u201316.00<\/td>\n<td colspan=\"2\" rowspan=\"2\" width=\"27%\"><\/td>\n<td rowspan=\"2\" width=\"24%\"><\/td>\n<\/tr>\n<tr>\n<td colspan=\"2\" width=\"19%\">16.00\u201318.00*<\/td>\n<\/tr>\n<tr>\n<td rowspan=\"2\" width=\"22%\">Semedella<\/td>\n<td colspan=\"3\" rowspan=\"2\" width=\"25%\">MAR 10.00\u201312.00<\/td>\n<td rowspan=\"2\" width=\"6%\">GIO<\/td>\n<td width=\"21%\">14.00\u201316.00<\/td>\n<td rowspan=\"2\" width=\"24%\"><\/td>\n<\/tr>\n<tr>\n<td width=\"21%\">16.00\u201318.00*<\/td>\n<\/tr>\n<tr>\n<td rowspan=\"2\" width=\"22%\">Al Castelletto<\/td>\n<td colspan=\"3\" rowspan=\"2\" width=\"25%\">MAR 10.00\u201312.00<\/td>\n<td rowspan=\"2\" width=\"6%\">GIO<\/td>\n<td width=\"21%\">14.00\u201316.00<\/td>\n<td rowspan=\"2\" width=\"24%\"><\/td>\n<\/tr>\n<tr>\n<td width=\"21%\">16.00\u201318.00*<\/td>\n<\/tr>\n<tr>\n<td rowspan=\"2\" width=\"22%\">Zazid<\/td>\n<td colspan=\"2\" rowspan=\"2\" width=\"7%\">MER<\/td>\n<td width=\"18%\">13.30\u201315.30<\/td>\n<td colspan=\"2\" rowspan=\"2\" width=\"27%\"><\/td>\n<td rowspan=\"2\" width=\"24%\"><\/td>\n<\/tr>\n<tr>\n<td width=\"18%\">15.30\u201317.30*<\/td>\n<\/tr>\n<tr>\n<td width=\"22%\">Giusterna<\/td>\n<td colspan=\"3\" width=\"25%\">VEN 8.30\u201311.30<\/td>\n<td colspan=\"2\" width=\"27%\">atrio del CCC**<\/td>\n<td width=\"24%\"><\/td>\n<\/tr>\n<\/tbody>\n<\/table>\n<p>*orario d\u2019ufficio prorogato delle segreterie delle CL, in vigore solamente durante l\u2019esposizione pubblica<\/p>\n<p>**l\u2019esame dei materiali nell\u2019atrio del CCC \u00e8 possibile luned\u00ec, marted\u00ec e gioved\u00ec dalle ore 8.00 alle ore 15.00, mercoled\u00ec dalle ore 8.00 alle ore 17.00 e venerd\u00ec dalle ore 8.00 alle ore 13.00<\/p>\n<p>\n<\/div><\/div><\/div><\/div><\/div><\/section><section class=\"kc-elm kc-css-939480 kc_row\"><div class=\" container\"><div class=\"row\"><div class=\"kc-elm kc-css-113005 col-12 col-sm-12 column col-12 col-sm-12\"><div class=\"kc-col-container\"><div class=\"kc-elm kc-css-365249 kc_text_block\"><\/p>\n<p>I cittadini ed altri soggetti interessati hanno l&#8217;opportunit\u00e0 di partecipare alla stesura del Piano territoriale comunale in diverse fasi del processo e in diversi modi:<\/p>\n<ul>\n<li>presentazione di mozioni di modifica della destinazione d\u2019uso dei terreni,<\/li>\n<li>partecipazione a workshop, presentazioni e altri eventi legati alla preparazione del piano regolatore,<\/li>\n<li>partecipazione attiva durante il periodo di deposito del PRC in libera visione e inoltro di osservazioni e proposte.<\/li>\n<\/ul>\n<p>Siete invitati a partecipare al secondo deposito della bozza integrata del PRC in libera visione che si terr\u00e0 dal 30 maggio 2024 al 30 giugno 2024 compreso. Tutte le informazioni sul deposito sono consultabili su questo <a href=\"https:\/\/www.koper.si\/it\/comune\/piano-territoriale-comunale-del-comune-citta-di-capodistria\/secondo-deposito\/\">link<\/a>.<\/p>\n<h3><strong>Primo deposito<\/strong><\/h3>\n<p>I contenuti del PRC erano <strong>depositati in libera visione del pubblico<\/strong> <strong>dal 14 febbraio al 30 aprile 2022<\/strong>:<\/p>\n<ul>\n<li>sul sito web del Comune citt\u00e0 di Capodistria (<a href=\"https:\/\/www.koper.si\/it\/comune\/piano-territoriale-comunale-del-comune-citta-di-capodistria\/esposizione-al-pubblico\/\">link<\/a>),<\/li>\n<li>nell\u2019atrio della sede amministrativa del Comune citt\u00e0 di Capodistria in Via Giuseppe Verdi 10 a Capodistria,<\/li>\n<li>presso le sedi delle Comunit\u00e0 locali del Comune citt\u00e0 di Capodistria.<\/li>\n<\/ul>\n<p>In tale occasione erano esposti i seguenti materiali:<\/p>\n<ul>\n<li><strong>Bozza integrata del Piano regolatore comunale del Comune citt\u00e0 di Capodistria<\/strong> (d\u2019ora innanzi: PRC) redatta dai periti dell\u2019ente Ljubljanski urbanisti\u010dni zavod, d. d., Verov\u0161kova ulica 64, Ljubljana e della societ\u00e0 LOCUS prostorske informacijske re\u0161itve d. o. o., Ljubljanska cesta 76, Dom\u017eale in collaborazione con la societ\u00e0 PS Prostor d.o.o., Via del Porto n. 12, Capodistria e<\/li>\n<li><strong>Relazione ambientale per il PRC del Comune citt\u00e0 di Capodistria con il relativo allegato per la valutazione dell\u2019accettabilit\u00e0 degli impatti del piano sulle aree protette<\/strong>, redatti dall\u2019azienda IPSUM, okoljske investicije d.o.o., Ljubljanska cesta 72, Dom\u017eale, numero di progetto 366\/20, gennaio 2021.<\/li>\n<\/ul>\n<p>Nell\u2019ambito del deposito, il Comune citt\u00e0 di Capodistria aveva organizzato anche <strong>15 dibattiti pubblici in merito ai contenuti del piano, mentre il pubblico <\/strong>ha avuto la <strong>possibilit\u00e0 <\/strong>di presentare eventuali <strong>osservazioni e proposte<\/strong> ai materiali esposti durante tutto il periodo di deposito del PRC in libera visione del pubblico. <strong>Il termine ultimo per la presentazione di osservazioni e proposte era scaduto sabato 30 aprile 2022.<\/strong><\/p>\n<p><strong>Tabella delle date dei dibattiti pubblici nell&#8217;ambito del primo deposito<\/strong><\/p>\n<table width=\"620\">\n<tbody>\n<tr>\n<td width=\"136\">Comunit\u00e0 locali<\/td>\n<td width=\"155\">Luogo del dibattito pubblico<\/td>\n<td width=\"184\">Data del dibattito pubblico<\/td>\n<td width=\"145\">Orario del dibattito pubblico<\/td>\n<\/tr>\n<tr>\n<td width=\"136\">\n<p><strong>Gra\u010di\u0161\u010de<\/strong><\/p>\n<p><strong>Gradin<\/strong><\/p>\n<\/td>\n<td width=\"155\">Sala a Gra\u010di\u0161\u010de<\/td>\n<td width=\"184\">gioved\u00ec 17 febbraio 2022<\/td>\n<td width=\"145\">17.00\u201319.00<\/td>\n<\/tr>\n<tr>\n<td width=\"136\"><strong>\u0160marje<\/strong><\/td>\n<td width=\"155\">Casa cooperativa di \u0160marje<\/td>\n<td width=\"184\">mercoled\u00ec 2 marzo 2022<\/td>\n<td width=\"145\">17.00\u201319.00<\/td>\n<\/tr>\n<tr>\n<td width=\"136\">\n<p><strong>Vanganello<\/strong><\/p>\n<p><strong>San Canziano<\/strong><\/p>\n<\/td>\n<td width=\"155\">Casa cooperativa di San Canziano<\/td>\n<td width=\"184\">gioved\u00ec 3 marzo 2022<\/td>\n<td width=\"145\">16.00\u201317.30<\/td>\n<\/tr>\n<tr>\n<td width=\"136\">\n<p><strong>Bor\u0161t<\/strong><\/p>\n<p><strong>Marezige<\/strong><\/p>\n<\/td>\n<td width=\"155\">Casa cooperativa di Marezige<\/td>\n<td width=\"184\">gioved\u00ec 3 marzo 2022<\/td>\n<td width=\"145\">18.30\u201320.00<\/td>\n<\/tr>\n<tr>\n<td width=\"136\"><strong>Podgorje<\/strong><\/td>\n<td width=\"155\">Casa della comunit\u00e0 locale di Podgorje<\/td>\n<td width=\"184\">marted\u00ec 8 marzo 2022<\/td>\n<td width=\"145\">17.00\u201319.00<\/td>\n<\/tr>\n<tr>\n<td width=\"136\"><strong>Rakitovec<\/strong><\/td>\n<td width=\"155\">Casa della comunit\u00e0 locale di Rakitovec<\/td>\n<td width=\"184\">mercoled\u00ec 9 marzo 2022<\/td>\n<td width=\"145\">18.00\u201319.30<\/td>\n<\/tr>\n<tr>\n<td width=\"136\"><strong>Zazid<\/strong><\/td>\n<td width=\"155\">Casa della comunit\u00e0 locale di Zazid<\/td>\n<td width=\"184\">marted\u00ec 15 marzo 2022<\/td>\n<td width=\"145\">17.00\u201319.00<\/td>\n<\/tr>\n<tr>\n<td width=\"136\"><strong>Dekani<\/strong><\/td>\n<td width=\"155\">Casa cooperativa di Dekani<\/td>\n<td width=\"184\">mercoled\u00ec 16 marzo 2022<\/td>\n<td width=\"145\">17.00\u201319.00<\/td>\n<\/tr>\n<tr>\n<td width=\"136\"><strong>\u010crni Kal<\/strong><\/td>\n<td width=\"155\">Stazione dei vigili del fuoco Dol pri Hrastovljah<\/td>\n<td width=\"184\">gioved\u00ec 17 marzo 2022<\/td>\n<td width=\"145\">17.00\u201319.00<\/td>\n<\/tr>\n<tr>\n<td width=\"136\"><strong>Bertocchi<\/strong><\/td>\n<td width=\"155\">Casa della comunit\u00e0 locale di Bertocchi<\/td>\n<td width=\"184\">mercoled\u00ec 23 marzo 2022<\/td>\n<td width=\"145\">17.00\u201319.00<\/td>\n<\/tr>\n<tr>\n<td rowspan=\"2\" width=\"136\">\n<p><strong>Capodistria centro<\/strong><\/p>\n<p><strong>Giusterna<\/strong><\/p>\n<p><strong>Semedella <\/strong><\/p>\n<p><strong>Al Castelletto<\/strong><\/p>\n<p><strong>Olmo \u2013 Prisoje<\/strong><\/p>\n<\/td>\n<td rowspan=\"2\" width=\"155\">Sala di S. Francesco<\/td>\n<td width=\"184\">gioved\u00ec 24 marzo 2022<\/td>\n<td width=\"145\">18.00-20.00<\/td>\n<\/tr>\n<tr>\n<td width=\"184\">luned\u00ec 28 marzo 2022<\/td>\n<td width=\"145\">17.00\u201319.00<\/td>\n<\/tr>\n<tr>\n<td width=\"136\"><strong>Crevatini<\/strong><\/td>\n<td width=\"155\">Casa della cultura di Bosici<\/td>\n<td width=\"184\">marted\u00ec 29 marzo 2022<\/td>\n<td width=\"145\">16.00\u201317.30<\/td>\n<\/tr>\n<tr>\n<td width=\"136\"><strong>Scoffie<\/strong><\/td>\n<td width=\"155\">Palazzetto dello sport Burja<\/td>\n<td width=\"184\">marted\u00ec 29 marzo 2022<\/td>\n<td width=\"145\">18.30\u201320.00<\/td>\n<\/tr>\n<tr>\n<td width=\"136\">\n<p><strong>Pobegi \u2013 \u010ce\u017earji<\/strong><\/p>\n<p><strong>Sv. Anton<\/strong><\/p>\n<\/td>\n<td width=\"155\">Casa della comunit\u00e0 locale di Sv. Anton<\/td>\n<td width=\"184\">mercoled\u00ec 30 marzo 2022<\/td>\n<td width=\"145\">17.00\u201319.00<\/td>\n<\/tr>\n<\/tbody>\n<\/table>\n<p><strong>Uno degli strumenti di partecipazione pubblica alla stesura del PRC sono state le mozioni depositate dai cittadini<\/strong><\/p>\n<p>Anche le mozioni depositate dai cittadini fino al 28 giugno 2019 hanno rappresentato uno degli strumenti di partecipazione pubblica nel procedimento di stesura del PRC. Le mozioni, pervenute entro detta data, sono state esaminate ai sensi dei criteri per l\u2019esame delle mozioni, basati sulla legislazione territoriale e specificati nel Vademecum per l\u2019esame delle mozioni di modifica della destinazione d\u2019uso dei terreni (Ministero per l\u2019ambiente e il territorio, settembre 2017).<\/p>\n<p>Nel procedimento di stesura della bozza \u00e8 stato necessario analizzare tutte le mozioni pervenute, quindi siamo stati costretti a fissare una data limite (in questo caso il 28 giugno 2019) per includere nell&#8217;analisi tutte le mozioni ricevute fino a quella data e procedere alla redazione dei contenuti della bozza. Le mozioni ricevute dal Comune citt\u00e0 di Capodistria dopo il 28 giugno 2019 non sono state incluse nel procedimento di adozione del PRC, ma verranno esaminate dopo l\u2019approvazione del documento, in occasione delle prime modifiche del PRC.<\/p>\n<p>\n<\/div><\/div><\/div><\/div><\/div><\/section><\/p>\n","protected":false},"excerpt":{"rendered":"","protected":false},"author":5,"featured_media":0,"parent":80710,"menu_order":200,"comment_status":"closed","ping_status":"closed","template":"","meta":{"_acf_changed":false,"inline_featured_image":false,"footnotes":""},"class_list":["post-80720","page","type-page","status-publish","hentry"],"acf":[],"_links":{"self":[{"href":"https:\/\/www.koper.si\/it\/wp-json\/wp\/v2\/pages\/80720","targetHints":{"allow":["GET"]}}],"collection":[{"href":"https:\/\/www.koper.si\/it\/wp-json\/wp\/v2\/pages"}],"about":[{"href":"https:\/\/www.koper.si\/it\/wp-json\/wp\/v2\/types\/page"}],"author":[{"embeddable":true,"href":"https:\/\/www.koper.si\/it\/wp-json\/wp\/v2\/users\/5"}],"replies":[{"embeddable":true,"href":"https:\/\/www.koper.si\/it\/wp-json\/wp\/v2\/comments?post=80720"}],"version-history":[{"count":21,"href":"https:\/\/www.koper.si\/it\/wp-json\/wp\/v2\/pages\/80720\/revisions"}],"predecessor-version":[{"id":106118,"href":"https:\/\/www.koper.si\/it\/wp-json\/wp\/v2\/pages\/80720\/revisions\/106118"}],"up":[{"embeddable":true,"href":"https:\/\/www.koper.si\/it\/wp-json\/wp\/v2\/pages\/80710"}],"wp:attachment":[{"href":"https:\/\/www.koper.si\/it\/wp-json\/wp\/v2\/media?parent=80720"}],"curies":[{"name":"wp","href":"https:\/\/api.w.org\/{rel}","templated":true}]}}