{"id":80732,"date":"2020-06-19T11:31:32","date_gmt":"2020-06-19T09:31:32","guid":{"rendered":"https:\/\/www.koper.si\/comune\/bilancio-partecipativo-del-comune-citta-di-capodistria-per-gli-anni-2021-e-2022\/posvetuj-se-v-projektni-pisarni\/"},"modified":"2022-06-09T09:25:14","modified_gmt":"2022-06-09T07:25:14","slug":"chiedi-consiglio-presso-lufficio-progetti","status":"publish","type":"page","link":"https:\/\/www.koper.si\/it\/comune\/bilancio-partecipativo-del-comune-citta-di-capodistria-per-gli-anni-2021-e-2022\/chiedi-consiglio-presso-lufficio-progetti\/","title":{"rendered":"Chiedi consiglio presso l&#8217;ufficio progetti"},"content":{"rendered":"<p><strong>In ogni area prepareremo un ufficio progettuale, dove troverete assistenza per redigere la vostra idea di progetto.<\/strong><\/p>\n<table style=\"width: 929.389px;\" width=\"0\">\n<tbody>\n<tr style=\"height: 24px;\">\n<td style=\"width: 277.933px; height: 24px;\" width=\"354\"><strong>Dove<\/strong><\/td>\n<td style=\"width: 651.456px; height: 24px;\" width=\"376\"><strong>Quando<\/strong><\/td>\n<\/tr>\n<tr style=\"height: 24px;\">\n<td style=\"width: 277.933px; height: 24px;\" width=\"354\">PiNA, Capodistria<\/td>\n<td style=\"width: 651.456px; height: 24px;\" width=\"376\">Gioved\u00ec, 16 giugno 2022, alle ore 16.00<\/td>\n<\/tr>\n<tr style=\"height: 24px;\">\n<td style=\"width: 277.933px; height: 24px;\" width=\"354\">Comunit\u00e0 locale \u0160marje<\/td>\n<td style=\"width: 651.456px; height: 24px;\" width=\"376\">Gioved\u00ec, 16 giugno 2022, alle ore 18.00<\/td>\n<\/tr>\n<tr style=\"height: 24px;\">\n<td style=\"width: 277.933px; height: 24px;\" width=\"354\">Casa di cultura Pobegi<\/td>\n<td style=\"width: 651.456px; height: 24px;\" width=\"376\">Mercoled\u00ec, 29 giugno 2022, alle ore 16.00<\/td>\n<\/tr>\n<tr style=\"height: 24px;\">\n<td style=\"width: 277.933px; height: 24px;\" width=\"354\">Comunit\u00e0 locale Marezige<\/td>\n<td style=\"width: 651.456px; height: 24px;\" width=\"376\">Mercoled\u00ec, 29 giugno 2022, alle ore 18.00<\/td>\n<\/tr>\n<tr style=\"height: 24px;\">\n<td style=\"width: 277.933px; height: 24px;\" width=\"354\">Comunit\u00e0 locale Dekani<\/td>\n<td style=\"width: 651.456px; height: 24px;\" width=\"376\">Marted\u00ec, 5 luglio 2022, alle ore 16.00<\/td>\n<\/tr>\n<tr style=\"height: 48px;\">\n<td style=\"width: 277.933px; height: 48px;\" width=\"354\">Comunit\u00e0 locale \u010crni Kal<\/td>\n<td style=\"width: 651.456px; height: 48px;\" width=\"376\">Marted\u00ec, 5 luglio 2022, alle ore 18.00<\/td>\n<\/tr>\n<\/tbody>\n<\/table>\n","protected":false},"excerpt":{"rendered":"<p>In ogni area prepareremo un ufficio progettuale, dove troverete assistenza per redigere la vostra idea di progetto. Dove Quando PiNA, Capodistria Gioved\u00ec, 16 giugno 2022, alle ore 16.00 Comunit\u00e0 locale \u0160marje Gioved\u00ec, 16 giugno 2022, alle ore 18.00 Casa di cultura Pobegi Mercoled\u00ec, 29 giugno 2022, alle ore 16.00 Comunit\u00e0 locale Marezige Mercoled\u00ec, 29 giugno<\/p>\n","protected":false},"author":6,"featured_media":0,"parent":80723,"menu_order":212,"comment_status":"closed","ping_status":"closed","template":"","meta":{"_acf_changed":false,"inline_featured_image":false,"footnotes":""},"class_list":["post-80732","page","type-page","status-publish","hentry"],"acf":[],"_links":{"self":[{"href":"https:\/\/www.koper.si\/it\/wp-json\/wp\/v2\/pages\/80732","targetHints":{"allow":["GET"]}}],"collection":[{"href":"https:\/\/www.koper.si\/it\/wp-json\/wp\/v2\/pages"}],"about":[{"href":"https:\/\/www.koper.si\/it\/wp-json\/wp\/v2\/types\/page"}],"author":[{"embeddable":true,"href":"https:\/\/www.koper.si\/it\/wp-json\/wp\/v2\/users\/6"}],"replies":[{"embeddable":true,"href":"https:\/\/www.koper.si\/it\/wp-json\/wp\/v2\/comments?post=80732"}],"version-history":[{"count":3,"href":"https:\/\/www.koper.si\/it\/wp-json\/wp\/v2\/pages\/80732\/revisions"}],"predecessor-version":[{"id":93928,"href":"https:\/\/www.koper.si\/it\/wp-json\/wp\/v2\/pages\/80732\/revisions\/93928"}],"up":[{"embeddable":true,"href":"https:\/\/www.koper.si\/it\/wp-json\/wp\/v2\/pages\/80723"}],"wp:attachment":[{"href":"https:\/\/www.koper.si\/it\/wp-json\/wp\/v2\/media?parent=80732"}],"curies":[{"name":"wp","href":"https:\/\/api.w.org\/{rel}","templated":true}]}}