{"id":80738,"date":"2020-06-19T11:35:31","date_gmt":"2020-06-19T09:35:31","guid":{"rendered":"https:\/\/www.koper.si\/comune\/bilancio-partecipativo-del-comune-citta-di-capodistria-per-gli-anni-2021-e-2022\/glasuj-za-predlog-projekta\/"},"modified":"2022-07-08T12:53:10","modified_gmt":"2022-07-08T10:53:10","slug":"vota-una-proposta-di-progetto","status":"publish","type":"page","link":"https:\/\/www.koper.si\/it\/comune\/bilancio-partecipativo-del-comune-citta-di-capodistria-per-gli-anni-2021-e-2022\/vota-una-proposta-di-progetto\/","title":{"rendered":"Vota una proposta di progetto"},"content":{"rendered":"<p>La commissione ha selezionato per la votazione 181 proposte di progetto, in merito alle quali le cittadine e i cittadini decideranno tra il 12 e il 19 settembre 2022, fino a mezzanotte. Possono votare tutti i cittadini che avranno compiuto il giorno della votazione almeno 15 anni di et\u00e0. Per votare nell\u2019applicazione online <a href=\"http:\/\/www.predlagam-odlocam.koper.si\/\" target=\"_blank\" rel=\"noopener noreferrer\">www.predlagam-odlocam.koper.si<\/a>\u00a0bisogner\u00e0 inserire il codice CAUC e gli altri dati richiesti, ma sar\u00e0 comunque possibile votare anche personalmente presso l\u2019ufficio protocollo del Comune citt\u00e0 di Capodistria o presso le sedi delle comunit\u00e0 locali. Per votare presso l\u2019ufficio protocollo o presso le sedi delle comunit\u00e0 locali sar\u00e0 garantito un computer con accesso alla parte di votazione dell\u2019applicazione, sar\u00e0 disponibile anche l\u2019assistenza tecnica.<\/p>\n<p>&nbsp;<\/p>\n<p><strong>Come votare?<\/strong><\/p>\n<p>Le cittadine e i cittadini potranno votare solamente per i progetti dell\u2019area selezionata, dovranno limitarsi al carrello delle proposte di progetto, cui valore complessivo non supera i 160.000 euro, garantiti per il finanziamento della singola area del bilancio partecipativo.<\/p>\n<p>L\u2019applicazione online bloccher\u00e0 la votazione il 19 settembre a mezzanotte, sar\u00e0 cos\u00ec conclusa la fase di votazione. Alla fine della votazione l\u2019applicazione raccoglier\u00e0 tutti i voti e rediger\u00e0 un elenco dei progetti con il numero dei voti ricevuti.<\/p>\n<p>&nbsp;<\/p>\n<p><strong>Ubicazioni previste per la votazione<\/strong><\/p>\n<table style=\"width: 100.563%; height: 912px;\" width=\"0\">\n<tbody>\n<tr style=\"height: 24px;\">\n<td style=\"width: 23.7232%; height: 24px;\" width=\"140\"><strong>Ubicazione<\/strong><\/td>\n<td style=\"width: 23.3937%; height: 24px;\" width=\"138\"><strong>Indirizzo<\/strong><\/td>\n<td style=\"width: 15.1565%; height: 24px;\" width=\"88\"><\/td>\n<td style=\"width: 130.722%; height: 24px;\" width=\"211\"><strong>Orario d\u2019ufficio<\/strong><\/td>\n<\/tr>\n<tr style=\"height: 72px;\">\n<td style=\"width: 23.7232%; height: 72px;\" width=\"140\">Ufficio protocollo del Comune citt\u00e0 di Capodistria<\/td>\n<td style=\"width: 23.3937%; height: 72px;\" width=\"138\">Via Giuseppe Verdi n. 10<\/td>\n<td style=\"width: 15.1565%; height: 72px;\" width=\"88\">Capodistria<\/td>\n<td style=\"width: 130.722%; height: 72px;\" width=\"211\">luned\u00ec, marted\u00ec, gioved\u00ec dale ore 8 alle ore 12<br \/>\nmercoled\u00ec dalle ore 8 alle ore 12 e dalle ore 14 alle ore 17<br \/>\nvenerd\u00ec dalle ore 8 alle ore 12<\/td>\n<\/tr>\n<tr style=\"height: 24px;\">\n<td style=\"width: 23.7232%; height: 24px;\">Olmo-Prisoje<\/td>\n<td style=\"width: 23.3937%; height: 24px;\">Vicolo degli Olivi n. 4<\/td>\n<td style=\"width: 15.1565%; height: 24px;\">Capodistria<\/td>\n<td style=\"width: 130.722%; height: 24px;\">marted\u00ec dale ore 14 alle ore 16<\/td>\n<\/tr>\n<tr style=\"height: 48px;\">\n<td style=\"width: 23.7232%; height: 48px;\">Semedella<\/td>\n<td style=\"width: 23.3937%; height: 48px;\">Via Josip Jur\u010di\u010d n. 2<\/td>\n<td style=\"width: 15.1565%; height: 48px;\">Capodistria<\/td>\n<td style=\"width: 130.722%; height: 48px;\">marted\u00ec dale ore 10 alle ore 12<br \/>\ngioved\u00ec dalle ore 14 alle ore 16<\/td>\n<\/tr>\n<tr style=\"height: 48px;\">\n<td style=\"width: 23.7232%; height: 48px;\">Al castelletto<\/td>\n<td style=\"width: 23.3937%; height: 48px;\">Via Josip Jur\u010di\u010d n. 2<\/td>\n<td style=\"width: 15.1565%; height: 48px;\">Capodistria<\/td>\n<td style=\"width: 130.722%; height: 48px;\">marted\u00ec dale ore 10 alle ore 12<br \/>\ngioved\u00ec dalle ore 14 alle ore 16<\/td>\n<\/tr>\n<tr style=\"height: 72px;\">\n<td style=\"width: 23.7232%; height: 72px;\">Crevatini<\/td>\n<td style=\"width: 23.3937%; height: 72px;\">Crevatini n. 74<\/td>\n<td style=\"width: 15.1565%; height: 72px;\">Ancarano<\/td>\n<td style=\"width: 130.722%; height: 72px;\">luned\u00ec dalle ore 9 alle ore 11<br \/>\nmercoled\u00ec dalle ore 14 alle ore 17<br \/>\nvenerd\u00ec dalle ore 9 alle ore 11<\/td>\n<\/tr>\n<tr style=\"height: 48px;\">\n<td style=\"width: 23.7232%; height: 48px;\">Bertocchi<\/td>\n<td style=\"width: 23.3937%; height: 48px;\">Strada dei combattenti n. 1<\/td>\n<td style=\"width: 15.1565%; height: 48px;\">Capodistria<\/td>\n<td style=\"width: 130.722%; height: 48px;\">marted\u00ec dale ore 9 alle ore 11<br \/>\ngioved\u00ec dalle ore 15 alle ore 18<\/td>\n<\/tr>\n<tr style=\"height: 48px;\">\n<td style=\"width: 23.7232%; height: 48px;\" width=\"140\">Capodistria\u2013centro<\/td>\n<td style=\"width: 23.3937%; height: 48px;\" width=\"138\">Via del Fronte della Liberazione n. 9<\/td>\n<td style=\"width: 15.1565%; height: 48px;\" width=\"88\">Capodistria<\/td>\n<td style=\"width: 130.722%; height: 48px;\" width=\"211\">marted\u00ec dalle ore 14 alle ore 16<\/td>\n<\/tr>\n<tr style=\"height: 48px;\">\n<td style=\"width: 23.7232%; height: 48px;\" width=\"140\">Giusterna<\/td>\n<td style=\"width: 23.3937%; height: 48px;\" width=\"138\">Costa lunga n. 5<\/td>\n<td style=\"width: 15.1565%; height: 48px;\" width=\"88\">Capodistria<\/td>\n<td style=\"width: 130.722%; height: 48px;\" width=\"211\">venerd\u00ec dalle ore 8.30 alle ore 11.30<\/td>\n<\/tr>\n<tr style=\"height: 48px;\">\n<td style=\"width: 23.7232%; height: 48px;\" width=\"140\">Sveti Anton<\/td>\n<td style=\"width: 23.3937%; height: 48px;\" width=\"138\">Sveti Anton n. 1<\/td>\n<td style=\"width: 15.1565%; height: 48px;\" width=\"88\">Pobegi<\/td>\n<td style=\"width: 130.722%; height: 48px;\" width=\"211\">mercoled\u00ec dalle ore 14 alle ore 16<\/td>\n<\/tr>\n<tr style=\"height: 48px;\">\n<td style=\"width: 23.7232%; height: 48px;\" width=\"140\">Pobegi-\u010ce\u017earji<\/td>\n<td style=\"width: 23.3937%; height: 48px;\" width=\"138\">Istrske brigade n. 59<\/td>\n<td style=\"width: 15.1565%; height: 48px;\" width=\"88\">Pobegi<\/td>\n<td style=\"width: 130.722%; height: 48px;\" width=\"211\">marted\u00ec dalle ore 14 alle ore 16<\/td>\n<\/tr>\n<tr style=\"height: 24px;\">\n<td style=\"width: 23.7232%; height: 24px;\">San Canziano<\/td>\n<td style=\"width: 23.3937%; height: 24px;\">Strada della Rivolta di Marezige n. 4<\/td>\n<td style=\"width: 15.1565%; height: 24px;\">Capodistria<\/td>\n<td style=\"width: 130.722%; height: 24px;\">gioved\u00ec dale ore 14 alle ore 16<\/td>\n<\/tr>\n<tr style=\"height: 48px;\">\n<td style=\"width: 23.7232%; height: 48px;\">Dekani<\/td>\n<td style=\"width: 23.3937%; height: 48px;\">Dekani n. 209<\/td>\n<td style=\"width: 15.1565%; height: 48px;\">Dekani<\/td>\n<td style=\"width: 130.722%; height: 48px;\">marted\u00ec dalle ore 14 alle ore 17<br \/>\ngioved\u00ec dalle ore 9 alle ore 13<\/td>\n<\/tr>\n<tr style=\"height: 24px;\">\n<td style=\"width: 23.7232%; height: 24px;\" width=\"140\">\u0160kofije<\/td>\n<td style=\"width: 23.3937%; height: 24px;\" width=\"138\">Sp. \u0160kofije n. 54<\/td>\n<td style=\"width: 15.1565%; height: 24px;\" width=\"88\">\u0160kofije<\/td>\n<td style=\"width: 130.722%; height: 24px;\" width=\"211\">luned\u00ec dale ore 8 alle ore 12<br \/>\nmercoled\u00ec dale ore 14 alle ore 17<\/td>\n<\/tr>\n<tr style=\"height: 48px;\">\n<td style=\"width: 23.7232%; height: 48px;\" width=\"140\">\u0160marje<\/td>\n<td style=\"width: 23.3937%; height: 48px;\" width=\"138\">\u0160marje n. 89<\/td>\n<td style=\"width: 15.1565%; height: 48px;\" width=\"88\">\u0160marje<\/td>\n<td style=\"width: 130.722%; height: 48px;\" width=\"211\">luned\u00ec e venerd\u00ec dale ore 8 alle ore 12<br \/>\nmercoled\u00ec dalle ore 16 alle ore 19<\/td>\n<\/tr>\n<tr style=\"height: 24px;\">\n<td style=\"width: 23.7232%; height: 24px;\" width=\"140\">Vanganel<\/td>\n<td style=\"width: 23.3937%; height: 24px;\" width=\"138\">Vanganel n. 38<\/td>\n<td style=\"width: 15.1565%; height: 24px;\" width=\"88\">Capodistria<\/td>\n<td style=\"width: 130.722%; height: 24px;\" width=\"211\">gioved\u00ec dale ore 14 alle ore 16<\/td>\n<\/tr>\n<tr style=\"height: 24px;\">\n<td style=\"width: 23.7232%; height: 24px;\" width=\"140\">Marezige<\/td>\n<td style=\"width: 23.3937%; height: 24px;\" width=\"138\">Marezige n. 24<\/td>\n<td style=\"width: 15.1565%; height: 24px;\" width=\"88\">Marezige<\/td>\n<td style=\"width: 130.722%; height: 24px;\" width=\"211\">marted\u00ec dale ore 13 alle ore 15<\/td>\n<\/tr>\n<tr style=\"height: 24px;\">\n<td style=\"width: 23.7232%; height: 24px;\" width=\"140\">Gradin<\/td>\n<td style=\"width: 23.3937%; height: 24px;\" width=\"138\">Brezovica n. 1b<\/td>\n<td style=\"width: 15.1565%; height: 24px;\" width=\"88\">Gra\u010di\u0161\u010de<\/td>\n<td style=\"width: 130.722%; height: 24px;\" width=\"211\">mercoled\u00ec dale ore 14 alle ore 16<\/td>\n<\/tr>\n<tr style=\"height: 24px;\">\n<td style=\"width: 23.7232%; height: 24px;\" width=\"140\">Bor\u0161t<\/td>\n<td style=\"width: 23.3937%; height: 24px;\" width=\"138\">Bor\u0161t n. 28<\/td>\n<td style=\"width: 15.1565%; height: 24px;\" width=\"88\">Marezige<\/td>\n<td style=\"width: 130.722%; height: 24px;\" width=\"211\">luned\u00ec dale ore 16.30 alle ore 18.30<\/td>\n<\/tr>\n<tr style=\"height: 48px;\">\n<td style=\"width: 23.7232%; height: 48px;\" width=\"140\">\u010crni Kal<\/td>\n<td style=\"width: 23.3937%; height: 48px;\" width=\"138\">\u010crni Kal n. 70<\/td>\n<td style=\"width: 15.1565%; height: 48px;\" width=\"88\">\u010crni Kal<\/td>\n<td style=\"width: 130.722%; height: 48px;\" width=\"211\">luned\u00ec dale ore 8 alle ore 12<br \/>\nmercoled\u00ec dalle ore 14 alle ore 16<\/td>\n<\/tr>\n<tr style=\"height: 24px;\">\n<td style=\"width: 23.7232%; height: 24px;\" width=\"140\">Gra\u010di\u0161\u010de<\/td>\n<td style=\"width: 23.3937%; height: 24px;\" width=\"138\">Gra\u010di\u0161\u010de 4<\/td>\n<td style=\"width: 15.1565%; height: 24px;\" width=\"88\">Gra\u010di\u0161\u010de<\/td>\n<td style=\"width: 130.722%; height: 24px;\" width=\"211\">marted\u00ec dalle ore 13 alle ore 16<\/td>\n<\/tr>\n<tr style=\"height: 24px;\">\n<td style=\"width: 23.7232%; height: 24px;\" width=\"140\">Podgorje<\/td>\n<td style=\"width: 23.3937%; height: 24px;\" width=\"138\">Podgorje NN<\/td>\n<td style=\"width: 15.1565%; height: 24px;\" width=\"88\">Podgorje<\/td>\n<td style=\"width: 130.722%; height: 24px;\" width=\"211\">luned\u00ec dale ore 8 alle ore 10<\/td>\n<\/tr>\n<tr style=\"height: 24px;\">\n<td style=\"width: 23.7232%; height: 24px;\" width=\"140\">Rakitovec<\/td>\n<td style=\"width: 23.3937%; height: 24px;\" width=\"138\">Rakitovecn. \u00a044<\/td>\n<td style=\"width: 15.1565%; height: 24px;\" width=\"88\">\u010crni Kal<\/td>\n<td style=\"width: 130.722%; height: 24px;\" width=\"211\">gioved\u00ec dale ore 10.30 alle ore 12.30<\/td>\n<\/tr>\n<tr style=\"height: 24px;\">\n<td style=\"width: 23.7232%; height: 24px;\" width=\"140\">Zazid<\/td>\n<td style=\"width: 23.3937%; height: 24px;\" width=\"138\">Zazid n.n.<\/td>\n<td style=\"width: 15.1565%; height: 24px;\" width=\"88\">\u010crni Kal<\/td>\n<td style=\"width: 130.722%; height: 24px;\" width=\"211\">gioved\u00ec dale ore 13.30 alle ore 15.30<\/td>\n<\/tr>\n<\/tbody>\n<\/table>\n","protected":false},"excerpt":{"rendered":"<p>La commissione ha selezionato per la votazione 181 proposte di progetto, in merito alle quali le cittadine e i cittadini decideranno tra il 12 e il 19 settembre 2022, fino a mezzanotte. Possono votare tutti i cittadini che avranno compiuto il giorno della votazione almeno 15 anni di et\u00e0. Per votare nell\u2019applicazione online www.predlagam-odlocam.koper.si\u00a0bisogner\u00e0 inserire<\/p>\n","protected":false},"author":6,"featured_media":0,"parent":80723,"menu_order":216,"comment_status":"closed","ping_status":"closed","template":"","meta":{"_acf_changed":false,"inline_featured_image":false,"footnotes":""},"class_list":["post-80738","page","type-page","status-publish","hentry"],"acf":[],"_links":{"self":[{"href":"https:\/\/www.koper.si\/it\/wp-json\/wp\/v2\/pages\/80738","targetHints":{"allow":["GET"]}}],"collection":[{"href":"https:\/\/www.koper.si\/it\/wp-json\/wp\/v2\/pages"}],"about":[{"href":"https:\/\/www.koper.si\/it\/wp-json\/wp\/v2\/types\/page"}],"author":[{"embeddable":true,"href":"https:\/\/www.koper.si\/it\/wp-json\/wp\/v2\/users\/6"}],"replies":[{"embeddable":true,"href":"https:\/\/www.koper.si\/it\/wp-json\/wp\/v2\/comments?post=80738"}],"version-history":[{"count":10,"href":"https:\/\/www.koper.si\/it\/wp-json\/wp\/v2\/pages\/80738\/revisions"}],"predecessor-version":[{"id":94482,"href":"https:\/\/www.koper.si\/it\/wp-json\/wp\/v2\/pages\/80738\/revisions\/94482"}],"up":[{"embeddable":true,"href":"https:\/\/www.koper.si\/it\/wp-json\/wp\/v2\/pages\/80723"}],"wp:attachment":[{"href":"https:\/\/www.koper.si\/it\/wp-json\/wp\/v2\/media?parent=80738"}],"curies":[{"name":"wp","href":"https:\/\/api.w.org\/{rel}","templated":true}]}}