{"id":80855,"date":"2020-11-06T08:31:35","date_gmt":"2020-11-06T07:31:35","guid":{"rendered":"https:\/\/www.koper.si\/comune\/izredno-obvescanje\/"},"modified":"2022-02-21T15:11:22","modified_gmt":"2022-02-21T14:11:22","slug":"informazioni-di-emergenza","status":"publish","type":"page","link":"https:\/\/www.koper.si\/it\/comune\/informazioni-di-emergenza\/","title":{"rendered":"Informazioni di emergenza"},"content":{"rendered":"<section class=\"kc-elm kc-css-516604 kc_row\"><div class=\" container\"><div class=\"row\"><div class=\"kc-elm kc-css-132851 col-12 col-sm-12 column col-12 col-sm-12\"><div class=\"kc-col-container\"><div class=\"kc-elm kc_text_block\"><\/p>\n<p><strong>Tutte le informazioni relative ai servizi e alle misure adottate nel periodo dell&#8217;epidemia<\/strong><\/p>\n<p>A partire dall\u201911 gennaio il lavoro dell\u2019amministrazione comunale del Comune citt\u00e0 di Capodistria sar\u00e0 limitato in considerazione dell\u2019attuale situazione epidemiologica. L\u2019ufficio protocollo rimarr\u00e0 attivo a seconda del consueto orario, l\u2019orario d\u2019ufficio per le parti non subisce modifiche. Il Comune invita comunque i cittadini a presentare le richieste e a gestire la documentazione per posta regolare o elettronica e contribuire in questo modo a proteggere s\u00e9 stessi e gli impiegati dell\u2019amministrazione comunale.<\/p>\n<p>Questo vale per tutte le domande e altre richieste scritte, ad eccezione delle domande per il rilascio o la proroga dei permessi di parcheggio nel centro storico di Capodistria, da ritirare personalmente. Le parti devono disinfettarsi le mani all\u2019entrata, \u00e8 obbligatorio indossare la mascherina e mantenere la distanza di sicurezza.<\/p>\n<p>Le richieste vanno inviate all\u2019indirizzo Comune citt\u00e0 di Capodistria, Via Giuseppe Verdi n. 10, 6000 Capodistria, oppure per posta elettronica <a href=\"mailto:obcina@koper.si\">obcina@koper.si <\/a>.<\/p>\n<p>Il comune cercher\u00e0 di sbrigare la maggior parte della propria attivit\u00e0 per posta, posta elettronica o per telefono e limitare cos\u00ec nella maggior parte possibile la diffusione del contagio da nuovo coronavirus. Durante l&#8217;orario d&#8217;ufficio le cittadine e i cittadini, nonch\u00e9 gli altri utenti possono chiamare il numero di telefono 05 66 46 100 (centralino) ovv. gli altri numeri di telefono dei singoli uffici ovv. servizi o mandare un messaggio elettronico all&#8217;indirizzo <u>obcina@koper.si.<\/u><\/p>\n<p>Il CCC ha raccolto tutte le informazioni relative ai numeri di telefono di emergenza per l\u2019assistenza alle cittadine e ai cittadini, ai provvedimenti e ai servizi offerti durante l\u2019epidemia sulla pagina web ufficiale del Comune <a href=\"https:\/\/www.koper.si\/obcina\/izredno-obvescanje\/\">https:\/\/www.koper.si\/obcina\/izredno-obvescanje\/<\/a>.<\/p>\n<p>Il Settore protezione e soccorso \u00e8 reperibile all&#8217;indirizzo di posta elettronica <a href=\"mailto:pr@koper.si\">cz@koper.si<\/a>.<\/p>\n<p><strong>\u00a0<\/strong><\/p>\n<p><strong>Numeri telefonici importanti<\/strong><\/p>\n<p>05 66 47 440 o 05 62 03 615 (Casa della sanit\u00e0 di Capodistria): da chiamare se notate di avere i sintomi della malattia e il vostro medico curante non \u00e8 disponibile; da luned\u00ec a venerd\u00ec dalle ore 7 alle ore 20.<\/p>\n<p>080 14 04: numero verde nazionale per informazioni sul coronavirus. Ulteriori informazioni https:\/\/www.gov.si\/teme\/koronavirus-sars-cov-2\/<\/p>\n<p>030 710 007 (Casa costiera del pensionato): consegna di medicinali e cibo agli anziani e ai disabili (programma Vitica); da luned\u00ec a venerd\u00ec dalle ore 9 alle ore 18<\/p>\n<p>051 655 545 (Croce rossa di Capodistria), per donare sangue e per il pronto soccorso 070 766 688<\/p>\n<p>031 335 969 (Caritas di Capodistria): giorni feriali dalle ore 9 alle ore 17<\/p>\n<p>070 550 704 o 05 66 21 830, iz@ozara.org (Associazione nazionale slovena per la qualit\u00e0 della vita Ozara): colloqui telefonici per attenuare le situazioni di ansia; nei giorni feriali dalle ore 8 alle ore 15<\/p>\n<p>05 662 14 84, tina.nanut@dc.sent.si (\u0160ENT \u2013 Slovensko zdru\u017eenje za du\u0161evno zdravje, Dnevni center \u0160entmar Koper &#8211; Associazione slovena per la salute mentale, Centro diurno \u0160entmar di Capodistria): consulenza e prestazione del supporto psicologico urgente ai cittadini durante il periodo dell\u2019epidemia; nei giorni feriali dalle ore 9 alle ore 15.<\/p>\n<p>031 388 591 (Centro di consulenza per bambini, adolescenti e genitori Capodistria): consulenza psicologica e assistenza psicosociale per bambini, adolescenti e genitori; nei giorni feriali dalle ore 9 alle ore 15.<\/p>\n<p>&nbsp;<\/p>\n<p><strong>Casa della sanit\u00e0 di Capodistria<\/strong><\/p>\n<p>Gli ambulatori della Casa della sanit\u00e0 di Capodistria operano anche nel periodo di epidemia con il consueto orario, bisogna comunque prenotare le visite mediche, e cio\u00e8 per telefono ovv. modulo elettronico. Fino a nuovo avviso non \u00e8 possibile prenotarsi personalmente.<\/p>\n<p>Si consiglia ai pazienti di utilizzare il modulo elettronico anche per consulte non urgenti con il medico, richiedere impegnative e ricette mediche.<\/p>\n<p>Il personale medico controlla regolarmente le notifiche e risponder\u00e0 alle vostre richieste appena possibile. Inoltre, la Casa della sanit\u00e0 registra tutte le chiamate entranti agli ambulatori, chiamare pi\u00f9 di una volta non \u00e8 quindi necessario. Se non si riesce a reperire il personale medico, vi chiameranno appena possibile, ma comunque non oltre le 24 ore dalla chiamata.<\/p>\n<p>La Casa della sanit\u00e0 invita le cittadine e i cittadini che presentano i sintomi del contagio da coronavirus, quali febbre alta e tosse, a non recarsi nelle strutture sanitarie. In questo caso chiamate il vostro medico curante e prenotate la visita solo a seguito di consultarvi con lo stesso. Se questo non \u00e8 disponibile, telefonate nell&#8217;ambulatorio di emergenza medica al numero 05 66 47 440 o al numero di telefono aggiuntivo 05 62 03 615. Riceverete tutte le istruzioni necessarie.<\/p>\n<p>La Casa della sanit\u00e0 di Capodistria comunica che il paziente, il giorno precedente l\u2019appuntamento, verr\u00e0 contattato telefonicamente dall&#8217;infermiera che si accerter\u00e0 dello stato di salute del paziente stesso. Le stesse domande verranno fatte anche il giorno dell\u2019appuntamento per la visita. Tutti i pazienti con febbre o segni di infezione alle vie respiratorie verranno inviati all&#8217;apposito ambulatorio dove potranno provvedere a loro in sicurezza.<\/p>\n<p>Si prega i pazienti di arrivare in orario ovv. al massimo cinque minuti prima dell\u2019appuntamento e di evitare assembramenti. I pazienti devono indossare la mascherina di protezione e disinfettarsi le mani all\u2019entrata nella Casa della sanit\u00e0.<\/p>\n<p>Per maggiori informazioni sugli orari degli ambulatori generici e i contatti consultate il sito della Casa della sanit\u00e0 di Capodistria (www.zd-koper.si).<\/p>\n<p>&nbsp;<\/p>\n<p><strong>Comunit\u00e0 locali<\/strong><\/p>\n<p>Le comunit\u00e0 locali sono reperibili solamente per telefono, e cio\u00e8 da luned\u00ec a venerd\u00ec dalle ore 9 alle ore 11. I numeri di telefono delle singole comunit\u00e0 locali sono:<\/p>\n<p>CL Crevatini, CL Semedella, CL Al castelletto: 051 672 551<\/p>\n<p>CL \u010crni Kal, CL Gra\u010di\u0161\u010de, CL Zazid, CL Rakitovec, CL Podgorje: 041 760 941<\/p>\n<p>CL \u0160kofije, CL Olmo &#8211; Prisoje, CL Dekani: 041 698 435<\/p>\n<p>CL Bertocchi, CL Capodistria \u2013 centro, CL Giusterna: 040 622 624<\/p>\n<p>CL Marezige, CL Gradin, CL Vanganel: 041 649 032<\/p>\n<p>CL Pobegi &#8211; \u010ce\u017earji, CL Sv. Anton, CL San Canziano: 030 610 142<\/p>\n<p>CL Bor\u0161t: 040 699 234<\/p>\n<p>CL \u0160marje: 051 369 212<\/p>\n<p>&nbsp;<\/p>\n<p><strong>Le scuole e i giardini d\u2019infanzia sono aperti<\/strong><\/p>\n<p>Il 12 aprile sono rientrati nei giardini d\u2019infanzia e nelle scuole elementari i bambini e gli alunni, nelle scuole medie invece solamente gli studenti delle ultime classi. Fino a nuovo avviso gli studenti delle prime tre classi seguiranno la didattica a seconda del modello C: gli studenti delle prime tre classi delle scuole medie si alterneranno, e cio\u00e8 una settimana met\u00e0 far\u00e0 didattica in presenza, l\u2019altra met\u00e0 invece a distanza da casa e cos\u00ec via.<\/p>\n<p><strong>\u00a0<\/strong><\/p>\n<p><strong>Il trasporto pubblico con il consueto orario<\/strong><\/p>\n<p><strong>Gli autobus <\/strong>di linea del trasporto pubblico cittadino circolano <strong>con il loro consueto orario.<\/strong> Il Comune citt\u00e0 di Capodistria invita le cittadine e i cittadini a controllare l\u2019orario delle singole linee del trasporto pubblico cittadino prima di recarsi alla fermata; gli orari sono accessibili su <a href=\"https:\/\/arriva.si\/avtobusni-prevozi\/mestni-avtobusni-prevozi\/mestni-promet-koper\/vozni-red-in-ceniki\/\" target=\"_blank\" rel=\"noopener\">https:\/\/arriva.si\/avtobusni-prevozi\/mestni-avtobusni-prevozi\/mestni-promet-koper\/vozni-red-in-ceniki\/<\/a>.<\/p>\n<p>&nbsp;<\/p>\n<p><strong>Infrastrutture sportive e parchi gioco<\/strong><\/p>\n<p>Dal 12 aprile <strong>\u00e8 permesso <\/strong>nuovamente <strong>anche l\u2019allenamento sportivo per gli sportivi registrati e per gli altri sportivi a livello ricreativo.<\/strong><\/p>\n<p>Hanno riaperto i propri battenti anche <strong>la Piscina olimpica di Capodistria, l\u2019Arena Bonifika, il Parco sportivo di Dekani, i campi da beach-volley presso il Centro degli sport su sabbia, il Centro degli sport acquatici, lo Skate park, i campi da calcio presso il Centro sportivo e di ricreazione Bonifika<\/strong> e gli altri impianti sportivi e scolastici nel comune.<\/p>\n<p>Sono aperti anche tutti i parchi gioco per bambini e gli impianti sportivi presso il Centro sportivo e di ricreazione Bonifika e presso il Centro degli sport su sabbia.<\/p>\n<p>&nbsp;<\/p>\n<p><strong>Bagni pubblici<\/strong><\/p>\n<p>Dal 12 aprile sono parti tutti i bagni pubblici nel Comune citt\u00e0 di Capodistria.<\/p>\n<p><strong>\u00a0<\/strong><\/p>\n<p><strong>Parcheggio<\/strong><\/p>\n<p>Nei parcheggi, soggetti al servizio pubblico (gestione dei parcheggi), il servizio pubblico si esegue come finora (la maggior parte dei parcheggi in citt\u00e0 sono a pagamento).<\/p>\n<p><strong>\u00a0<\/strong><\/p>\n<p><strong>Area di sosta per i camper<\/strong><\/p>\n<p>L\u2019area di sosta per i camper \u00e8 chiusa.<\/p>\n<p><strong>\u00a0<\/strong><\/p>\n<p><strong>Museo regionale di Capodistria<\/strong><\/p>\n<p>Ha riaperto anche il Museo regionale di Capodistria. Nei locali di ricezione sono sistemate apposite protezioni, \u00e8 a disposizione il disinfettante per le mani, ogni visitatore deve indossare la mascherina (da portare con s\u00e9). Si permettono solamente visite individuali ovv. gruppi dello stesso nucleo familiare. In ogni locale della mostra ci pu\u00f2 essere solamente un gruppo del genere.<\/p>\n<p>&nbsp;<\/p>\n<p><strong>Biblioteca centrale Sre\u010dko Vilhar Capodistria<\/strong><\/p>\n<p>Dal 12 aprile nelle unit\u00e0 della Biblioteca centrale di Sre\u010dko Vilhar si permette di nuovo l\u2019accesso ai materiali. Rimangono in vigore tutti i provvedimenti applicati finora, come l\u2019uso obbligatorio della mascherina, la distanza di sicurezza, l\u2019obbligo di disinfettarsi le mani, la stimolazione dell\u2019attivit\u00e0 senza contatto, l\u2019orario adeguato ovv. estivo, il conteggio degli utenti. Ogni utente deve usare il cestello, che viene disinfettato dopo ogni utilizzo. La restituzione dei materiali ha luogo nell\u2019aula della biblioteca.<\/p>\n<p>Gli eventi della biblioteca, le manifestazioni per i bambini, le lezioni e i seminari rimangono in forma virtuale, sono accessibili sulla loro pagina web www.kp.sik.si ovv. su Facebook.<\/p>\n<p>&nbsp;<\/p>\n<p><strong>Come agire in caso di sospetto di contagio da coronavirus SARS-CoV-2?<\/strong><\/p>\n<p>Chiunque sia stato nelle aree maggiormente soggette a rischio di contagio da coronavirus COVID 19 negli ultimi quattordici giorni, o sia stato in contatto con una persona cui \u00e8 stato accertato il contagio con il nuovo virus deve seguire rigorosamente le istruzioni seguenti.<\/p>\n<p>Se notate di avere i sintomi della malattia (febbre, tosse, difficolt\u00e0 respiratoria tipica della polmonite), rimanete a casa ed evitate il contatto con altre persone. Non recatevi negli ambulatori, bens\u00ec consultate il vostro medico curante ovvero il medico che lo sostituisce. Se questo non \u00e8 disponibile, telefonate nell&#8217;ambulatorio di emergenza medica al numero 05 66 47 440 o al numero di telefono aggiuntivo 05 62 03 615. Riceverete tutte le istruzioni necessarie.<\/p>\n<p>Il medico confermer\u00e0 o rigetter\u00e0 il sospetto di contagio, se il sospetto verr\u00e0 confermato vi indirizzer\u00e0 nella struttura sanitaria, il cosiddetto punto di ingresso per effettuare il tampone.<\/p>\n<p>Raggiungete il punto di ingresso in auto e non con i mezzi pubblici, nell&#8217;automobile attendete ulteriori istruzioni del personale medico.<\/p>\n<p>Per facilitare i cittadini a reperire informazioni affidabili sul nuovo coronavirus, l&#8217;Ufficio governativo per la comunicazione in collaborazione con il Ministero della salute, l&#8217;Istituto nazionale per la salute pubblica, la Clinica per le infezioni e il Ministero della pubblica amministrazione, ha istituito un call center. Le informazioni verranno fornite ogni giorno, dalle ore 8 alle ore 20, al numero verde 080 1404.<\/p>\n<p>\n<\/div><\/div><\/div><\/div><\/div><\/section>\n","protected":false},"excerpt":{"rendered":"","protected":false},"author":5,"featured_media":0,"parent":72108,"menu_order":220,"comment_status":"closed","ping_status":"closed","template":"","meta":{"_acf_changed":false,"inline_featured_image":false,"footnotes":""},"class_list":["post-80855","page","type-page","status-publish","hentry"],"acf":[],"_links":{"self":[{"href":"https:\/\/www.koper.si\/it\/wp-json\/wp\/v2\/pages\/80855","targetHints":{"allow":["GET"]}}],"collection":[{"href":"https:\/\/www.koper.si\/it\/wp-json\/wp\/v2\/pages"}],"about":[{"href":"https:\/\/www.koper.si\/it\/wp-json\/wp\/v2\/types\/page"}],"author":[{"embeddable":true,"href":"https:\/\/www.koper.si\/it\/wp-json\/wp\/v2\/users\/5"}],"replies":[{"embeddable":true,"href":"https:\/\/www.koper.si\/it\/wp-json\/wp\/v2\/comments?post=80855"}],"version-history":[{"count":10,"href":"https:\/\/www.koper.si\/it\/wp-json\/wp\/v2\/pages\/80855\/revisions"}],"predecessor-version":[{"id":91538,"href":"https:\/\/www.koper.si\/it\/wp-json\/wp\/v2\/pages\/80855\/revisions\/91538"}],"up":[{"embeddable":true,"href":"https:\/\/www.koper.si\/it\/wp-json\/wp\/v2\/pages\/72108"}],"wp:attachment":[{"href":"https:\/\/www.koper.si\/it\/wp-json\/wp\/v2\/media?parent=80855"}],"curies":[{"name":"wp","href":"https:\/\/api.w.org\/{rel}","templated":true}]}}