{"id":86996,"date":"2021-06-22T11:36:37","date_gmt":"2021-06-22T09:36:37","guid":{"rendered":"https:\/\/www.koper.si\/comune\/elezioni\/predcasne-volitve-ks-hrvatini-crevatini-2021\/"},"modified":"2021-10-01T09:19:22","modified_gmt":"2021-10-01T07:19:22","slug":"elezioni-anticipate-cl-crevatini-2021","status":"publish","type":"page","link":"https:\/\/www.koper.si\/it\/comune\/elezioni\/elezioni-anticipate-cl-crevatini-2021\/","title":{"rendered":"Elezioni anticipate \u2013 CL Crevatini 2021"},"content":{"rendered":"<p><section class=\"kc-elm kc-css-208452 kc_row\"><div class=\" container\"><div class=\"row\"><div class=\"kc-elm kc-css-654783 col-12 col-sm-12 column col-12 col-sm-12\"><div class=\"kc-col-container\"><div class=\"kc-elm kc-css-635426 kc_text_block\"><\/p>\n<p>La maggioranza dei membri del Consiglio della CL di Crevatini ha presentato le proprie dimissioni a decorrere dal 2 giugno 2021; in conformit\u00e0 alle disposizioni della Legge sulle elezioni amministrative (Gazzetta Ufficiale della RS nn. 94\/07 \u2013 Sigla: ZLV \u2013 testo consolidato ufficiale 3, 45\/08, 83\/12, 68\/17 e 93\/20 \u2013 Sentenza della CC) la Commissione elettorale comunale e la Commissione elettorale comunale particolare hanno pertanto indetto le elezioni anticipate dei membri del Consiglio della CL di Crevatini, che si terranno il <strong>10 ottobre 2021<\/strong>.<\/p>\n<ul>\n<li><a href=\"https:\/\/www.uradni-list.si\/glasilo-uradni-list-rs\/vsebina\/2021-01-2699\/sklep-o-ponovnem-razpisu-predcasnih-volitev-clanov-sveta-krajevne-skupnosti-hrvatini-crevatini\" target=\"_blank\" rel=\"noopener\" data-saferedirecturl=\"https:\/\/www.google.com\/url?q=https:\/\/www.uradni-list.si\/glasilo-uradni-list-rs\/vsebina\/2021-01-2102\/sklep-o-razpisu-predcasnih-volitev-clanov-sveta-krajevne-skupnosti-hrvatini---crevatini&amp;source=gmail&amp;ust=1624436043621000&amp;usg=AFQjCNHWkSiGgnFyeu4qXU84t_1BLc09KQ\">Indizione delle elezioni anticipate dei membri del Consiglio della Comunit\u00e0 locale Hrvatini \u2013 Crevatini<\/a><\/li>\n<li><a href=\"https:\/\/www.koper.si\/wp-content\/uploads\/2021\/10\/RAZGLAS-final.pdf\" target=\"_blank\" rel=\"noopener\">Proclama<\/a><\/li>\n<\/ul>\n<p>\n<\/div><\/div><\/div><\/div><\/div><\/section><section class=\"kc-elm kc-css-886623 kc_row\"><div class=\" container\"><div class=\"row\"><div class=\"kc-elm kc-css-215025 col-12 col-sm-12 column col-12 col-sm-12\"><div class=\"kc-col-container\">\n<div class=\"kc-elm kc-css-744083 kc-title-wrap \">\n\n\t<h2 class=\"kc_title\">Delibera sulla determinazione dei seggi elettorali e delle rispettive sedi<\/h2>\n<\/div>\n<div class=\"kc-elm kc-css-664425 kc_text_block\"><\/p>\n<ul>\n<li><a href=\"https:\/\/www.koper.si\/wp-content\/uploads\/2021\/08\/03-Delibera-sulla-determinazione-dei-seggi-elettorali.pdf\" target=\"_blank\" rel=\"noopener\">Delibera sulla determinazione dei seggi elettorali e delle rispettive sedi<\/a><\/li>\n<\/ul>\n<p>\n<\/div><\/div><\/div><\/div><\/div><\/section><section class=\"kc-elm kc-css-891345 kc_row\"><div class=\" container\"><div class=\"row\"><div class=\"kc-elm kc-css-304256 col-12 col-sm-12 column col-12 col-sm-12\"><div class=\"kc-col-container\">\n<div class=\"kc-elm kc-css-57074 kc-title-wrap \">\n\n\t<h2 class=\"kc_title\">Normativa<\/h2>\n<\/div>\n<div class=\"kc-elm kc-css-772059 kc_text_block\"><\/p>\n<ul>\n<li><a href=\"http:\/\/www.pisrs.si\/Pis.web\/pregledPredpisa?id=ZAKO308\" target=\"_blank\" rel=\"noopener\" data-saferedirecturl=\"https:\/\/www.google.com\/url?q=http:\/\/www.pisrs.si\/Pis.web\/pregledPredpisa?id%3DZAKO308&#038;source=gmail&#038;ust=1624436043621000&#038;usg=AFQjCNGgCr6XgIEq3hY6YZ-d9ndMEV1yMg\">Legge sulle elezioni amministrative<\/a><\/li>\n<li><a href=\"http:\/\/www.pisrs.si\/Pis.web\/pregledPredpisa?id=ZAKO6607\" target=\"_blank\" rel=\"noopener\" data-saferedirecturl=\"https:\/\/www.google.com\/url?q=http:\/\/www.pisrs.si\/Pis.web\/pregledPredpisa?id%3DZAKO6607&#038;source=gmail&#038;ust=1624436043621000&#038;usg=AFQjCNE-EcVj6Ywt2gHRC4UAFPEhuJtm1Q\">Legge sui registri elettorali<\/a><\/li>\n<li><a href=\"https:\/\/www.koper.si\/wp-content\/uploads\/2019\/08\/STATUT-MOK-NPB-2018.pdf\" target=\"_blank\" rel=\"noopener\" data-saferedirecturl=\"https:\/\/www.google.com\/url?q=https:\/\/www.koper.si\/wp-content\/uploads\/2019\/08\/STATUT-MOK-NPB-2018.pdf&#038;source=gmail&#038;ust=1624436043621000&#038;usg=AFQjCNEeBtYzL6s4N0gvLI5X_x2858tLSg\">Statuto del Comune citt\u00e0 di Capodistria<\/a><\/li>\n<li><a href=\"https:\/\/www.uradni-list.si\/glasilo-uradni-list-rs\/vsebina\/2018-01-2469\/sklep-o-dolocitvi-volilnih-enot-v-krajevnih-skupnostih-mestne-obcine-koper\" target=\"_blank\" rel=\"noopener\" data-saferedirecturl=\"https:\/\/www.google.com\/url?q=https:\/\/www.uradni-list.si\/glasilo-uradni-list-rs\/vsebina\/2018-01-2469\/sklep-o-dolocitvi-volilnih-enot-v-krajevnih-skupnostih-mestne-obcine-koper&#038;source=gmail&#038;ust=1624436043621000&#038;usg=AFQjCNGd2OgQRNSl_8xENKnD_hkcC0IHHQ\">Delibera sulla determinazione dei seggi elettorali nelle comunit\u00e0 locali del Comune citt\u00e0 di Capodistria<\/a><\/li>\n<\/ul>\n<p>\n<\/div><\/div><\/div><\/div><\/div><\/section><section class=\"kc-elm kc-css-207510 kc_row\"><div class=\" container\"><div class=\"row\"><div class=\"kc-elm kc-css-373407 col-12 col-sm-12 column col-12 col-sm-12\"><div class=\"kc-col-container\">\n<div class=\"kc-elm kc-css-610537 kc-title-wrap \">\n\n\t<h2 class=\"kc_title\">Moduli<\/h2>\n<\/div>\n<div data-closeall=\"true\" class=\"kc-elm kc-css-737610 kc_accordion_wrapper\">\r\n    <div class=\"kc-elm kc-css-26569 kc_accordion_section group \"><h3 class=\"kc_accordion_header ui-accordion-header\"><a href=\"#candidature\" data-prevent=\"scroll\"><div class=\"kc-accordion-inner-wrapper\"><span class=\"ui-accordion-header-icon ui-icon\"><\/span><i class=\"\"><\/i> Candidature<\/div><\/a><\/h3><div class=\"kc_accordion_content ui-accordion-content kc_clearfix\"><div class=\"kc-panel-body\"><div class=\"kc-elm kc-css-365091 kc_text_block\"><\/p>\n<ul>\n<li><img decoding=\"async\" class=\"alignnone size-medium\" src=\"https:\/\/www.koper.si\/wp-content\/uploads\/2021\/08\/1-Candidatura-per-le-elezioni-a-membri-della-CL-tramite-sottoscrizione.doc\" alt=\"\" \/><a href=\"https:\/\/www.koper.si\/wp-content\/uploads\/2021\/08\/1-Candidatura-per-le-elezioni-a-membri-della-CL-tramite-sottoscrizione.doc\">Candidatura per le elezioni a membri della CL tramite sottoscrizione<\/a><\/li>\n<li><a href=\"https:\/\/www.koper.si\/wp-content\/uploads\/2021\/08\/2-Consenso-del-candidato-a-membro-del-consiglio-della-CL.doc\">Consenso del candidato a membro del consiglio della CL<\/a><\/li>\n<\/ul>\n<p><img decoding=\"async\" class=\"alignnone size-medium\" src=\"https:\/\/www.koper.si\/wp-content\/uploads\/2021\/08\/2-Consenso-del-candidato-a-membro-del-consiglio-della-CL.doc\" alt=\"\" \/><\/p>\n<p>\n<\/div><\/div><\/div><\/div><div class=\"kc-elm kc-css-882446 kc_accordion_section group \"><h3 class=\"kc_accordion_header ui-accordion-header\"><a href=\"#comitati-elettorali\" data-prevent=\"scroll\"><div class=\"kc-accordion-inner-wrapper\"><span class=\"ui-accordion-header-icon ui-icon\"><\/span><i class=\"\"><\/i> Comitati elettorali<\/div><\/a><\/h3><div class=\"kc_accordion_content ui-accordion-content kc_clearfix\"><div class=\"kc-panel-body\"><div class=\"kc-elm kc-css-349556 kc_text_block\"><\/p>\n<ul>\n<li><a href=\"https:\/\/www.koper.si\/wp-content\/uploads\/2021\/06\/OBRAZEC-predlog-izjava-clani-VO-2021-IT.docx\" target=\"_blank\" rel=\"noopener\">Obrazec \u2013 predlog in izjava<\/a><\/li>\n<li><a href=\"https:\/\/www.koper.si\/wp-content\/uploads\/2021\/06\/Poziv-volilni-odbori-IT.pdf\" target=\"_blank\" rel=\"noopener\">Poziv &#8211; volilni odbori<\/a><\/li>\n<\/ul>\n<p>\n<\/div><\/div><\/div><\/div><div class=\"kc-elm kc-css-854509 kc_accordion_section group \"><h3 class=\"kc_accordion_header ui-accordion-header\"><a href=\"#modalita-di-voto-particolare\" data-prevent=\"scroll\"><div class=\"kc-accordion-inner-wrapper\"><span class=\"ui-accordion-header-icon ui-icon\"><\/span><i class=\"\"><\/i> Modalit\u00e0 di voto particolare<\/div><\/a><\/h3><div class=\"kc_accordion_content ui-accordion-content kc_clearfix\"><div class=\"kc-panel-body\"><div class=\"kc-elm kc-css-46076 kc_text_block\"><\/p>\n<p><strong>Voto anticipato<\/strong><\/p>\n<p>Le votazioni anticipate per tutti gli elettori che domenica, 10 ottobre 2021, saranno assenti dal luogo di residenza permanente (dove sono iscritti nell&#039;elenco elettorale) si terranno <strong>mercoled\u00ec 6 ottobre 2021<\/strong>, e cio\u00e8:<\/p>\n<ul>\n<li>al seggio elettorale n. 901 all&#039;indirizzo <strong>Comune citt\u00e0 di Capodistria, Via Giuseppe Verdi n. 10, Capodistria.<\/strong><\/li>\n<\/ul>\n<p>Il seggio elettorale per il voto anticipato sar\u00e0 aperto <strong>tra le 7.00 e le 19.00<\/strong>.<\/p>\n<p>Preghiamo gli elettori, che intendano partecipare al voto anticipato, di portare con s\u00e9 un documento comprovante la loro identit\u00e0 e l&#039;avviso nel quale \u00e8 indicato il seggio elettorale di appartenenza per le elezioni di domenica, 10 ottobre 2021.<\/p>\n<p>\n<\/div><div class=\"kc-elm kc-css-19888 kc_text_block\"><\/p>\n<p><strong>Voto per corrispondenza<\/strong><\/p>\n<p>Ai sensi dell&#039;articolo 81 della Legge sulle elezioni alla Camera di Stato le persone soggette a detenzione preventiva, le persone detenute in centri penitenziari, ricoverate in ospedale o in strutture di assistenza sociale, possono votare per corrispondenza, se lo comunicano alla Commissione elettorale comunale almeno dieci giorni prima del giorno di votazione, cio\u00e8 entro <strong>gioved\u00ec, 30 settembre 2021. <\/strong>Possono votare per corrispondenza anche i disabili che lo comunicano alla Commissione elettorale circondariale nel termine di cui alla frase precedente e allegano la determina dell&#039;organo competente comprovante lo status di persona disabile.<\/p>\n<p>Gli elettori che sono soggetti alla privazione imprevista della libert\u00e0 ovv. ricoverati in ospedale o in una struttura di assistenza sociale in modo imprevisto o che hanno ricevuto la determina sulla disabilit\u00e0 dopo la scadenza del termine di cui al comma precedente, possono votare per corrispondenza, se lo comunicano alla Commissione elettorale comunale almeno cinque giorni prima del giorno di votazione, e cio\u00e8 entro <strong>luned\u00ec 4 ottobre 2021 <\/strong>e allegano l&#039;attestato richiesto (ad es. certificato o determina).<\/p>\n<p>L&#039;elettore che desidera votare per corrispondenza, deve inoltrare alla Commissione elettorale comunale la richiesta di votare per corrispondenza. La richiesta deve specificare i propri dati personali e l&#039;indirizzo a cui la Commissione elettorale comunale pu\u00f2 inviare il materiale di voto.<\/p>\n<ul>\n<li><a href=\"https:\/\/www.koper.si\/wp-content\/uploads\/2021\/09\/Obrazec-glasovanje-po-posti-ITA.doc\">Voto per corrispondenza<\/a><\/li>\n<\/ul>\n<p>\n<\/div><div class=\"kc-elm kc-css-296342 kc_text_block\"><\/p>\n<p><strong>Voto a domicilio<\/strong><\/p>\n<p>Ai sensi dell&#039;articolo 83 della Legge sulle elezioni amministrative gli elettori che, a causa di malattia, non possono comparire personalmente presso il seggio in cui sono iscritti come elettori, possono votare davanti al comitato elettorale a casa propria. Gli elettori devono inviarne avviso alla Commissione elettorale comunale al pi\u00f9 tardi entro tre giorni prima del giorno delle elezioni.<\/p>\n<p>L&#039;elettore che desidera votare a domicilio deve inviare la richiesta di voto a domicilio alla Commissione elettorale comunale almeno 3 (tre) giorni prima del giorno di voto, cio\u00e8 entro <strong>mercoled\u00ec 6 ottobre 2021<\/strong>. Nella richiesta deve specificare i propri dati personali. Se l&#039;elettore \u00e8 impossibilitato ad inviare la richiesta di voto a domicilio, essa pu\u00f2 venir presentata a suo nome anche da altri membri familiari, da vicini o da persone di fiducia (i quali devono specificare i propri dati personali ed il numero di identificazione del documento di identit\u00e0).<\/p>\n<ul>\n<li><a href=\"https:\/\/www.koper.si\/wp-content\/uploads\/2021\/09\/Obrazec-glasovanje-na-domu.ita-osebno.doc\">Obrazec &#8211; glasovanje na domu (osebno) &#8211; ITA<\/a><\/li>\n<li><a href=\"https:\/\/www.koper.si\/wp-content\/uploads\/2021\/09\/Obrazec-glasovanje-na-domu.ita-druga-oseba.doc\">Obrazec &#8211; glasovanje na domu (druga oseba) &#8211; ITA<\/a><\/li>\n<\/ul>\n<p>\n<\/div><\/div><\/div><\/div><\/div>\r\n<div class=\"kc-elm kc-css-510303 kc_text_block\"><\/p>\n<blockquote>\n<p><strong>Il termine ultimo per la presentazione delle candidature \u00e8 il 9\u02da settembre 2021 entro le 19.00.<\/strong><br \/>L&#039;elenco delle candidature convalidate verr\u00e0 pubblicato entro il 24 settembre 2021.<br \/>Fino al 26 agosto 2021 si sollecita la presentazione di proposte in merito alla nomina del Presidente e dei membri dei comitati elettorali.<\/p>\n<\/blockquote>\n<p>\n<\/div><\/div><\/div><\/div><\/div><\/section><section class=\"kc-elm kc-css-277153 kc_row\"><div class=\" container\"><div class=\"row\"><div class=\"kc-elm kc-css-875731 col-12 col-sm-12 column col-12 col-sm-12\"><div class=\"kc-col-container\">\n<div class=\"kc-elm kc-css-423709 kc-title-wrap \">\n\n\t<h2 class=\"kc_title\">Seje volilnih komisij<\/h2>\n<\/div>\n<div data-closeall=\"true\" class=\"kc-elm kc-css-227500 kc_accordion_wrapper\">\r\n    <div class=\"kc-elm kc-css-31743 kc_accordion_section group \"><h3 class=\"kc_accordion_header ui-accordion-header\"><a href=\"#seje-obcinske-volilne-komisije\" data-prevent=\"scroll\"><div class=\"kc-accordion-inner-wrapper\"><span class=\"ui-accordion-header-icon ui-icon\"><\/span><i class=\"\"><\/i> Seje Ob\u010dinske volilne komisije<\/div><\/a><\/h3><div class=\"kc_accordion_content ui-accordion-content kc_clearfix\"><div class=\"kc-panel-body\"><div class=\"kc-elm kc-css-865564 kc_text_block\"><\/p>\n<ul>\n<li><a href=\"https:\/\/www.koper.si\/wp-content\/uploads\/2020\/11\/00-Vabilo-OVK-10.-seja.pdf\" target=\"_blank\" rel=\"noopener\">10. seja Ob\u010dinske volilne komisije Mestne ob\u010dine Koper<\/a><\/li>\n<li><a href=\"https:\/\/www.koper.si\/wp-content\/uploads\/2020\/11\/00-Vabilo-OVK-11.-seja.pdf\" target=\"_blank\" rel=\"noopener\">11. seja Ob\u010dinske volilne komisije Mestne ob\u010dine Koper<\/a><\/li>\n<li><a href=\"https:\/\/www.koper.si\/wp-content\/uploads\/2020\/11\/2016_09_02_10_25_26.pdf\" target=\"_blank\" rel=\"noopener\">11. seja Ob\u010dinske volilne komisije Mestne ob\u010dine Koper &#8211; Zapisnik o \u017erebanju kandidatov<\/a><\/li>\n<\/ul>\n<p>\n<\/div><\/div><\/div><\/div><div class=\"kc-elm kc-css-460885 kc_accordion_section group \"><h3 class=\"kc_accordion_header ui-accordion-header\"><a href=\"#seje-posebne-obcinske-volilne-komisije\" data-prevent=\"scroll\"><div class=\"kc-accordion-inner-wrapper\"><span class=\"ui-accordion-header-icon ui-icon\"><\/span><i class=\"\"><\/i> Seje Posebne ob\u010dinske volilne komisije<\/div><\/a><\/h3><div class=\"kc_accordion_content ui-accordion-content kc_clearfix\"><div class=\"kc-panel-body\"><div class=\"kc-elm kc-css-966893 kc_text_block\"><\/p>\n<ul>\n<li><a href=\"https:\/\/www.koper.si\/wp-content\/uploads\/2020\/11\/4.-seja-Posebne-ob\u010dinske-volilne-komisije-Mestne-ob\u010dine-Koper.pdf\" target=\"_blank\" rel=\"noopener\">4. seja Posebne ob\u010dinske volilne komisije Mestne ob\u010dine Koper<\/a><\/li>\n<li><a href=\"https:\/\/www.koper.si\/wp-content\/uploads\/2020\/11\/4.-seja-Posebne-ob\u010dinske-volilne-komisije-Mestne-ob\u010dine-Koper-ITA.pdf\" target=\"_blank\" rel=\"noopener\">4. seja Posebne ob\u010dinske volilne komisije Mestne ob\u010dine Koper-ITA<\/a><\/li>\n<li><a href=\"https:\/\/www.koper.si\/wp-content\/uploads\/2020\/11\/5.-seja-Posebne-ob\u010dinske-volilne-komisije-Mestne-ob\u010dine-Koper.pdf\" target=\"_blank\" rel=\"noopener\">5. seja Posebne ob\u010dinske volilne komisije Mestne ob\u010dine Koper<\/a><\/li>\n<\/ul>\n<p>\n<\/div><\/div><\/div><\/div><\/div>\r\n<\/div><\/div><\/div><\/div><\/section><section class=\"kc-elm kc-css-390158 kc_row\"><div class=\" container\"><div class=\"row\"><div class=\"kc-elm kc-css-800584 col-12 col-sm-12 column col-12 col-sm-12\"><div class=\"kc-col-container\">\n<div class=\"kc-elm kc-css-926336 kc-title-wrap \">\n\n\t<h2 class=\"kc_title\">Calendario<\/h2>\n<\/div>\n<div class=\"kc-elm kc-css-68788 kc_text_block\"><\/p>\n<p><a href=\"https:\/\/www.koper.si\/wp-content\/uploads\/2021\/08\/Calendario-Crevatini.pdf\" target=\"_blank\" rel=\"noopener\">Calendario delle operazioni elettorali per le elezioni anticipate dei membri del Consiglio della Comunit\u00e0 locale di Crevatini<\/a><\/p>\n<p>\n<\/div><\/div><\/div><\/div><\/div><\/section><section class=\"kc-elm kc-css-642903 kc_row\"><div class=\" container\"><div class=\"row\"><div class=\"kc-elm kc-css-298668 col-12 col-sm-12 column col-12 col-sm-12\"><div class=\"kc-col-container\">\n<div class=\"kc-elm kc-css-757101 kc-title-wrap \">\n\n\t<h2 class=\"kc_title\">Seznam potrjenih kandidatur<\/h2>\n<\/div>\n<div class=\"kc-elm kc-css-428437 kc_text_block\"><\/p>\n<p><a href=\"https:\/\/www.koper.si\/wp-content\/uploads\/2020\/11\/Javna-objava-kandidatur-pred\u010dasne-volitve-KS-Hrvatini-Crevatini.pdf\" target=\"_blank\" rel=\"noopener\">Javna objava kandidatur &#8211; pred\u010dasne volitve KS Hrvatini &#8211; Crevatini<\/a><\/p>\n<p>\n<\/div><\/div><\/div><\/div><\/div><\/section><section class=\"kc-elm kc-css-22924 kc_row\"><div class=\" container\"><div class=\"row\"><div class=\"kc-elm kc-css-291366 col-12 col-sm-12 column col-12 col-sm-12\"><div class=\"kc-col-container\">\n<div class=\"kc-elm kc-css-994402 kc-title-wrap \">\n\n\t<h2 class=\"kc_title\">Izidi volitev<\/h2>\n<\/div>\n<div data-closeall=\"true\" class=\"kc-elm kc-css-565461 kc_accordion_wrapper\">\r\n    <div class=\"kc-elm kc-css-481964 kc_accordion_section group \"><h3 class=\"kc_accordion_header ui-accordion-header\"><a href=\"#uradni-rezultati\" data-prevent=\"scroll\"><div class=\"kc-accordion-inner-wrapper\"><span class=\"ui-accordion-header-icon ui-icon\"><\/span><i class=\"\"><\/i> Uradni rezultati<\/div><\/a><\/h3><div class=\"kc_accordion_content ui-accordion-content kc_clearfix\"><div class=\"kc-panel-body\"><div class=\"kc-elm kc-css-668788 kc_text_block\"><\/p>\n<div>Poro\u010dilo o izidu pred\u010dasnih volitev<br \/><a href=\"https:\/\/www.koper.si\/wp-content\/uploads\/2020\/11\/Porocilo-Relazione.pdf\" target=\"_blank\" rel=\"noopener\">Porocilo &#8211; Relazione<\/a><\/div>\n<p>\n<\/div><\/div><\/div><\/div><\/div>\r\n<\/div><\/div><\/div><\/div><\/section><section class=\"kc-elm kc-css-365528 kc_row\"><div class=\" container\"><div class=\"row\"><div class=\"kc-elm kc-css-471557 col-12 col-sm-12 column col-12 col-sm-12\"><div class=\"kc-col-container\"><div class=\"kc-elm kc-css-368858 kc_text_block\"><\/p>\n<blockquote>\n<p>La Commissione elettorale comunale e la Commissione elettorale comunale particolare attuano le elezioni anticipate. Per ulteriori informazioni contattare:<\/p>\n<p><strong>Segretario della Commissione elettorale comunale:<\/strong> Alan \u017diberna \u2013 05 6646 396<br \/><strong>Vicesegretario della Commissione elettorale comunale:<\/strong> Miran Ko\u0161penda \u2013 05 6646 231<br \/><strong>Segretario della Commissione elettorale comunale particolare:<\/strong> Ingrid Kozlovi\u010d \u2013 05 6646 238<br \/><strong>Indirizzo e-mail:<\/strong> <a href=\"mailto:volitve@koper.si\" target=\"_blank\" rel=\"noopener\">volitve@koper.si<\/a><\/p>\n<\/blockquote>\n<p>\n<\/div><\/div><\/div><\/div><\/div><\/section><\/p>\n","protected":false},"excerpt":{"rendered":"","protected":false},"author":6,"featured_media":0,"parent":78724,"menu_order":176,"comment_status":"closed","ping_status":"closed","template":"","meta":{"_acf_changed":false,"inline_featured_image":false,"footnotes":""},"class_list":["post-86996","page","type-page","status-publish","hentry"],"acf":[],"_links":{"self":[{"href":"https:\/\/www.koper.si\/it\/wp-json\/wp\/v2\/pages\/86996","targetHints":{"allow":["GET"]}}],"collection":[{"href":"https:\/\/www.koper.si\/it\/wp-json\/wp\/v2\/pages"}],"about":[{"href":"https:\/\/www.koper.si\/it\/wp-json\/wp\/v2\/types\/page"}],"author":[{"embeddable":true,"href":"https:\/\/www.koper.si\/it\/wp-json\/wp\/v2\/users\/6"}],"replies":[{"embeddable":true,"href":"https:\/\/www.koper.si\/it\/wp-json\/wp\/v2\/comments?post=86996"}],"version-history":[{"count":9,"href":"https:\/\/www.koper.si\/it\/wp-json\/wp\/v2\/pages\/86996\/revisions"}],"predecessor-version":[{"id":88851,"href":"https:\/\/www.koper.si\/it\/wp-json\/wp\/v2\/pages\/86996\/revisions\/88851"}],"up":[{"embeddable":true,"href":"https:\/\/www.koper.si\/it\/wp-json\/wp\/v2\/pages\/78724"}],"wp:attachment":[{"href":"https:\/\/www.koper.si\/it\/wp-json\/wp\/v2\/media?parent=86996"}],"curies":[{"name":"wp","href":"https:\/\/api.w.org\/{rel}","templated":true}]}}