{"id":93552,"date":"2022-06-02T11:07:47","date_gmt":"2022-06-02T09:07:47","guid":{"rendered":"https:\/\/www.koper.si\/?page_id=93552"},"modified":"2024-06-17T09:34:34","modified_gmt":"2024-06-17T07:34:34","slug":"tassa-di-soggiorno-e-tassa-forfettaria","status":"publish","type":"page","link":"https:\/\/www.koper.si\/it\/comune\/amministrazione-comunale\/ufficio-economia-agricoltura-e-sviluppo\/tassa-di-soggiorno-e-tassa-forfettaria\/","title":{"rendered":"Tassa di soggiorno e tassa forfettaria"},"content":{"rendered":"<h3>In virt\u00f9 della Legge sulla promozione dello sviluppo del turismo (ZRST-1) (di seguito Legge) e del Decreto sulla tassa di soggiorno e di promozione nel Comune citt\u00e0 di Capodistria (di seguito Decreto) viene applicata la tassa di soggiorno e la tassa di promozione.<\/h3>\n<div id=\"page-wrapper\" class=\"wrapper\">\n<div id=\"content\" class=\"container\" tabindex=\"-1\">\n<div class=\"row\">\n<div class=\"col-12 col-md-9\">\n<article id=\"post-1695\" class=\"main-content post-1695 page type-page status-publish has-post-thumbnail hentry\">\n<div class=\"entry-content\">In base alla Legge e al Decreto, sul territorio del Comune citt\u00e0 di Capodistria sono contribuenti della tassa di soggiorno:<\/p>\n<ul>\n<li>i cittadini della Repubblica di Slovenia e cittadini stranieri che beneficiano dei servizi di pernottamento nelle strutture ricettive nel Comune citt\u00e0 di Capodistria (<strong>tassa di pernottamento<\/strong>);<\/li>\n<li>i proprietari di case e alloggi di villeggiatura (<strong>tassa turistica forfettaria<\/strong>);<\/li>\n<li>i proprietari di imbarcazioni permanentemente ormeggiati nei porti turistici.<\/li>\n<\/ul>\n<p>Per ulteriori informazioni e supporto in riferimento alla tassa di soggiorno contattare il numero telefonico\u00a0<strong>05\/6646-216\u00a0<\/strong>oppure scrivere all\u2019indirizzo email\u00a0<a href=\"mailto:turisticna.taksa@koper.si\">turisticna.taksa@koper.si<\/a>.<\/p>\n<p>&nbsp;<\/p>\n<p><strong>Basi legali:<\/strong><\/p>\n<ol>\n<li>Decreto sulla tassa di soggiorno e di promozione nel Comune citt\u00e0 di Capodistria (Gazzetta ufficiale della RS, n. 41\/2018):\u00a0<a href=\"https:\/\/www.uradni-list.si\/glasilo-uradni-list-rs\/vsebina?urlurid=20182087\" target=\"_blank\" rel=\"noopener noreferrer\">https:\/\/www.uradni-list.si\/glasilo-uradni-list-rs\/vsebina?urlurid=20182087<\/a><\/li>\n<li>Legge sulla promozione dello sviluppo del turismo (ZSRT-1) (Gazzetta ufficiale della RS, n. 13\/18:\u00a0<a href=\"https:\/\/www.uradni-list.si\/glasilo-uradni-list-rs\/vsebina\/2018-01-0541\/zakon-o-spodbujanju-razvoja-turizma-zsrt-1\" target=\"_blank\" rel=\"noopener noreferrer\">https:\/\/www.uradni-list.si\/glasilo-uradni-list-rs\/vsebina\/2018-01-0541\/zakon-o-spodbujanju-razvoja-turizma-zsrt-1<\/a><\/li>\n<\/ol>\n<p><strong>\u00a0<\/strong><\/p>\n<h2>Tassa di pernottamento<\/h2>\n<p><strong>L&#8217;importo della tassa turistica a partire dal 1. 1. 2024 \u00e8:<\/strong><\/p>\n<ul>\n<li>EUR 2,50 a persona\/giorno \u2192 tassa di soggiorno completa (EUR 2,00 \u20ac a persona\/giorno) + tassa di promozione (25 % della tassa di soggiorno = 0,50 \u20ac a persona\/giorno),<\/li>\n<li>EUR 1,25 a persona\/giorno\u2192 tassa di soggiorno dimezzata (EUR 1,00 \u20ac a persona\/giorno) + tassa di promozione (25 % della tassa di soggiorno = 0,25 \u20ac a persona\/giorno).<\/li>\n<\/ul>\n<p>In base all\u2019articolo 21 della Legge sulla promozione dello sviluppo del turismo e all\u2019articolo 7 del Decreto, i fornitori di servizi di pernottamento\u00a0<strong>sono obbligati a versare<\/strong>\u00a0la tassa di soggiorno riscossa su un conto corrente apposito del Comune citt\u00e0 di Capodistria\u00a0<strong>fino al 25\u00b0 giorno del mese per il mese passato:<\/strong><\/p>\n<p><strong>IBAN: SI56 0125 0845 2057 807 (Banka Slovenije)<br \/>\nSKLIC: SI19 codice fiscale fornitore \u2013 07129<\/strong><\/p>\n<p><strong>Base giuridica:<\/strong><\/p>\n<ol>\n<li>Decreto sulla tassa turistica e promozionale nel Comune di Capodistria (Gazzetta Ufficiale della RS, n.77\/2023) &#8211;\u00a0 <a href=\"https:\/\/zakonodaja.ulinfotok.si\/glasilo-uradni-list-rs\/vsebina\/2023-01-2451\/odlok-o-spremembah-in-dopolnitvah-odloka-o-turisticni-in-promocijski-taksi-v-mestni-obcini-koper\" target=\"_blank\" rel=\"noopener\">Uradni list RS, \u0161t. 77\/2023<\/a>)<\/li>\n<\/ol>\n<h3>Esenzione dal pagamento della tassa di soggiorno:<\/h3>\n<p>ZSRT-1 prevede anche l\u2019esenzione dal pagamento totale o della met\u00e0 della tassa di soggiorno (e conseguentemente della tassa di promozione). Le esenzioni sono definite nell\u2019articolo 18 del ZSRT-1 (<a href=\"https:\/\/www.uradni-list.si\/glasilo-uradni-list-rs\/vsebina\/2018-01-0541\/zakon-o-spodbujanju-razvoja-turizma-zsrt-1\" target=\"_blank\" rel=\"noopener noreferrer\">https:\/\/www.uradni-list.si\/glasilo-uradni-list-rs\/vsebina\/2018-01-0541\/zakon-o-spodbujanju-razvoja-turizma-zsrt-1<\/a>).<\/p>\n<p>&nbsp;<\/p>\n<h2>Tassa di soggiorno forfettaria<\/h2>\n<p>In virt\u00f9 dell\u2019articolo 4 del Decreto i forfait annui della tassa di soggiorno commisurata ai proprietari di case e alloggi di villeggiatura ammontano rispettivamente a:<\/p>\n<ul>\n<li><strong>per case e alloggi della superficie fino a<\/strong><strong>\u00a030 m<sup>2<\/sup>:\u00a090,00 EUR,<\/strong><\/li>\n<li><strong>per case e alloggi della superficie oltre\u00a0<\/strong><strong>30 e fino a 50 m<sup>2<\/sup>: 135,00 EUR,<\/strong><\/li>\n<li><strong>per case e alloggi della superficie oltre\u00a0<\/strong><strong>50 e fino a 70 m<sup>2<\/sup>: 180,00 EUR,<\/strong><\/li>\n<li><strong>per case e alloggi della superficie oltre\u00a0<\/strong><strong>70 e fino a 90 m<sup>2<\/sup>: 225,00 EUR,<\/strong><\/li>\n<li><strong>per case e alloggi della superficie oltre\u00a0<\/strong><strong>90 m<sup>2<\/sup>: 270,00 EUR.<\/strong><\/li>\n<\/ul>\n<p>In base all\u2019articolo 6 del Decreto sono\u00a0<strong>esentati<\/strong>\u00a0dal pagamento della tassa di soggiorno:<\/p>\n<ul>\n<li>i contribuenti la cui casa o alloggio di villeggiatura risultino inadatti all\u2019abitazione ovvero al pernottamento (ad es. ruderi, abitazioni in ricostruzione o ristrutturazione); i contribuenti sono tenuti a comprovare lo stato dell\u2019abitazione con appropriato materiale fotografico o permessi\/documenti, ovvero in base al sopralluogo dell\u2019immobile, effettuato su richiesta del contribuente;<\/li>\n<li>i contribuenti che nel singolo anno hanno ceduto la casa o l\u2019alloggio in affitto per il quale viene commisurata la tassa di soggiorno forfettaria. In tal caso i contribuenti sono tenuti a presentare copia del modulo della dichiarazione del reddito da locazione di immobili e della ricevuta sull\u2019avvenuta presentazione della medesima dichiarazione all\u2019Amministrazione finanziaria della Repubblica di Slovenia, nonch\u00e9 la notifica della registrazione del domicilio del locatario all\u2019indirizzo della casa o alloggio di villeggiatura in oggetto;<\/li>\n<li>i proprietari di case o alloggi di villeggiatura oppure di imbarcazioni permanentemente ormeggiati nei porti turistici, i quali abbiano residenza nel territorio del Comune citt\u00e0 di Capodistria.<\/li>\n<\/ul>\n<p>I contribuenti versano la tassa di soggiorno su un conto corrente apposito, specificato nella decisione pervenuta ed entro i termini definiti dal ZRST-1, ovvero entro il termine specificato nella decisione.<\/p>\n<p>Nei casi in cui il contribuente diventi proprietario di una casa o un alloggio di villeggiatura nel corso dell\u2019anno, gli viene addebitata la parte proporzionale della somma forfettaria della tassa di soggiorno.<\/p>\n<h4><strong>Ricorso relativo alla commisurazione della tassa di soggiorno forfettaria<\/strong><\/h4>\n<p>I contribuenti <strong>che hanno ricevuto la determina<\/strong> sulla commisurazione della tassa di soggiorno forfettaria, possono presentare ricorso a seguito del procedimento e nel termine di cui alla determina. Il ricorso va presentato ai sensi delle disposizioni che regolano il procedimento amministrativo, bisogna pagare la tassa amministrativa nell\u2019ammontare di 18,10 EURO. Il ricorso va presentato personalmente all\u2019Ufficio protocollo del Comune citt\u00e0 di Capodistria. La tassa amministrativa pu\u00f2 essere pagata in contanti o con la carta di credito. \u00c8 possibile pagare la tassa amministrativa anche con bonifico bancario, e cio\u00e8 con i seguenti dati:<\/p>\n<p><strong>Dati relativi al ricevente<\/strong><br \/>\nComune citt\u00e0 di Capodistria<br \/>\nVia Giuseppe Verdi n. 10<br \/>\n6000 Capodistria<\/p>\n<p><strong>BIC<\/strong><br \/>\nBSLJSI2X<\/p>\n<p><strong>Codice di destinazione<\/strong><br \/>\nGOVT<\/p>\n<p><strong>Destinazione<\/strong><br \/>\nNome e cognome del contribuente al pagamento della tassa amministrative con la dicitura \u201cRicorso TSFA\u201d. Se il contribuente non \u00e8 chi paga la tassa, indicare il nome del contribuente!<\/p>\n<p><strong>CC:<\/strong> SI56 0125 0450 0309 138<\/p>\n<p><strong>RIFERIMENTO:<\/strong> SI11 75493-7111002-<em>NUMERO DELLA DETERMINA*<\/em><\/p>\n<p>* Il numero della determina \u00e8 indicato sotto la testata del documento (Oggetto:) in forma <em>423-numero progressivo\/anno <\/em>(es. 423-1\/2022-1, 423-1111\/2022-1 ecc.) Come riferimento indicare il numero della determina in forma 423<em>n.determina, <\/em>quindi senza l\u2019anno. Esempio di riferimento per la determina 423-1\/2022: 11 75493-7111002-4231, per la determina: 423-11\/2022: 11 75493-7111002-42311, per la determina 423-111\/2022: 11 75493-7111002-423111, per la determina: 423-1111\/2022 invece 11 75493-7111002-4231111.<\/p>\n<p>Esempio di un ordine di pagamento (UPN) correttamente compilato per il pagamento della tassa amministrativa per la determina n. 423-100\/2022:<\/p>\n<h2><a href=\"https:\/\/www.koper.si\/wp-content\/uploads\/2022\/06\/UPN_LPTT_ITA.png\"><img loading=\"lazy\" decoding=\"async\" class=\"alignnone wp-image-93816 size-full\" src=\"https:\/\/www.koper.si\/wp-content\/uploads\/2022\/06\/UPN_LPTT_ITA.png\" alt=\"\" width=\"939\" height=\"464\" srcset=\"https:\/\/www.koper.si\/wp-content\/uploads\/2022\/06\/UPN_LPTT_ITA.png 939w, https:\/\/www.koper.si\/wp-content\/uploads\/2022\/06\/UPN_LPTT_ITA-768x380.png 768w\" sizes=\"auto, (max-width: 939px) 100vw, 939px\" \/><\/a><\/h2>\n<h2>Proprietari di imbarcazioni permanentemente ormeggiati nei porti turistici<\/h2>\n<p>In virt\u00f9 dell\u2019articolo 10 del Decreto, l\u2019amministratore del porto turistico ha il dovere di riscuotere, a nome e per conto del comune, la tassa di soggiorno dai proprietari dei natanti \u2013 soggetti passivi della tassa di soggiorno forfettaria annua.<\/p>\n<p>I forfait annui di soggiorno commisurati ai proprietari di imbarcazioni permanentemente ormeggiati nei porti turistici ammontano rispettivamente a:<\/p>\n<ul>\n<li><strong>per imbarcazioni dalla lunghezza fino a 8 m: EUR 30,00,<\/strong><\/li>\n<li><strong>per imbarcazioni dalla lunghezza da 8 m a 12 m: EUR 60,00,<\/strong><\/li>\n<li><strong>per imbarcazioni dalla lunghezza oltre a 12 m: EUR 90,00.<\/strong><\/li>\n<\/ul>\n<p>L\u2019amministratore del porto turistico che stipula i contratti di affitto degli ormeggi nel porto turistico con i proprietari delle imbarcazioni ha l\u2019obbligo di trasmettere al comune, entro e non oltre il 28 febbraio di ogni anno (es. 28 febbraio 2020 per l\u2019anno 2019), i dati sui contratti stipulati per l\u2019anno precedente (nominativo, indirizzo di residenza e codice fiscale del proprietario del natante, lunghezza del natante e periodo di affitto dell\u2019ormeggio permanente nel porto turistico). In base a tale dati il comune rilascia all\u2019amministratore del porto un atto amministrativo congiunto per il pagamento della tassa di soggiorno. I predetti dati serviranno al comune anche per la predisposizione e la tenuta del registro dei proprietari di natanti.<\/p>\n<p>&nbsp;<\/p>\n<h3>Ulteriori informazioni:<\/h3>\n<ol>\n<li>eTurizem:\u00a0<a href=\"https:\/\/www.ajpes.si\/eTurizem\" target=\"_blank\" rel=\"noopener noreferrer\">https:\/\/www.ajpes.si\/eTurizem<\/a>;<\/li>\n<li>App Tassa di soggiorno:\u00a0<a href=\"http:\/\/www.ttaksa.si\/\" target=\"_blank\" rel=\"noopener noreferrer\">www.ttaksa.si<\/a>;<\/li>\n<li>Registro delle strutture ricettive:<br \/>\n<a href=\"https:\/\/www.ajpes.si\/Registri\/Drugi_registri\/Register_nastanitvenih_obratov\/Splosno\" target=\"_blank\" rel=\"noopener noreferrer\">https:\/\/www.ajpes.si\/Registri\/Drugi_registri\/Register_nastanitvenih_obratov\/Splosno<\/a>;<\/li>\n<\/ol>\n<ol start=\"4\">\n<li>Notifica dei dati degli ospiti e dei pernottamenti:<br \/>\n<a href=\"https:\/\/www.ajpes.si\/Statistike\/Porocanje_o_gostih_in_prenocitvah\/Splosno\" target=\"_blank\" rel=\"noopener noreferrer\">https:\/\/www.ajpes.si\/Statistike\/Porocanje_o_gostih_in_prenocitvah\/Splosno<\/a>;<\/li>\n<\/ol>\n<ol start=\"5\">\n<li>Iscrizione dei fornitori dei servizi di pernottamento nel registro::<br \/>\n<a href=\"https:\/\/www.ajpes.si\/Registracija\/Vpis_sobodajalca\/Splosno#b427\" target=\"_blank\" rel=\"noopener noreferrer\">https:\/\/www.ajpes.si\/Registracija\/Vpis_sobodajalca\/Splosno#b427<\/a><\/li>\n<\/ol>\n<\/div>\n<\/article>\n<p>&nbsp;<\/p>\n<\/div>\n<\/div>\n<\/div>\n<\/div>\n","protected":false},"excerpt":{"rendered":"<p>In virt\u00f9 della Legge sulla promozione dello sviluppo del turismo (ZRST-1) (di seguito Legge) e del Decreto sulla tassa di soggiorno e di promozione nel Comune citt\u00e0 di Capodistria (di seguito Decreto) viene applicata la tassa di soggiorno e la tassa di promozione. In base alla Legge e al Decreto, sul territorio del Comune citt\u00e0<\/p>\n","protected":false},"author":17,"featured_media":0,"parent":88214,"menu_order":91,"comment_status":"closed","ping_status":"closed","template":"","meta":{"_acf_changed":false,"inline_featured_image":false,"footnotes":""},"class_list":["post-93552","page","type-page","status-publish","hentry"],"acf":[],"_links":{"self":[{"href":"https:\/\/www.koper.si\/it\/wp-json\/wp\/v2\/pages\/93552","targetHints":{"allow":["GET"]}}],"collection":[{"href":"https:\/\/www.koper.si\/it\/wp-json\/wp\/v2\/pages"}],"about":[{"href":"https:\/\/www.koper.si\/it\/wp-json\/wp\/v2\/types\/page"}],"author":[{"embeddable":true,"href":"https:\/\/www.koper.si\/it\/wp-json\/wp\/v2\/users\/17"}],"replies":[{"embeddable":true,"href":"https:\/\/www.koper.si\/it\/wp-json\/wp\/v2\/comments?post=93552"}],"version-history":[{"count":7,"href":"https:\/\/www.koper.si\/it\/wp-json\/wp\/v2\/pages\/93552\/revisions"}],"predecessor-version":[{"id":106221,"href":"https:\/\/www.koper.si\/it\/wp-json\/wp\/v2\/pages\/93552\/revisions\/106221"}],"up":[{"embeddable":true,"href":"https:\/\/www.koper.si\/it\/wp-json\/wp\/v2\/pages\/88214"}],"wp:attachment":[{"href":"https:\/\/www.koper.si\/it\/wp-json\/wp\/v2\/media?parent=93552"}],"curies":[{"name":"wp","href":"https:\/\/api.w.org\/{rel}","templated":true}]}}